{"id":11077,"date":"2020-06-11T01:03:23","date_gmt":"2020-06-11T08:03:23","guid":{"rendered":"https:\/\/aurora.edu.vn\/?page_id=11077"},"modified":"2020-06-11T01:03:23","modified_gmt":"2020-06-11T08:03:23","slug":"graphic-design","status":"publish","type":"page","link":"https:\/\/aurora.edu.vn\/en\/education-program\/department-of-technical-education\/graphic-design\/","title":{"rendered":"Graphic Design"},"content":{"rendered":"<p><strong>GRAPHIC DESIGN<\/strong><\/p>\n<p><strong>Major code<\/strong>: 6210402<\/p>\n<p><strong>Degree<\/strong>: College<\/p>\n<p><strong>Training mode:\u00a0<\/strong>Full time<\/p>\n<p><strong>Enrollment requirements<\/strong>: student must hold at least a Secondary school Certificate of Completion or equivalent level.<\/p>\n<p><strong>Training duration:\u00a0<\/strong>04 years<\/p>\n<p><strong>Core curriculum:\u00a0<\/strong><a href=\"https:\/\/aurora.edu.vn\/wp-content\/uploads\/2020\/06\/CT-TK%C4%90H.pdf\">CT-TK\u0110H<\/a><\/p>\n<ol>\n<li><strong> Training objectives\u00a0<\/strong><\/li>\n<\/ol>\n<p><strong>Knowledge:\u00a0<\/strong>Students are able to<\/p>\n<ul>\n<li>Present design ideas and publishing of graphic products: Catalog \/ Brochure \/ Album \/ Poster \/ Web site \/ CD Intro&#8230;<\/li>\n<li>Design analysis \/ scenario building \/ character building and good use of multimedia graphics tools.<\/li>\n<li>Describe the management of one or more systems of information technology projects in the field of graphics.<\/li>\n<\/ul>\n<p><strong>Skills:\u00a0<\/strong>Students are able to<\/p>\n<ul>\n<li>Proficient in graphic software such as: Photoshop \/ Illustrator \/ Corel Draw&#8230;<\/li>\n<li>Graphic design in Web programming languages such as HTML \/ DHTML \/ Java Script \/ CSS \/ PHP \/ My SQL.<\/li>\n<li>Design multimedia websites such as Media \/ Flash.<\/li>\n<li>Proficiency in multimedia software and web design such as Macromedia Dreamweaver \/ Macromedia Flash \/ 3D Max&#8230;<\/li>\n<li>Fluent in written software such as InDesign.<\/li>\n<li>Design and create graphic image processing products such as photo album\/photo restoration\/ photo technique &#8230; Advertising products such as Poster \/ Brochure \/ Catalog \/ Magazine&#8230;<\/li>\n<li>Designed to build websites that operate in the areas of personal referral\/advertising\/ sales \/ information \/ education&#8230;<\/li>\n<\/ul>\n<ol start=\"2\">\n<li><strong> Job opportunity after graduation:<\/strong><\/li>\n<\/ol>\n<ul>\n<li>Working in the related arts such as advertising \/ fashion design;<\/li>\n<li>Working in companies \/ agencies \/ organizations that publish books \/ magazines;<\/li>\n<li>Website design \/ Websites;<\/li>\n<li>Can work at agencies \/ companies involved in the use \/ exploitation of multimedia technology.<\/li>\n<\/ul>\n<p>&nbsp;<\/p>\n","protected":false},"excerpt":{"rendered":"<p>GRAPHIC DESIGN Major code: 6210402 Degree: College Training mode:\u00a0Full time Enrollment requirements: student must hold at least a Secondary school Certificate of Completion or equivalent level. Training duration:\u00a004 years Core curriculum:\u00a0CT-TK\u0110H Training objectives\u00a0 Knowledge:\u00a0Students are able to Present design ideas and publishing of graphic products: Catalog \/ Brochure \/ Album \/ Poster \/ Web site [&#8230;]\n","protected":false},"author":10,"featured_media":0,"parent":8425,"menu_order":0,"comment_status":"closed","ping_status":"closed","template":"","meta":{"footnotes":""},"class_list":["post-11077","page","type-page","status-publish","hentry"],"yoast_head":"<!-- This site is optimized with the Yoast SEO plugin v27.3 - https:\/\/yoast.com\/product\/yoast-seo-wordpress\/ -->\n<title>Graphic Design - Cao \u0111\u1eb3ng B\u00ecnh Minh S\u00e0i G\u00f2n<\/title>\n<meta name=\"robots\" content=\"index, follow, max-snippet:-1, max-image-preview:large, max-video-preview:-1\" \/>\n<link rel=\"canonical\" href=\"https:\/\/aurora.edu.vn\/en\/education-program\/department-of-technical-education\/graphic-design\/\" \/>\n<meta property=\"og:locale\" content=\"en_US\" \/>\n<meta property=\"og:type\" content=\"article\" \/>\n<meta property=\"og:title\" content=\"Graphic Design - Cao \u0111\u1eb3ng B\u00ecnh Minh S\u00e0i G\u00f2n\" \/>\n<meta property=\"og:description\" content=\"GRAPHIC DESIGN Major code: 6210402 Degree: College Training mode:\u00a0Full time Enrollment requirements: student must hold at least a Secondary school Certificate of Completion or equivalent level. Training duration:\u00a004 years Core curriculum:\u00a0CT-TK\u0110H Training objectives\u00a0 Knowledge:\u00a0Students are able to Present design ideas and publishing of graphic products: Catalog \/ Brochure \/ Album \/ Poster \/ Web site [...]\" \/>\n<meta property=\"og:url\" content=\"https:\/\/aurora.edu.vn\/en\/education-program\/department-of-technical-education\/graphic-design\/\" \/>\n<meta property=\"og:site_name\" content=\"Cao \u0111\u1eb3ng B\u00ecnh Minh S\u00e0i G\u00f2n\" \/>\n<meta property=\"article:publisher\" content=\"https:\/\/www.facebook.com\/aurora.edu.vn\" \/>\n<meta name=\"twitter:card\" content=\"summary_large_image\" \/>\n<meta name=\"twitter:label1\" content=\"Est. reading time\" \/>\n\t<meta name=\"twitter:data1\" content=\"1 minute\" \/>\n<script type=\"application\/ld+json\" class=\"yoast-schema-graph\">{\"@context\":\"https:\\\/\\\/schema.org\",\"@graph\":[{\"@type\":\"WebPage\",\"@id\":\"https:\\\/\\\/aurora.edu.vn\\\/en\\\/education-program\\\/department-of-technical-education\\\/graphic-design\\\/\",\"url\":\"https:\\\/\\\/aurora.edu.vn\\\/en\\\/education-program\\\/department-of-technical-education\\\/graphic-design\\\/\",\"name\":\"Graphic Design - Cao \u0111\u1eb3ng B\u00ecnh Minh S\u00e0i G\u00f2n\",\"isPartOf\":{\"@id\":\"https:\\\/\\\/aurora.edu.vn\\\/#website\"},\"datePublished\":\"2020-06-11T08:03:23+00:00\",\"breadcrumb\":{\"@id\":\"https:\\\/\\\/aurora.edu.vn\\\/en\\\/education-program\\\/department-of-technical-education\\\/graphic-design\\\/#breadcrumb\"},\"inLanguage\":\"en-US\",\"potentialAction\":[{\"@type\":\"ReadAction\",\"target\":[\"https:\\\/\\\/aurora.edu.vn\\\/en\\\/education-program\\\/department-of-technical-education\\\/graphic-design\\\/\"]}]},{\"@type\":\"BreadcrumbList\",\"@id\":\"https:\\\/\\\/aurora.edu.vn\\\/en\\\/education-program\\\/department-of-technical-education\\\/graphic-design\\\/#breadcrumb\",\"itemListElement\":[{\"@type\":\"ListItem\",\"position\":1,\"name\":\"Home\",\"item\":\"https:\\\/\\\/aurora.edu.vn\\\/\"},{\"@type\":\"ListItem\",\"position\":2,\"name\":\"Academics\",\"item\":\"https:\\\/\\\/aurora.edu.vn\\\/en\\\/education-program\\\/\"},{\"@type\":\"ListItem\",\"position\":3,\"name\":\"College 9+\",\"item\":\"https:\\\/\\\/aurora.edu.vn\\\/en\\\/education-program\\\/department-of-technical-education\\\/\"},{\"@type\":\"ListItem\",\"position\":4,\"name\":\"Graphic Design\"}]},{\"@type\":\"WebSite\",\"@id\":\"https:\\\/\\\/aurora.edu.vn\\\/#website\",\"url\":\"https:\\\/\\\/aurora.edu.vn\\\/\",\"name\":\"Cao \u0111\u1eb3ng B\u00ecnh Minh S\u00e0i G\u00f2n\",\"description\":\"H\u1ec7 th\u1ed1ng Gi\u00e1o d\u1ee5c H\u00f9ng H\u1eadu\",\"publisher\":{\"@id\":\"https:\\\/\\\/aurora.edu.vn\\\/#organization\"},\"potentialAction\":[{\"@type\":\"SearchAction\",\"target\":{\"@type\":\"EntryPoint\",\"urlTemplate\":\"https:\\\/\\\/aurora.edu.vn\\\/?s={search_term_string}\"},\"query-input\":{\"@type\":\"PropertyValueSpecification\",\"valueRequired\":true,\"valueName\":\"search_term_string\"}}],\"inLanguage\":\"en-US\"},{\"@type\":\"Organization\",\"@id\":\"https:\\\/\\\/aurora.edu.vn\\\/#organization\",\"name\":\"Tr\u01b0\u1eddng Cao \u0111\u1eb3ng B\u00ecnh Minh S\u00e0i G\u00f2n\",\"url\":\"https:\\\/\\\/aurora.edu.vn\\\/\",\"logo\":{\"@type\":\"ImageObject\",\"inLanguage\":\"en-US\",\"@id\":\"https:\\\/\\\/aurora.edu.vn\\\/#\\\/schema\\\/logo\\\/image\\\/\",\"url\":\"https:\\\/\\\/aurora.edu.vn\\\/wp-content\\\/uploads\\\/2018\\\/02\\\/Aurora-logo.png\",\"contentUrl\":\"https:\\\/\\\/aurora.edu.vn\\\/wp-content\\\/uploads\\\/2018\\\/02\\\/Aurora-logo.png\",\"width\":450,\"height\":338,\"caption\":\"Tr\u01b0\u1eddng Cao \u0111\u1eb3ng B\u00ecnh Minh S\u00e0i G\u00f2n\"},\"image\":{\"@id\":\"https:\\\/\\\/aurora.edu.vn\\\/#\\\/schema\\\/logo\\\/image\\\/\"},\"sameAs\":[\"https:\\\/\\\/www.facebook.com\\\/aurora.edu.vn\"]}]}<\/script>\n<!-- \/ Yoast SEO plugin. -->","yoast_head_json":{"title":"Graphic Design - Cao \u0111\u1eb3ng B\u00ecnh Minh S\u00e0i G\u00f2n","robots":{"index":"index","follow":"follow","max-snippet":"max-snippet:-1","max-image-preview":"max-image-preview:large","max-video-preview":"max-video-preview:-1"},"canonical":"https:\/\/aurora.edu.vn\/en\/education-program\/department-of-technical-education\/graphic-design\/","og_locale":"en_US","og_type":"article","og_title":"Graphic Design - Cao \u0111\u1eb3ng B\u00ecnh Minh S\u00e0i G\u00f2n","og_description":"GRAPHIC DESIGN Major code: 6210402 Degree: College Training mode:\u00a0Full time Enrollment requirements: student must hold at least a Secondary school Certificate of Completion or equivalent level. Training duration:\u00a004 years Core curriculum:\u00a0CT-TK\u0110H Training objectives\u00a0 Knowledge:\u00a0Students are able to Present design ideas and publishing of graphic products: Catalog \/ Brochure \/ Album \/ Poster \/ Web site [...]","og_url":"https:\/\/aurora.edu.vn\/en\/education-program\/department-of-technical-education\/graphic-design\/","og_site_name":"Cao \u0111\u1eb3ng B\u00ecnh Minh S\u00e0i G\u00f2n","article_publisher":"https:\/\/www.facebook.com\/aurora.edu.vn","twitter_card":"summary_large_image","twitter_misc":{"Est. reading time":"1 minute"},"schema":{"@context":"https:\/\/schema.org","@graph":[{"@type":"WebPage","@id":"https:\/\/aurora.edu.vn\/en\/education-program\/department-of-technical-education\/graphic-design\/","url":"https:\/\/aurora.edu.vn\/en\/education-program\/department-of-technical-education\/graphic-design\/","name":"Graphic Design - Cao \u0111\u1eb3ng B\u00ecnh Minh S\u00e0i G\u00f2n","isPartOf":{"@id":"https:\/\/aurora.edu.vn\/#website"},"datePublished":"2020-06-11T08:03:23+00:00","breadcrumb":{"@id":"https:\/\/aurora.edu.vn\/en\/education-program\/department-of-technical-education\/graphic-design\/#breadcrumb"},"inLanguage":"en-US","potentialAction":[{"@type":"ReadAction","target":["https:\/\/aurora.edu.vn\/en\/education-program\/department-of-technical-education\/graphic-design\/"]}]},{"@type":"BreadcrumbList","@id":"https:\/\/aurora.edu.vn\/en\/education-program\/department-of-technical-education\/graphic-design\/#breadcrumb","itemListElement":[{"@type":"ListItem","position":1,"name":"Home","item":"https:\/\/aurora.edu.vn\/"},{"@type":"ListItem","position":2,"name":"Academics","item":"https:\/\/aurora.edu.vn\/en\/education-program\/"},{"@type":"ListItem","position":3,"name":"College 9+","item":"https:\/\/aurora.edu.vn\/en\/education-program\/department-of-technical-education\/"},{"@type":"ListItem","position":4,"name":"Graphic Design"}]},{"@type":"WebSite","@id":"https:\/\/aurora.edu.vn\/#website","url":"https:\/\/aurora.edu.vn\/","name":"Cao \u0111\u1eb3ng B\u00ecnh Minh S\u00e0i G\u00f2n","description":"H\u1ec7 th\u1ed1ng Gi\u00e1o d\u1ee5c H\u00f9ng H\u1eadu","publisher":{"@id":"https:\/\/aurora.edu.vn\/#organization"},"potentialAction":[{"@type":"SearchAction","target":{"@type":"EntryPoint","urlTemplate":"https:\/\/aurora.edu.vn\/?s={search_term_string}"},"query-input":{"@type":"PropertyValueSpecification","valueRequired":true,"valueName":"search_term_string"}}],"inLanguage":"en-US"},{"@type":"Organization","@id":"https:\/\/aurora.edu.vn\/#organization","name":"Tr\u01b0\u1eddng Cao \u0111\u1eb3ng B\u00ecnh Minh S\u00e0i G\u00f2n","url":"https:\/\/aurora.edu.vn\/","logo":{"@type":"ImageObject","inLanguage":"en-US","@id":"https:\/\/aurora.edu.vn\/#\/schema\/logo\/image\/","url":"https:\/\/aurora.edu.vn\/wp-content\/uploads\/2018\/02\/Aurora-logo.png","contentUrl":"https:\/\/aurora.edu.vn\/wp-content\/uploads\/2018\/02\/Aurora-logo.png","width":450,"height":338,"caption":"Tr\u01b0\u1eddng Cao \u0111\u1eb3ng B\u00ecnh Minh S\u00e0i G\u00f2n"},"image":{"@id":"https:\/\/aurora.edu.vn\/#\/schema\/logo\/image\/"},"sameAs":["https:\/\/www.facebook.com\/aurora.edu.vn"]}]}},"_links":{"self":[{"href":"https:\/\/aurora.edu.vn\/en\/wp-json\/wp\/v2\/pages\/11077","targetHints":{"allow":["GET"]}}],"collection":[{"href":"https:\/\/aurora.edu.vn\/en\/wp-json\/wp\/v2\/pages"}],"about":[{"href":"https:\/\/aurora.edu.vn\/en\/wp-json\/wp\/v2\/types\/page"}],"author":[{"embeddable":true,"href":"https:\/\/aurora.edu.vn\/en\/wp-json\/wp\/v2\/users\/10"}],"replies":[{"embeddable":true,"href":"https:\/\/aurora.edu.vn\/en\/wp-json\/wp\/v2\/comments?post=11077"}],"version-history":[{"count":1,"href":"https:\/\/aurora.edu.vn\/en\/wp-json\/wp\/v2\/pages\/11077\/revisions"}],"predecessor-version":[{"id":11079,"href":"https:\/\/aurora.edu.vn\/en\/wp-json\/wp\/v2\/pages\/11077\/revisions\/11079"}],"up":[{"embeddable":true,"href":"https:\/\/aurora.edu.vn\/en\/wp-json\/wp\/v2\/pages\/8425"}],"wp:attachment":[{"href":"https:\/\/aurora.edu.vn\/en\/wp-json\/wp\/v2\/media?parent=11077"}],"curies":[{"name":"wp","href":"https:\/\/api.w.org\/{rel}","templated":true}]}}