{"id":11269,"date":"2018-01-29T16:43:24","date_gmt":"2018-01-29T23:43:24","guid":{"rendered":"https:\/\/aurora.edu.vn\/education-program\/department-of-economics\/cong-nghe-thong-tin\/"},"modified":"2020-06-15T20:22:13","modified_gmt":"2020-06-16T03:22:13","slug":"information-technology","status":"publish","type":"page","link":"https:\/\/aurora.edu.vn\/en\/department-of-economics\/information-technology\/","title":{"rendered":"Information Technology"},"content":{"rendered":"<p><strong>INFORMATION TECHNOLOGY: Software Engineering <img loading=\"lazy\" decoding=\"async\" class=\" wp-image-10470 alignright\" src=\"https:\/\/aurora.edu.vn\/wp-content\/uploads\/2020\/04\/cong-nghe-thong-tin-1580207081429.jpg\" alt=\"\" width=\"505\" height=\"323\" \/><\/strong><\/p>\n<p><strong>Major code:\u00a0<\/strong>6480201<\/p>\n<p><strong>Degree<\/strong>: College<\/p>\n<p><strong>Training mode:<\/strong>\u00a0Full time<\/p>\n<p><strong>Enrollment requirements<\/strong>: student must hold at least a High school Completion Certificate or equivalent level.<\/p>\n<p><strong>Training duration:\u00a0<\/strong>2.5 years<\/p>\n<p><strong>Core curriculum: \u00a0<a href=\"https:\/\/aurora.edu.vn\/wp-content\/uploads\/2020\/05\/CTKHUNG-CNTT.pdf\">CNTT.pdf<\/a><\/strong><\/p>\n<p><strong>1. Training objectives<\/strong><strong>\u00a0<\/strong><\/p>\n<p><strong>Knowledge: <\/strong>Students are able<\/p>\n<p>+ To be able to read the necessary professional materials in English.<\/p>\n<p>+ To be able to describe current status of management information system of some types of enterprises.<\/p>\n<p>+ To be able to assess the advantages and disadvantages of software application status of enterprises.<\/p>\n<p>+ To be able to do the planning software application deployment.<\/p>\n<p>+ To be able to build application software to support activities of some types of enterprises.<\/p>\n<p>+ To be able to read technical documents specialized in English.<\/p>\n<p><strong>Skills: <\/strong>Students are able to<\/p>\n<p>+ Examining and supervising the performance of work by persons with intermediate vocational training.<\/p>\n<p>+ Participating in the design, construction and maintenance of information systems for agencies, schools and enterprises.<\/p>\n<p>+ To participate in the development of software projects in companies operating in the field of information technology or related to the application of information technology.<\/p>\n<p>+ To apply professional software development process according to the characteristics of the software development unit.<\/p>\n<p>+ Building, operating, developing websites, management software systems, e-learning systems, embedded software systems for organizations and units.<\/p>\n<p>+ To use some programming tools to build and develop management software for organizations and units.<\/p>\n<p>+ Computer installing and basic network management.<\/p>\n<p><strong>2. Job opportunity:<\/strong><\/p>\n<p>After graduation, students will work in agencies and enterprises that have the demand for application of informatics software in management activities and business operations. Specifically:<\/p>\n<p>+ Consultant and transfer software applications.<\/p>\n<p>+ Software application design specialist.<\/p>\n<p>+ Software and database administrator.<\/p>\n<p>+ Computer system maintenance specialist.<\/p>\n<p>+ Website designer and administrator.<\/p>\n<p>+ Design software embedded systems.<\/p>\n<p>Students also work in units operating in the field of computer software such as system analysts and designers, application software programmers, web designers, software testers.<\/p>\n","protected":false},"excerpt":{"rendered":"<p>INFORMATION TECHNOLOGY: Software Engineering Major code:\u00a06480201 Degree: College Training mode:\u00a0Full time Enrollment requirements: student must hold at least a High school Completion Certificate or equivalent level. Training duration:\u00a02.5 years Core curriculum: \u00a0CNTT.pdf 1. Training objectives\u00a0 Knowledge: Students are able + To be able to read the necessary professional materials in English. + To be able [&#8230;]\n","protected":false},"author":1,"featured_media":0,"parent":8417,"menu_order":0,"comment_status":"closed","ping_status":"closed","template":"","meta":{"footnotes":""},"class_list":["post-11269","page","type-page","status-publish","hentry"],"yoast_head":"<!-- This site is optimized with the Yoast SEO plugin v27.2 - https:\/\/yoast.com\/product\/yoast-seo-wordpress\/ -->\n<title>Information Technology - Cao \u0111\u1eb3ng B\u00ecnh Minh S\u00e0i G\u00f2n<\/title>\n<meta name=\"robots\" content=\"index, follow, max-snippet:-1, max-image-preview:large, max-video-preview:-1\" \/>\n<link rel=\"canonical\" href=\"https:\/\/aurora.edu.vn\/en\/department-of-economics\/information-technology\/\" \/>\n<meta property=\"og:locale\" content=\"en_US\" \/>\n<meta property=\"og:type\" content=\"article\" \/>\n<meta property=\"og:title\" content=\"Information Technology - Cao \u0111\u1eb3ng B\u00ecnh Minh S\u00e0i G\u00f2n\" \/>\n<meta property=\"og:description\" content=\"INFORMATION TECHNOLOGY: Software Engineering Major code:\u00a06480201 Degree: College Training mode:\u00a0Full time Enrollment requirements: student must hold at least a High school Completion Certificate or equivalent level. Training duration:\u00a02.5 years Core curriculum: \u00a0CNTT.pdf 1. Training objectives\u00a0 Knowledge: Students are able + To be able to read the necessary professional materials in English. + To be able [...]\" \/>\n<meta property=\"og:url\" content=\"https:\/\/aurora.edu.vn\/en\/department-of-economics\/information-technology\/\" \/>\n<meta property=\"og:site_name\" content=\"Cao \u0111\u1eb3ng B\u00ecnh Minh S\u00e0i G\u00f2n\" \/>\n<meta property=\"article:publisher\" content=\"https:\/\/www.facebook.com\/aurora.edu.vn\" \/>\n<meta property=\"article:modified_time\" content=\"2020-06-16T03:22:13+00:00\" \/>\n<meta property=\"og:image\" content=\"https:\/\/aurora.edu.vn\/wp-content\/uploads\/2020\/04\/cong-nghe-thong-tin-1580207081429.jpg\" \/>\n<meta name=\"twitter:card\" content=\"summary_large_image\" \/>\n<meta name=\"twitter:label1\" content=\"Est. reading time\" \/>\n\t<meta name=\"twitter:data1\" content=\"2 minutes\" \/>\n<script type=\"application\/ld+json\" class=\"yoast-schema-graph\">{\"@context\":\"https:\/\/schema.org\",\"@graph\":[{\"@type\":\"WebPage\",\"@id\":\"https:\/\/aurora.edu.vn\/en\/department-of-economics\/information-technology\/\",\"url\":\"https:\/\/aurora.edu.vn\/en\/department-of-economics\/information-technology\/\",\"name\":\"Information Technology - Cao \u0111\u1eb3ng B\u00ecnh Minh S\u00e0i G\u00f2n\",\"isPartOf\":{\"@id\":\"https:\/\/aurora.edu.vn\/#website\"},\"primaryImageOfPage\":{\"@id\":\"https:\/\/aurora.edu.vn\/en\/department-of-economics\/information-technology\/#primaryimage\"},\"image\":{\"@id\":\"https:\/\/aurora.edu.vn\/en\/department-of-economics\/information-technology\/#primaryimage\"},\"thumbnailUrl\":\"https:\/\/aurora.edu.vn\/wp-content\/uploads\/2020\/04\/cong-nghe-thong-tin-1580207081429.jpg\",\"datePublished\":\"2018-01-29T23:43:24+00:00\",\"dateModified\":\"2020-06-16T03:22:13+00:00\",\"breadcrumb\":{\"@id\":\"https:\/\/aurora.edu.vn\/en\/department-of-economics\/information-technology\/#breadcrumb\"},\"inLanguage\":\"en-US\",\"potentialAction\":[{\"@type\":\"ReadAction\",\"target\":[\"https:\/\/aurora.edu.vn\/en\/department-of-economics\/information-technology\/\"]}]},{\"@type\":\"ImageObject\",\"inLanguage\":\"en-US\",\"@id\":\"https:\/\/aurora.edu.vn\/en\/department-of-economics\/information-technology\/#primaryimage\",\"url\":\"https:\/\/aurora.edu.vn\/wp-content\/uploads\/2020\/04\/cong-nghe-thong-tin-1580207081429.jpg\",\"contentUrl\":\"https:\/\/aurora.edu.vn\/wp-content\/uploads\/2020\/04\/cong-nghe-thong-tin-1580207081429.jpg\"},{\"@type\":\"BreadcrumbList\",\"@id\":\"https:\/\/aurora.edu.vn\/en\/department-of-economics\/information-technology\/#breadcrumb\",\"itemListElement\":[{\"@type\":\"ListItem\",\"position\":1,\"name\":\"Home\",\"item\":\"https:\/\/aurora.edu.vn\/\"},{\"@type\":\"ListItem\",\"position\":2,\"name\":\"College\",\"item\":\"https:\/\/aurora.edu.vn\/en\/department-of-economics\/\"},{\"@type\":\"ListItem\",\"position\":3,\"name\":\"Information Technology\"}]},{\"@type\":\"WebSite\",\"@id\":\"https:\/\/aurora.edu.vn\/#website\",\"url\":\"https:\/\/aurora.edu.vn\/\",\"name\":\"Cao \u0111\u1eb3ng B\u00ecnh Minh S\u00e0i G\u00f2n\",\"description\":\"H\u1ec7 th\u1ed1ng Gi\u00e1o d\u1ee5c H\u00f9ng H\u1eadu\",\"publisher\":{\"@id\":\"https:\/\/aurora.edu.vn\/#organization\"},\"potentialAction\":[{\"@type\":\"SearchAction\",\"target\":{\"@type\":\"EntryPoint\",\"urlTemplate\":\"https:\/\/aurora.edu.vn\/?s={search_term_string}\"},\"query-input\":{\"@type\":\"PropertyValueSpecification\",\"valueRequired\":true,\"valueName\":\"search_term_string\"}}],\"inLanguage\":\"en-US\"},{\"@type\":\"Organization\",\"@id\":\"https:\/\/aurora.edu.vn\/#organization\",\"name\":\"Tr\u01b0\u1eddng Cao \u0111\u1eb3ng B\u00ecnh Minh S\u00e0i G\u00f2n\",\"url\":\"https:\/\/aurora.edu.vn\/\",\"logo\":{\"@type\":\"ImageObject\",\"inLanguage\":\"en-US\",\"@id\":\"https:\/\/aurora.edu.vn\/#\/schema\/logo\/image\/\",\"url\":\"https:\/\/aurora.edu.vn\/wp-content\/uploads\/2018\/02\/Aurora-logo.png\",\"contentUrl\":\"https:\/\/aurora.edu.vn\/wp-content\/uploads\/2018\/02\/Aurora-logo.png\",\"width\":450,\"height\":338,\"caption\":\"Tr\u01b0\u1eddng Cao \u0111\u1eb3ng B\u00ecnh Minh S\u00e0i G\u00f2n\"},\"image\":{\"@id\":\"https:\/\/aurora.edu.vn\/#\/schema\/logo\/image\/\"},\"sameAs\":[\"https:\/\/www.facebook.com\/aurora.edu.vn\"]}]}<\/script>\n<!-- \/ Yoast SEO plugin. -->","yoast_head_json":{"title":"Information Technology - Cao \u0111\u1eb3ng B\u00ecnh Minh S\u00e0i G\u00f2n","robots":{"index":"index","follow":"follow","max-snippet":"max-snippet:-1","max-image-preview":"max-image-preview:large","max-video-preview":"max-video-preview:-1"},"canonical":"https:\/\/aurora.edu.vn\/en\/department-of-economics\/information-technology\/","og_locale":"en_US","og_type":"article","og_title":"Information Technology - Cao \u0111\u1eb3ng B\u00ecnh Minh S\u00e0i G\u00f2n","og_description":"INFORMATION TECHNOLOGY: Software Engineering Major code:\u00a06480201 Degree: College Training mode:\u00a0Full time Enrollment requirements: student must hold at least a High school Completion Certificate or equivalent level. Training duration:\u00a02.5 years Core curriculum: \u00a0CNTT.pdf 1. Training objectives\u00a0 Knowledge: Students are able + To be able to read the necessary professional materials in English. + To be able [...]","og_url":"https:\/\/aurora.edu.vn\/en\/department-of-economics\/information-technology\/","og_site_name":"Cao \u0111\u1eb3ng B\u00ecnh Minh S\u00e0i G\u00f2n","article_publisher":"https:\/\/www.facebook.com\/aurora.edu.vn","article_modified_time":"2020-06-16T03:22:13+00:00","og_image":[{"url":"https:\/\/aurora.edu.vn\/wp-content\/uploads\/2020\/04\/cong-nghe-thong-tin-1580207081429.jpg","type":"","width":"","height":""}],"twitter_card":"summary_large_image","twitter_misc":{"Est. reading time":"2 minutes"},"schema":{"@context":"https:\/\/schema.org","@graph":[{"@type":"WebPage","@id":"https:\/\/aurora.edu.vn\/en\/department-of-economics\/information-technology\/","url":"https:\/\/aurora.edu.vn\/en\/department-of-economics\/information-technology\/","name":"Information Technology - Cao \u0111\u1eb3ng B\u00ecnh Minh S\u00e0i G\u00f2n","isPartOf":{"@id":"https:\/\/aurora.edu.vn\/#website"},"primaryImageOfPage":{"@id":"https:\/\/aurora.edu.vn\/en\/department-of-economics\/information-technology\/#primaryimage"},"image":{"@id":"https:\/\/aurora.edu.vn\/en\/department-of-economics\/information-technology\/#primaryimage"},"thumbnailUrl":"https:\/\/aurora.edu.vn\/wp-content\/uploads\/2020\/04\/cong-nghe-thong-tin-1580207081429.jpg","datePublished":"2018-01-29T23:43:24+00:00","dateModified":"2020-06-16T03:22:13+00:00","breadcrumb":{"@id":"https:\/\/aurora.edu.vn\/en\/department-of-economics\/information-technology\/#breadcrumb"},"inLanguage":"en-US","potentialAction":[{"@type":"ReadAction","target":["https:\/\/aurora.edu.vn\/en\/department-of-economics\/information-technology\/"]}]},{"@type":"ImageObject","inLanguage":"en-US","@id":"https:\/\/aurora.edu.vn\/en\/department-of-economics\/information-technology\/#primaryimage","url":"https:\/\/aurora.edu.vn\/wp-content\/uploads\/2020\/04\/cong-nghe-thong-tin-1580207081429.jpg","contentUrl":"https:\/\/aurora.edu.vn\/wp-content\/uploads\/2020\/04\/cong-nghe-thong-tin-1580207081429.jpg"},{"@type":"BreadcrumbList","@id":"https:\/\/aurora.edu.vn\/en\/department-of-economics\/information-technology\/#breadcrumb","itemListElement":[{"@type":"ListItem","position":1,"name":"Home","item":"https:\/\/aurora.edu.vn\/"},{"@type":"ListItem","position":2,"name":"College","item":"https:\/\/aurora.edu.vn\/en\/department-of-economics\/"},{"@type":"ListItem","position":3,"name":"Information Technology"}]},{"@type":"WebSite","@id":"https:\/\/aurora.edu.vn\/#website","url":"https:\/\/aurora.edu.vn\/","name":"Cao \u0111\u1eb3ng B\u00ecnh Minh S\u00e0i G\u00f2n","description":"H\u1ec7 th\u1ed1ng Gi\u00e1o d\u1ee5c H\u00f9ng H\u1eadu","publisher":{"@id":"https:\/\/aurora.edu.vn\/#organization"},"potentialAction":[{"@type":"SearchAction","target":{"@type":"EntryPoint","urlTemplate":"https:\/\/aurora.edu.vn\/?s={search_term_string}"},"query-input":{"@type":"PropertyValueSpecification","valueRequired":true,"valueName":"search_term_string"}}],"inLanguage":"en-US"},{"@type":"Organization","@id":"https:\/\/aurora.edu.vn\/#organization","name":"Tr\u01b0\u1eddng Cao \u0111\u1eb3ng B\u00ecnh Minh S\u00e0i G\u00f2n","url":"https:\/\/aurora.edu.vn\/","logo":{"@type":"ImageObject","inLanguage":"en-US","@id":"https:\/\/aurora.edu.vn\/#\/schema\/logo\/image\/","url":"https:\/\/aurora.edu.vn\/wp-content\/uploads\/2018\/02\/Aurora-logo.png","contentUrl":"https:\/\/aurora.edu.vn\/wp-content\/uploads\/2018\/02\/Aurora-logo.png","width":450,"height":338,"caption":"Tr\u01b0\u1eddng Cao \u0111\u1eb3ng B\u00ecnh Minh S\u00e0i G\u00f2n"},"image":{"@id":"https:\/\/aurora.edu.vn\/#\/schema\/logo\/image\/"},"sameAs":["https:\/\/www.facebook.com\/aurora.edu.vn"]}]}},"_links":{"self":[{"href":"https:\/\/aurora.edu.vn\/en\/wp-json\/wp\/v2\/pages\/11269","targetHints":{"allow":["GET"]}}],"collection":[{"href":"https:\/\/aurora.edu.vn\/en\/wp-json\/wp\/v2\/pages"}],"about":[{"href":"https:\/\/aurora.edu.vn\/en\/wp-json\/wp\/v2\/types\/page"}],"author":[{"embeddable":true,"href":"https:\/\/aurora.edu.vn\/en\/wp-json\/wp\/v2\/users\/1"}],"replies":[{"embeddable":true,"href":"https:\/\/aurora.edu.vn\/en\/wp-json\/wp\/v2\/comments?post=11269"}],"version-history":[{"count":1,"href":"https:\/\/aurora.edu.vn\/en\/wp-json\/wp\/v2\/pages\/11269\/revisions"}],"predecessor-version":[{"id":11270,"href":"https:\/\/aurora.edu.vn\/en\/wp-json\/wp\/v2\/pages\/11269\/revisions\/11270"}],"up":[{"embeddable":true,"href":"https:\/\/aurora.edu.vn\/en\/wp-json\/wp\/v2\/pages\/8417"}],"wp:attachment":[{"href":"https:\/\/aurora.edu.vn\/en\/wp-json\/wp\/v2\/media?parent=11269"}],"curies":[{"name":"wp","href":"https:\/\/api.w.org\/{rel}","templated":true}]}}