{"id":8334,"date":"2014-06-19T16:45:42","date_gmt":"2014-06-19T16:45:42","guid":{"rendered":"http:\/\/vx.edu.vn\/gioi-thieu\/"},"modified":"2020-06-08T20:22:51","modified_gmt":"2020-06-09T03:22:51","slug":"about","status":"publish","type":"page","link":"https:\/\/aurora.edu.vn\/en\/about\/","title":{"rendered":"About"},"content":{"rendered":"<div style=\"text-align: justify;\">\n<p><strong>PHYLOSOPHY OF EDUCATION<\/strong><\/p>\n<p>Aurora Saigon College, previously known as Van Xuan College of Technology, was chartered in 2006. Over nearly 15 years of development, the College has always been a reliable institution for students, who want to be educated to advance themselves in a new direction. Aurora Saigon College aims to train students to be self-reliant and creative with professional knowledge and practice skills. Aurora Saigon College\u2019s students are always proud possessing a strong foundation of knowledge, skills and also being accountable to the community and environment.<\/p>\n<p><strong>TRAINING MODEL<\/strong><\/p>\n<p>Aurora Saigon College offers a flexible and accumulated credit system in its 3 academic units: Vocational High School, College 9+ and Standard College. The training programs are organized to be able to connect to the higher education system within members of Hung Hau Education or higher education system in Vietnam. In Aurora Saigon College, training programs are organized by module systems with hierarchical structure, aiming to equip students with knowledge and skills for a particular career. At the end of each academic program, student will qualify for a particular careers in-demand or pursuit to higher education levels.<\/p>\n<p><strong>TRAINING TIME<\/strong><\/p>\n<p>Training time includes 2 years at Aurora Saigon College campus and 1 internship semester at our business\u2019 partners. Aurora Saigon College offers a flexible class schedule tailoring to student\u2019s need: class hours (daytime, night, weekend), lecturers and campus locations. Immediately after enrollment, students will have options to re-select the training program to meet their desire and passion based on consultation with Aurora Saigon College\u2019s academic advisors or participations during the first semester.<\/p>\n<p><strong>TRAINING PROGRAMS<\/strong><\/p>\n<p>Aurora Saigon College has 3 faculties: Faculty of Engineering \u2013 Technology, Faculty of Economics \u2013 Tourism, \u00a0Faculty of Foreign Languages, and Center for short-term training which provide training certificate for beauty care technician, entrepreneurial skills, information technology, communication in foreign language. All training activities are highly flexible and interconnected within Aurora Saigon College as well as in the Hung Hau Education System.<\/p>\n<p><strong>STUDY ENVIRONMENT<\/strong><\/p>\n<ul>\n<li><strong>Lecturers:<\/strong> At Aurora Saigon College, we commit 100% of our lectures possessed master\u2019s degree or higher with experiences in teaching and working in manufacturing sectors.<\/li>\n<li><strong>Facilities:<\/strong> Aurora Saigon College main campus is located in the center of Go Vap District, Ho Chi Minh City. Our classrooms are equipped with modern teaching equipment, air conditioners, free-wifi. As a member of Hung Hau Education system, students at Aurora Saigon College have opportunities to use all facilities from Hung Hau Education\u2019s members located in districts 3, 10, 12, Tan Binh and Tan Phu, including library, learning center, practical laboratories and gyms. Aurora Saigon College offer internal shuttle bus routes for students to commune between main campuses of Hung Hau Education\u2019s members. In addition, students also have opportunities for cultural exchange with students from different regions and backgrounds within Hung Hau Education\u2019s members.<\/li>\n<li><strong>Student Services:<\/strong> Aurora Saigon College follows the principles of student-centered learning, we offer multiple supporting services for students during study and promote connections with companies, manufactures to increase student\u2019s learning experiences and employment opportunities upon graduation. Aurora Saigon College maintains an exchange network to keep student\u2019s parents posted about student\u2019s performance during study.<\/li>\n<\/ul>\n<p><strong>\u00a0<\/strong><strong>QUALITY ASSURANCE<\/strong><\/p>\n<p>Aurora Saigon College is working to provide quality education system for our students. We are participating in quality accreditation activities both nationally and internationally. We are proud that 90% of our students get job offered upon graduation. We keep contact with our alumni, business partners and related stakeholders to listen to their feedbacks to always improve our programs and teaching methods.<\/p>\n<p>&nbsp;<\/p>\n<\/div>\n","protected":false},"excerpt":{"rendered":"<p>PHYLOSOPHY OF EDUCATION Aurora Saigon College, previously known as Van Xuan College of Technology, was chartered in 2006. Over nearly 15 years of development, the College has always been a reliable institution for students, who want to be educated to advance themselves in a new direction. Aurora Saigon College aims to train students to be [&#8230;]\n","protected":false},"author":1,"featured_media":0,"parent":0,"menu_order":0,"comment_status":"closed","ping_status":"closed","template":"page-blank-sub-nav-vertical.php","meta":{"footnotes":""},"class_list":["post-8334","page","type-page","status-publish","hentry"],"yoast_head":"<!-- This site is optimized with the Yoast SEO plugin v27.2 - https:\/\/yoast.com\/product\/yoast-seo-wordpress\/ -->\n<title>About - Cao \u0111\u1eb3ng B\u00ecnh Minh S\u00e0i G\u00f2n<\/title>\n<meta name=\"robots\" content=\"index, follow, max-snippet:-1, max-image-preview:large, max-video-preview:-1\" \/>\n<link rel=\"canonical\" href=\"https:\/\/aurora.edu.vn\/en\/about\/\" \/>\n<meta property=\"og:locale\" content=\"en_US\" \/>\n<meta property=\"og:type\" content=\"article\" \/>\n<meta property=\"og:title\" content=\"About - Cao \u0111\u1eb3ng B\u00ecnh Minh S\u00e0i G\u00f2n\" \/>\n<meta property=\"og:description\" content=\"PHYLOSOPHY OF EDUCATION Aurora Saigon College, previously known as Van Xuan College of Technology, was chartered in 2006. Over nearly 15 years of development, the College has always been a reliable institution for students, who want to be educated to advance themselves in a new direction. Aurora Saigon College aims to train students to be [...]\" \/>\n<meta property=\"og:url\" content=\"https:\/\/aurora.edu.vn\/en\/about\/\" \/>\n<meta property=\"og:site_name\" content=\"Cao \u0111\u1eb3ng B\u00ecnh Minh S\u00e0i G\u00f2n\" \/>\n<meta property=\"article:publisher\" content=\"https:\/\/www.facebook.com\/aurora.edu.vn\" \/>\n<meta property=\"article:modified_time\" content=\"2020-06-09T03:22:51+00:00\" \/>\n<meta name=\"twitter:card\" content=\"summary_large_image\" \/>\n<meta name=\"twitter:label1\" content=\"Est. reading time\" \/>\n\t<meta name=\"twitter:data1\" content=\"3 minutes\" \/>\n<script type=\"application\/ld+json\" class=\"yoast-schema-graph\">{\"@context\":\"https:\/\/schema.org\",\"@graph\":[{\"@type\":\"WebPage\",\"@id\":\"https:\/\/aurora.edu.vn\/en\/about\/\",\"url\":\"https:\/\/aurora.edu.vn\/en\/about\/\",\"name\":\"About - Cao \u0111\u1eb3ng B\u00ecnh Minh S\u00e0i G\u00f2n\",\"isPartOf\":{\"@id\":\"https:\/\/aurora.edu.vn\/#website\"},\"datePublished\":\"2014-06-19T16:45:42+00:00\",\"dateModified\":\"2020-06-09T03:22:51+00:00\",\"breadcrumb\":{\"@id\":\"https:\/\/aurora.edu.vn\/en\/about\/#breadcrumb\"},\"inLanguage\":\"en-US\",\"potentialAction\":[{\"@type\":\"ReadAction\",\"target\":[\"https:\/\/aurora.edu.vn\/en\/about\/\"]}]},{\"@type\":\"BreadcrumbList\",\"@id\":\"https:\/\/aurora.edu.vn\/en\/about\/#breadcrumb\",\"itemListElement\":[{\"@type\":\"ListItem\",\"position\":1,\"name\":\"Home\",\"item\":\"https:\/\/aurora.edu.vn\/\"},{\"@type\":\"ListItem\",\"position\":2,\"name\":\"About\"}]},{\"@type\":\"WebSite\",\"@id\":\"https:\/\/aurora.edu.vn\/#website\",\"url\":\"https:\/\/aurora.edu.vn\/\",\"name\":\"Cao \u0111\u1eb3ng B\u00ecnh Minh S\u00e0i G\u00f2n\",\"description\":\"H\u1ec7 th\u1ed1ng Gi\u00e1o d\u1ee5c H\u00f9ng H\u1eadu\",\"publisher\":{\"@id\":\"https:\/\/aurora.edu.vn\/#organization\"},\"potentialAction\":[{\"@type\":\"SearchAction\",\"target\":{\"@type\":\"EntryPoint\",\"urlTemplate\":\"https:\/\/aurora.edu.vn\/?s={search_term_string}\"},\"query-input\":{\"@type\":\"PropertyValueSpecification\",\"valueRequired\":true,\"valueName\":\"search_term_string\"}}],\"inLanguage\":\"en-US\"},{\"@type\":\"Organization\",\"@id\":\"https:\/\/aurora.edu.vn\/#organization\",\"name\":\"Tr\u01b0\u1eddng Cao \u0111\u1eb3ng B\u00ecnh Minh S\u00e0i G\u00f2n\",\"url\":\"https:\/\/aurora.edu.vn\/\",\"logo\":{\"@type\":\"ImageObject\",\"inLanguage\":\"en-US\",\"@id\":\"https:\/\/aurora.edu.vn\/#\/schema\/logo\/image\/\",\"url\":\"https:\/\/aurora.edu.vn\/wp-content\/uploads\/2018\/02\/Aurora-logo.png\",\"contentUrl\":\"https:\/\/aurora.edu.vn\/wp-content\/uploads\/2018\/02\/Aurora-logo.png\",\"width\":450,\"height\":338,\"caption\":\"Tr\u01b0\u1eddng Cao \u0111\u1eb3ng B\u00ecnh Minh S\u00e0i G\u00f2n\"},\"image\":{\"@id\":\"https:\/\/aurora.edu.vn\/#\/schema\/logo\/image\/\"},\"sameAs\":[\"https:\/\/www.facebook.com\/aurora.edu.vn\"]}]}<\/script>\n<!-- \/ Yoast SEO plugin. -->","yoast_head_json":{"title":"About - Cao \u0111\u1eb3ng B\u00ecnh Minh S\u00e0i G\u00f2n","robots":{"index":"index","follow":"follow","max-snippet":"max-snippet:-1","max-image-preview":"max-image-preview:large","max-video-preview":"max-video-preview:-1"},"canonical":"https:\/\/aurora.edu.vn\/en\/about\/","og_locale":"en_US","og_type":"article","og_title":"About - Cao \u0111\u1eb3ng B\u00ecnh Minh S\u00e0i G\u00f2n","og_description":"PHYLOSOPHY OF EDUCATION Aurora Saigon College, previously known as Van Xuan College of Technology, was chartered in 2006. Over nearly 15 years of development, the College has always been a reliable institution for students, who want to be educated to advance themselves in a new direction. Aurora Saigon College aims to train students to be [...]","og_url":"https:\/\/aurora.edu.vn\/en\/about\/","og_site_name":"Cao \u0111\u1eb3ng B\u00ecnh Minh S\u00e0i G\u00f2n","article_publisher":"https:\/\/www.facebook.com\/aurora.edu.vn","article_modified_time":"2020-06-09T03:22:51+00:00","twitter_card":"summary_large_image","twitter_misc":{"Est. reading time":"3 minutes"},"schema":{"@context":"https:\/\/schema.org","@graph":[{"@type":"WebPage","@id":"https:\/\/aurora.edu.vn\/en\/about\/","url":"https:\/\/aurora.edu.vn\/en\/about\/","name":"About - Cao \u0111\u1eb3ng B\u00ecnh Minh S\u00e0i G\u00f2n","isPartOf":{"@id":"https:\/\/aurora.edu.vn\/#website"},"datePublished":"2014-06-19T16:45:42+00:00","dateModified":"2020-06-09T03:22:51+00:00","breadcrumb":{"@id":"https:\/\/aurora.edu.vn\/en\/about\/#breadcrumb"},"inLanguage":"en-US","potentialAction":[{"@type":"ReadAction","target":["https:\/\/aurora.edu.vn\/en\/about\/"]}]},{"@type":"BreadcrumbList","@id":"https:\/\/aurora.edu.vn\/en\/about\/#breadcrumb","itemListElement":[{"@type":"ListItem","position":1,"name":"Home","item":"https:\/\/aurora.edu.vn\/"},{"@type":"ListItem","position":2,"name":"About"}]},{"@type":"WebSite","@id":"https:\/\/aurora.edu.vn\/#website","url":"https:\/\/aurora.edu.vn\/","name":"Cao \u0111\u1eb3ng B\u00ecnh Minh S\u00e0i G\u00f2n","description":"H\u1ec7 th\u1ed1ng Gi\u00e1o d\u1ee5c H\u00f9ng H\u1eadu","publisher":{"@id":"https:\/\/aurora.edu.vn\/#organization"},"potentialAction":[{"@type":"SearchAction","target":{"@type":"EntryPoint","urlTemplate":"https:\/\/aurora.edu.vn\/?s={search_term_string}"},"query-input":{"@type":"PropertyValueSpecification","valueRequired":true,"valueName":"search_term_string"}}],"inLanguage":"en-US"},{"@type":"Organization","@id":"https:\/\/aurora.edu.vn\/#organization","name":"Tr\u01b0\u1eddng Cao \u0111\u1eb3ng B\u00ecnh Minh S\u00e0i G\u00f2n","url":"https:\/\/aurora.edu.vn\/","logo":{"@type":"ImageObject","inLanguage":"en-US","@id":"https:\/\/aurora.edu.vn\/#\/schema\/logo\/image\/","url":"https:\/\/aurora.edu.vn\/wp-content\/uploads\/2018\/02\/Aurora-logo.png","contentUrl":"https:\/\/aurora.edu.vn\/wp-content\/uploads\/2018\/02\/Aurora-logo.png","width":450,"height":338,"caption":"Tr\u01b0\u1eddng Cao \u0111\u1eb3ng B\u00ecnh Minh S\u00e0i G\u00f2n"},"image":{"@id":"https:\/\/aurora.edu.vn\/#\/schema\/logo\/image\/"},"sameAs":["https:\/\/www.facebook.com\/aurora.edu.vn"]}]}},"_links":{"self":[{"href":"https:\/\/aurora.edu.vn\/en\/wp-json\/wp\/v2\/pages\/8334","targetHints":{"allow":["GET"]}}],"collection":[{"href":"https:\/\/aurora.edu.vn\/en\/wp-json\/wp\/v2\/pages"}],"about":[{"href":"https:\/\/aurora.edu.vn\/en\/wp-json\/wp\/v2\/types\/page"}],"author":[{"embeddable":true,"href":"https:\/\/aurora.edu.vn\/en\/wp-json\/wp\/v2\/users\/1"}],"replies":[{"embeddable":true,"href":"https:\/\/aurora.edu.vn\/en\/wp-json\/wp\/v2\/comments?post=8334"}],"version-history":[{"count":8,"href":"https:\/\/aurora.edu.vn\/en\/wp-json\/wp\/v2\/pages\/8334\/revisions"}],"predecessor-version":[{"id":10808,"href":"https:\/\/aurora.edu.vn\/en\/wp-json\/wp\/v2\/pages\/8334\/revisions\/10808"}],"wp:attachment":[{"href":"https:\/\/aurora.edu.vn\/en\/wp-json\/wp\/v2\/media?parent=8334"}],"curies":[{"name":"wp","href":"https:\/\/api.w.org\/{rel}","templated":true}]}}