{"id":8347,"date":"2018-09-20T21:39:23","date_gmt":"2018-09-21T04:39:23","guid":{"rendered":"http:\/\/vx.edu.vn\/?page_id=8347"},"modified":"2020-06-08T01:10:01","modified_gmt":"2020-06-08T08:10:01","slug":"history-of-development","status":"publish","type":"page","link":"https:\/\/aurora.edu.vn\/en\/about\/history-of-development\/","title":{"rendered":"Mission and Vision"},"content":{"rendered":"<p><strong>1. MISSION<\/strong><\/p>\n<p>To provide high-quality human resources in the fields of engineering and technology to Vietnam development in the era of the 4th Industrial Revolution.<\/p>\n<p><strong>2. VISION<\/strong><\/p>\n<p>By 2030, Aurora Saigon College will become a top Engineering &#8211; Technology College in Vietnam.<\/p>\n<p><strong>3. CORE VALUES<\/strong><\/p>\n<ul>\n<li>Learn to know.<\/li>\n<li>Learn to work.<\/li>\n<li>Learn to become a better person.<\/li>\n<\/ul>\n","protected":false},"excerpt":{"rendered":"<p>1. MISSION To provide high-quality human resources in the fields of engineering and technology to Vietnam development in the era of the 4th Industrial Revolution. 2. VISION By 2030, Aurora Saigon College will become a top Engineering &#8211; Technology College in Vietnam. 3. CORE VALUES Learn to know. Learn to work. Learn to become a [&#8230;]\n","protected":false},"author":1,"featured_media":0,"parent":8334,"menu_order":1,"comment_status":"closed","ping_status":"closed","template":"","meta":{"footnotes":""},"class_list":["post-8347","page","type-page","status-publish","hentry"],"yoast_head":"<!-- This site is optimized with the Yoast SEO plugin v27.3 - https:\/\/yoast.com\/product\/yoast-seo-wordpress\/ -->\n<title>Mission and Vision - Cao \u0111\u1eb3ng B\u00ecnh Minh S\u00e0i G\u00f2n<\/title>\n<meta name=\"robots\" content=\"index, follow, max-snippet:-1, max-image-preview:large, max-video-preview:-1\" \/>\n<link rel=\"canonical\" href=\"https:\/\/aurora.edu.vn\/en\/about\/history-of-development\/\" \/>\n<meta property=\"og:locale\" content=\"en_US\" \/>\n<meta property=\"og:type\" content=\"article\" \/>\n<meta property=\"og:title\" content=\"Mission and Vision - Cao \u0111\u1eb3ng B\u00ecnh Minh S\u00e0i G\u00f2n\" \/>\n<meta property=\"og:description\" content=\"1. MISSION To provide high-quality human resources in the fields of engineering and technology to Vietnam development in the era of the 4th Industrial Revolution. 2. VISION By 2030, Aurora Saigon College will become a top Engineering &#8211; Technology College in Vietnam. 3. CORE VALUES Learn to know. Learn to work. Learn to become a [...]\" \/>\n<meta property=\"og:url\" content=\"https:\/\/aurora.edu.vn\/en\/about\/history-of-development\/\" \/>\n<meta property=\"og:site_name\" content=\"Cao \u0111\u1eb3ng B\u00ecnh Minh S\u00e0i G\u00f2n\" \/>\n<meta property=\"article:publisher\" content=\"https:\/\/www.facebook.com\/aurora.edu.vn\" \/>\n<meta property=\"article:modified_time\" content=\"2020-06-08T08:10:01+00:00\" \/>\n<meta name=\"twitter:card\" content=\"summary_large_image\" \/>\n<script type=\"application\/ld+json\" class=\"yoast-schema-graph\">{\"@context\":\"https:\\\/\\\/schema.org\",\"@graph\":[{\"@type\":\"WebPage\",\"@id\":\"https:\\\/\\\/aurora.edu.vn\\\/en\\\/about\\\/history-of-development\\\/\",\"url\":\"https:\\\/\\\/aurora.edu.vn\\\/en\\\/about\\\/history-of-development\\\/\",\"name\":\"Mission and Vision - Cao \u0111\u1eb3ng B\u00ecnh Minh S\u00e0i G\u00f2n\",\"isPartOf\":{\"@id\":\"https:\\\/\\\/aurora.edu.vn\\\/#website\"},\"datePublished\":\"2018-09-21T04:39:23+00:00\",\"dateModified\":\"2020-06-08T08:10:01+00:00\",\"breadcrumb\":{\"@id\":\"https:\\\/\\\/aurora.edu.vn\\\/en\\\/about\\\/history-of-development\\\/#breadcrumb\"},\"inLanguage\":\"en-US\",\"potentialAction\":[{\"@type\":\"ReadAction\",\"target\":[\"https:\\\/\\\/aurora.edu.vn\\\/en\\\/about\\\/history-of-development\\\/\"]}]},{\"@type\":\"BreadcrumbList\",\"@id\":\"https:\\\/\\\/aurora.edu.vn\\\/en\\\/about\\\/history-of-development\\\/#breadcrumb\",\"itemListElement\":[{\"@type\":\"ListItem\",\"position\":1,\"name\":\"Home\",\"item\":\"https:\\\/\\\/aurora.edu.vn\\\/\"},{\"@type\":\"ListItem\",\"position\":2,\"name\":\"About\",\"item\":\"https:\\\/\\\/aurora.edu.vn\\\/en\\\/about\\\/\"},{\"@type\":\"ListItem\",\"position\":3,\"name\":\"Mission and Vision\"}]},{\"@type\":\"WebSite\",\"@id\":\"https:\\\/\\\/aurora.edu.vn\\\/#website\",\"url\":\"https:\\\/\\\/aurora.edu.vn\\\/\",\"name\":\"Cao \u0111\u1eb3ng B\u00ecnh Minh S\u00e0i G\u00f2n\",\"description\":\"H\u1ec7 th\u1ed1ng Gi\u00e1o d\u1ee5c H\u00f9ng H\u1eadu\",\"publisher\":{\"@id\":\"https:\\\/\\\/aurora.edu.vn\\\/#organization\"},\"potentialAction\":[{\"@type\":\"SearchAction\",\"target\":{\"@type\":\"EntryPoint\",\"urlTemplate\":\"https:\\\/\\\/aurora.edu.vn\\\/?s={search_term_string}\"},\"query-input\":{\"@type\":\"PropertyValueSpecification\",\"valueRequired\":true,\"valueName\":\"search_term_string\"}}],\"inLanguage\":\"en-US\"},{\"@type\":\"Organization\",\"@id\":\"https:\\\/\\\/aurora.edu.vn\\\/#organization\",\"name\":\"Tr\u01b0\u1eddng Cao \u0111\u1eb3ng B\u00ecnh Minh S\u00e0i G\u00f2n\",\"url\":\"https:\\\/\\\/aurora.edu.vn\\\/\",\"logo\":{\"@type\":\"ImageObject\",\"inLanguage\":\"en-US\",\"@id\":\"https:\\\/\\\/aurora.edu.vn\\\/#\\\/schema\\\/logo\\\/image\\\/\",\"url\":\"https:\\\/\\\/aurora.edu.vn\\\/wp-content\\\/uploads\\\/2018\\\/02\\\/Aurora-logo.png\",\"contentUrl\":\"https:\\\/\\\/aurora.edu.vn\\\/wp-content\\\/uploads\\\/2018\\\/02\\\/Aurora-logo.png\",\"width\":450,\"height\":338,\"caption\":\"Tr\u01b0\u1eddng Cao \u0111\u1eb3ng B\u00ecnh Minh S\u00e0i G\u00f2n\"},\"image\":{\"@id\":\"https:\\\/\\\/aurora.edu.vn\\\/#\\\/schema\\\/logo\\\/image\\\/\"},\"sameAs\":[\"https:\\\/\\\/www.facebook.com\\\/aurora.edu.vn\"]}]}<\/script>\n<!-- \/ Yoast SEO plugin. -->","yoast_head_json":{"title":"Mission and Vision - Cao \u0111\u1eb3ng B\u00ecnh Minh S\u00e0i G\u00f2n","robots":{"index":"index","follow":"follow","max-snippet":"max-snippet:-1","max-image-preview":"max-image-preview:large","max-video-preview":"max-video-preview:-1"},"canonical":"https:\/\/aurora.edu.vn\/en\/about\/history-of-development\/","og_locale":"en_US","og_type":"article","og_title":"Mission and Vision - Cao \u0111\u1eb3ng B\u00ecnh Minh S\u00e0i G\u00f2n","og_description":"1. MISSION To provide high-quality human resources in the fields of engineering and technology to Vietnam development in the era of the 4th Industrial Revolution. 2. VISION By 2030, Aurora Saigon College will become a top Engineering &#8211; Technology College in Vietnam. 3. CORE VALUES Learn to know. Learn to work. Learn to become a [...]","og_url":"https:\/\/aurora.edu.vn\/en\/about\/history-of-development\/","og_site_name":"Cao \u0111\u1eb3ng B\u00ecnh Minh S\u00e0i G\u00f2n","article_publisher":"https:\/\/www.facebook.com\/aurora.edu.vn","article_modified_time":"2020-06-08T08:10:01+00:00","twitter_card":"summary_large_image","schema":{"@context":"https:\/\/schema.org","@graph":[{"@type":"WebPage","@id":"https:\/\/aurora.edu.vn\/en\/about\/history-of-development\/","url":"https:\/\/aurora.edu.vn\/en\/about\/history-of-development\/","name":"Mission and Vision - Cao \u0111\u1eb3ng B\u00ecnh Minh S\u00e0i G\u00f2n","isPartOf":{"@id":"https:\/\/aurora.edu.vn\/#website"},"datePublished":"2018-09-21T04:39:23+00:00","dateModified":"2020-06-08T08:10:01+00:00","breadcrumb":{"@id":"https:\/\/aurora.edu.vn\/en\/about\/history-of-development\/#breadcrumb"},"inLanguage":"en-US","potentialAction":[{"@type":"ReadAction","target":["https:\/\/aurora.edu.vn\/en\/about\/history-of-development\/"]}]},{"@type":"BreadcrumbList","@id":"https:\/\/aurora.edu.vn\/en\/about\/history-of-development\/#breadcrumb","itemListElement":[{"@type":"ListItem","position":1,"name":"Home","item":"https:\/\/aurora.edu.vn\/"},{"@type":"ListItem","position":2,"name":"About","item":"https:\/\/aurora.edu.vn\/en\/about\/"},{"@type":"ListItem","position":3,"name":"Mission and Vision"}]},{"@type":"WebSite","@id":"https:\/\/aurora.edu.vn\/#website","url":"https:\/\/aurora.edu.vn\/","name":"Cao \u0111\u1eb3ng B\u00ecnh Minh S\u00e0i G\u00f2n","description":"H\u1ec7 th\u1ed1ng Gi\u00e1o d\u1ee5c H\u00f9ng H\u1eadu","publisher":{"@id":"https:\/\/aurora.edu.vn\/#organization"},"potentialAction":[{"@type":"SearchAction","target":{"@type":"EntryPoint","urlTemplate":"https:\/\/aurora.edu.vn\/?s={search_term_string}"},"query-input":{"@type":"PropertyValueSpecification","valueRequired":true,"valueName":"search_term_string"}}],"inLanguage":"en-US"},{"@type":"Organization","@id":"https:\/\/aurora.edu.vn\/#organization","name":"Tr\u01b0\u1eddng Cao \u0111\u1eb3ng B\u00ecnh Minh S\u00e0i G\u00f2n","url":"https:\/\/aurora.edu.vn\/","logo":{"@type":"ImageObject","inLanguage":"en-US","@id":"https:\/\/aurora.edu.vn\/#\/schema\/logo\/image\/","url":"https:\/\/aurora.edu.vn\/wp-content\/uploads\/2018\/02\/Aurora-logo.png","contentUrl":"https:\/\/aurora.edu.vn\/wp-content\/uploads\/2018\/02\/Aurora-logo.png","width":450,"height":338,"caption":"Tr\u01b0\u1eddng Cao \u0111\u1eb3ng B\u00ecnh Minh S\u00e0i G\u00f2n"},"image":{"@id":"https:\/\/aurora.edu.vn\/#\/schema\/logo\/image\/"},"sameAs":["https:\/\/www.facebook.com\/aurora.edu.vn"]}]}},"_links":{"self":[{"href":"https:\/\/aurora.edu.vn\/en\/wp-json\/wp\/v2\/pages\/8347","targetHints":{"allow":["GET"]}}],"collection":[{"href":"https:\/\/aurora.edu.vn\/en\/wp-json\/wp\/v2\/pages"}],"about":[{"href":"https:\/\/aurora.edu.vn\/en\/wp-json\/wp\/v2\/types\/page"}],"author":[{"embeddable":true,"href":"https:\/\/aurora.edu.vn\/en\/wp-json\/wp\/v2\/users\/1"}],"replies":[{"embeddable":true,"href":"https:\/\/aurora.edu.vn\/en\/wp-json\/wp\/v2\/comments?post=8347"}],"version-history":[{"count":6,"href":"https:\/\/aurora.edu.vn\/en\/wp-json\/wp\/v2\/pages\/8347\/revisions"}],"predecessor-version":[{"id":10783,"href":"https:\/\/aurora.edu.vn\/en\/wp-json\/wp\/v2\/pages\/8347\/revisions\/10783"}],"up":[{"embeddable":true,"href":"https:\/\/aurora.edu.vn\/en\/wp-json\/wp\/v2\/pages\/8334"}],"wp:attachment":[{"href":"https:\/\/aurora.edu.vn\/en\/wp-json\/wp\/v2\/media?parent=8347"}],"curies":[{"name":"wp","href":"https:\/\/api.w.org\/{rel}","templated":true}]}}