{"id":8353,"date":"2018-09-20T21:42:09","date_gmt":"2018-09-21T04:42:09","guid":{"rendered":"http:\/\/vx.edu.vn\/?page_id=8353"},"modified":"2020-06-17T02:43:52","modified_gmt":"2020-06-17T09:43:52","slug":"admissions","status":"publish","type":"page","link":"https:\/\/aurora.edu.vn\/en\/admissions\/","title":{"rendered":"Admissions"},"content":{"rendered":"<p style=\"text-align: center;\"><strong>AURORA SAIGON COLLEGE<\/strong><strong>\u00a0<\/strong><\/p>\n<p><strong>I. NEW ENROLLMENT SCHOOL-YEAR 2020: COLLEGE\u00a0<\/strong><strong>LEVEL<\/strong><\/p>\n<p><strong>1. Form of enrollment<\/strong>:\u00a0<strong>QUALIFIED DOCUMENTS<\/strong><strong>\u00a0\u00a0<\/strong><\/p>\n<p>Entrance qualification: high-school graduates (or equal to); intermediate school graduates (professional intermediate or vocational school)<\/p>\n<p><strong>2. Enrollment area: NATIONWIDE<\/strong><strong>\u00a0<\/strong><\/p>\n<p>Students are\u00a0 given priority in the area and subject to the current enrollment regulations of the Ministry of Labor, War Invalids and Social Affairs.<\/p>\n<p><strong>3. Majors:<\/strong><\/p>\n<table width=\"640\">\n<tbody>\n<tr>\n<td width=\"270\"><strong>Name of major<\/strong><strong>\u00a0<\/strong><\/td>\n<td width=\"202\"><strong>Code<\/strong><strong>\u00a0<\/strong><\/td>\n<td width=\"160\"><strong>Expected No. of Students<\/strong><strong>\u00a0<\/strong><\/td>\n<\/tr>\n<tr>\n<td width=\"270\">Information technology<\/td>\n<td width=\"202\">6480201<\/td>\n<td width=\"160\">150<\/td>\n<\/tr>\n<tr>\n<td width=\"270\">Communication Technology<\/td>\n<td width=\"202\">6320105<\/td>\n<td width=\"160\">50<\/td>\n<\/tr>\n<tr>\n<td width=\"270\">Civil Electrical Engineering<\/td>\n<td width=\"202\">6520224<\/td>\n<td width=\"160\">50<\/td>\n<\/tr>\n<tr>\n<td width=\"270\">Graphic Design<\/td>\n<td width=\"202\">6210402<\/td>\n<td width=\"160\">50<\/td>\n<\/tr>\n<tr>\n<td width=\"270\">Accounting<\/td>\n<td width=\"202\">6340301<\/td>\n<td width=\"160\">50<\/td>\n<\/tr>\n<tr>\n<td width=\"270\">Business Administration<\/td>\n<td width=\"202\">6340404<\/td>\n<td width=\"160\">50<\/td>\n<\/tr>\n<tr>\n<td width=\"270\">Tourism service and Travel management<\/td>\n<td width=\"202\">6810101<\/td>\n<td width=\"160\">50<\/td>\n<\/tr>\n<tr>\n<td width=\"270\">Hospitality Management<\/td>\n<td width=\"202\">6810201<\/td>\n<td width=\"160\">50<\/td>\n<\/tr>\n<tr>\n<td width=\"270\">Restaurant Management and Gastronomy<\/td>\n<td width=\"202\">6810205<\/td>\n<td width=\"160\">100<\/td>\n<\/tr>\n<tr>\n<td width=\"270\">Culinary Art<\/td>\n<td width=\"202\">6810207<\/td>\n<td width=\"160\">50<\/td>\n<\/tr>\n<tr>\n<td width=\"270\">Nursing<\/td>\n<td width=\"202\">6720301<\/td>\n<td width=\"160\">50<\/td>\n<\/tr>\n<tr>\n<td width=\"270\">English Language<\/td>\n<td width=\"202\">6220206<\/td>\n<td width=\"160\">50<\/td>\n<\/tr>\n<tr>\n<td width=\"270\">Japanese Language<\/td>\n<td width=\"202\">6220212<\/td>\n<td width=\"160\">50<\/td>\n<\/tr>\n<tr>\n<td width=\"270\">Korean Language<\/td>\n<td width=\"202\">6220211<\/td>\n<td width=\"160\">50<\/td>\n<\/tr>\n<tr>\n<td width=\"270\">Chinese Language<\/td>\n<td width=\"202\">6220209<\/td>\n<td width=\"160\">50<\/td>\n<\/tr>\n<\/tbody>\n<\/table>\n<p>&nbsp;<\/p>\n<p><strong>II. NEW ENROLLMENT SCHOOL-YEAR 2020: VOCATIONAL<\/strong><strong> SCHOOL<\/strong><\/p>\n<p><strong>1. Form of enrollment: QUALIFIED DOCUMENTS<\/strong><\/p>\n<p>Entrance qualification: Secondary-school graduates; high-school graduates (or equal to);<\/p>\n<p><strong>2. Enrollment area: NATIONWIDE<\/strong><\/p>\n<p>Students are given priority in the area and subject to the current enrollment regulations of the Ministry of Labor, War Invalids and Social Affairs.<\/p>\n<p><strong>3. Majors:<\/strong><\/p>\n<table width=\"624\">\n<tbody>\n<tr>\n<td width=\"241\"><strong>Name of major<\/strong><strong>\u00a0<\/strong><\/td>\n<td width=\"126\"><strong>Code<\/strong><strong>\u00a0<\/strong><\/td>\n<td width=\"249\"><strong>Expected No. of Students<\/strong><strong>\u00a0<\/strong><\/td>\n<\/tr>\n<tr>\n<td width=\"241\">Network Administrator<\/td>\n<td width=\"126\">5480209<\/td>\n<td width=\"249\">50<\/td>\n<\/tr>\n<tr>\n<td width=\"241\">Electrical and Electronic Technology<\/td>\n<td width=\"126\">5510303<\/td>\n<td width=\"249\">50<\/td>\n<\/tr>\n<tr>\n<td width=\"241\">Applied Informatics<\/td>\n<td width=\"126\">5480205<\/td>\n<td width=\"249\">50<\/td>\n<\/tr>\n<tr>\n<td width=\"241\">Communication Technology<\/td>\n<td width=\"126\">5320105<\/td>\n<td width=\"249\">50<\/td>\n<\/tr>\n<tr>\n<td width=\"241\">Graphic Design<\/td>\n<td width=\"126\">5210402<\/td>\n<td width=\"249\">50<\/td>\n<\/tr>\n<tr>\n<td width=\"241\">Civil Electrical Engineering<\/td>\n<td width=\"126\">5520224<\/td>\n<td width=\"249\">50<\/td>\n<\/tr>\n<tr>\n<td width=\"241\">Operating and\u00a0Maintaining cooling\u00a0equipments<\/td>\n<td width=\"126\">5520255<\/td>\n<td width=\"249\">50<\/td>\n<\/tr>\n<tr>\n<td width=\"241\">Enterprise Management<\/td>\n<td width=\"126\">5340420<\/td>\n<td width=\"249\">50<\/td>\n<\/tr>\n<tr>\n<td width=\"241\">Enterprise Accounting<\/td>\n<td width=\"126\">5340302<\/td>\n<td width=\"249\">50<\/td>\n<\/tr>\n<tr>\n<td width=\"241\">Tourism service and Travel management<\/td>\n<td width=\"126\">5810101<\/td>\n<td width=\"249\">50<\/td>\n<\/tr>\n<tr>\n<td width=\"241\">Beverage Preparation Techniques<\/td>\n<td width=\"126\">5510209<\/td>\n<td width=\"249\">50<\/td>\n<\/tr>\n<tr>\n<td width=\"241\">Culinary Art<\/td>\n<td width=\"126\">5810207<\/td>\n<td width=\"249\">50<\/td>\n<\/tr>\n<tr>\n<td width=\"241\">Japanese Language<\/td>\n<td width=\"126\">5220212<\/td>\n<td width=\"249\">50<\/td>\n<\/tr>\n<tr>\n<td width=\"241\">Korean Language<\/td>\n<td width=\"126\">5220211<\/td>\n<td width=\"249\">50<\/td>\n<\/tr>\n<tr>\n<td width=\"241\">English for Hotel and Restaurant Receptionist<\/td>\n<td width=\"126\">5220218<\/td>\n<td width=\"249\">50<\/td>\n<\/tr>\n<\/tbody>\n<\/table>\n<p>&nbsp;<\/p>\n<p><strong>III. NEW ENROLLMENT TRANSFER COLLEGE EVENING CLASS<\/strong><strong>\u00a0<\/strong><\/p>\n<p><strong>MAJOR:\u00a0<\/strong><\/p>\n<p>\u2013 Information technology<\/p>\n<p>\u2013 Electricity technique, electronics<\/p>\n<p>\u2013 Accounting<\/p>\n<p>\u2013 Enterprise management<\/p>\n<p>\u2013 Graphic design<\/p>\n<p><strong>TRAINING DURATION:\u00a0<\/strong>1.5 years (3 semesters, 5 months each semester, evening classes are offered) in Aurora Saigon College or in its branches.<\/p>\n<p><strong>ENTRANCE QUALIFICATION<\/strong>:\u00a0Intermediate-level graduates who have studied the same or similar majors.<\/p>\n<p><strong>IV.\u00a0ADMISSION REGISTRATION DOCUMENTS:<\/strong><\/p>\n<p><strong>1. Students submit applications: at the College, mail by post office or submit online on<\/strong><strong>\u00a0<\/strong><strong>website: aurora.edu.vn<\/strong><\/p>\n<p><strong>2. Application documents include:<\/strong><strong>\u00a0<\/strong><\/p>\n<p>\u2981 Certified copy of high school diploma (or equivalent) or temporary graduation certificate; Certificate of Intermediate Certificate (Professional Intermediate, Intermediate) for full-time study and Associated Diploma \/ Certificate of Secondary School graduation (or equivalent) or temporary Certificate graduate degree for intermediate level.<\/p>\n<p>\u2981 Secondary \/ High School Certificate or equivalent (Notarized copy)<\/p>\n<p>\u2981 Copy of birth certificate.<\/p>\n<p>\u2981 Copy of household registration.<\/p>\n<p>\u2981 Copy of ID card.<\/p>\n<p>\u2981 02 photos of 3 \u00d7 4 cm sized (photo taken less than 6 months, full name, date of birth written in the back of the photos)<\/p>\n<p>\u2981 Health certificate less than 06 months (issued by district level or higher)<\/p>\n<p><strong>4. Admission fee: VND<\/strong><strong>\u00a0<\/strong>30.000. Students who submit applications directly or by mail will pay admission fee upon enrolling.<\/p>\n<p><strong>5. Admission locations:<\/strong><\/p>\n<p><strong>Admissions Office \u2013 Aurora Saigon College<\/strong><strong>\u00a0<\/strong><\/p>\n<p><strong>Headquarter:\u00a0<\/strong>15K Phan Van Tri, Ward 7, Go Vap Dist. HCM<strong><br \/>\n<\/strong>Tel: (028) 35 8888 31 \u2013 (028) 35 8888 32<\/p>\n<p><strong>Hotline: 096 444 0333<\/strong><br \/>\nWebsite:\u00a0<a href=\"https:\/\/aurora.edu.vn\/\">www.aurora.edu.vn<\/a><br \/>\nFacebook:\u00a0<a href=\"https:\/\/www.facebook.com\/aurora.edu.vn\">www.facebook.com\/aurora.edu.vn<\/a><\/p>\n<p><strong>Branch 1<\/strong>: 665-667-669 Dien Bien Phu, Ward 1, Dist. HCMC<\/p>\n<p><strong>Branch 2<\/strong>: 624 Au Co St., Ward 10, Tan Binh Dist. HCMC<\/p>\n<p><strong>Branch 3<\/strong>: 302A Vuon Lai St., Phu Tho Hoa Ward, Tan Phu Dist. HCMC<\/p>\n<p><strong>Branch 4<\/strong>: 469 Le Hong Phong, Ward 2, District 10, HCMC<\/p>\n<p><strong>\u00a0<\/strong><\/p>\n","protected":false},"excerpt":{"rendered":"<p>AURORA SAIGON COLLEGE\u00a0 I. NEW ENROLLMENT SCHOOL-YEAR 2020: COLLEGE\u00a0LEVEL 1. Form of enrollment:\u00a0QUALIFIED DOCUMENTS\u00a0\u00a0 Entrance qualification: high-school graduates (or equal to); intermediate school graduates (professional intermediate or vocational school) 2. Enrollment area: NATIONWIDE\u00a0 Students are\u00a0 given priority in the area and subject to the current enrollment regulations of the Ministry of Labor, War Invalids and [&#8230;]\n","protected":false},"author":1,"featured_media":8614,"parent":0,"menu_order":3,"comment_status":"closed","ping_status":"closed","template":"","meta":{"footnotes":""},"class_list":["post-8353","page","type-page","status-publish","has-post-thumbnail","hentry"],"yoast_head":"<!-- This site is optimized with the Yoast SEO plugin v27.3 - https:\/\/yoast.com\/product\/yoast-seo-wordpress\/ -->\n<title>Admissions - Cao \u0111\u1eb3ng B\u00ecnh Minh S\u00e0i G\u00f2n<\/title>\n<meta name=\"robots\" content=\"index, follow, max-snippet:-1, max-image-preview:large, max-video-preview:-1\" \/>\n<link rel=\"canonical\" href=\"https:\/\/aurora.edu.vn\/en\/admissions\/\" \/>\n<meta property=\"og:locale\" content=\"en_US\" \/>\n<meta property=\"og:type\" content=\"article\" \/>\n<meta property=\"og:title\" content=\"Admissions - Cao \u0111\u1eb3ng B\u00ecnh Minh S\u00e0i G\u00f2n\" \/>\n<meta property=\"og:description\" content=\"AURORA SAIGON COLLEGE\u00a0 I. NEW ENROLLMENT SCHOOL-YEAR 2020: COLLEGE\u00a0LEVEL 1. Form of enrollment:\u00a0QUALIFIED DOCUMENTS\u00a0\u00a0 Entrance qualification: high-school graduates (or equal to); intermediate school graduates (professional intermediate or vocational school) 2. Enrollment area: NATIONWIDE\u00a0 Students are\u00a0 given priority in the area and subject to the current enrollment regulations of the Ministry of Labor, War Invalids and [...]\" \/>\n<meta property=\"og:url\" content=\"https:\/\/aurora.edu.vn\/en\/admissions\/\" \/>\n<meta property=\"og:site_name\" content=\"Cao \u0111\u1eb3ng B\u00ecnh Minh S\u00e0i G\u00f2n\" \/>\n<meta property=\"article:publisher\" content=\"https:\/\/www.facebook.com\/aurora.edu.vn\" \/>\n<meta property=\"article:modified_time\" content=\"2020-06-17T09:43:52+00:00\" \/>\n<meta property=\"og:image\" content=\"https:\/\/aurora.edu.vn\/wp-content\/uploads\/2018\/10\/t---i-xu---ng.jpg\" \/>\n\t<meta property=\"og:image:width\" content=\"313\" \/>\n\t<meta property=\"og:image:height\" content=\"161\" \/>\n\t<meta property=\"og:image:type\" content=\"image\/jpeg\" \/>\n<meta name=\"twitter:card\" content=\"summary_large_image\" \/>\n<meta name=\"twitter:label1\" content=\"Est. reading time\" \/>\n\t<meta name=\"twitter:data1\" content=\"2 minutes\" \/>\n<script type=\"application\/ld+json\" class=\"yoast-schema-graph\">{\"@context\":\"https:\\\/\\\/schema.org\",\"@graph\":[{\"@type\":\"WebPage\",\"@id\":\"https:\\\/\\\/aurora.edu.vn\\\/en\\\/admissions\\\/\",\"url\":\"https:\\\/\\\/aurora.edu.vn\\\/en\\\/admissions\\\/\",\"name\":\"Admissions - Cao \u0111\u1eb3ng B\u00ecnh Minh S\u00e0i G\u00f2n\",\"isPartOf\":{\"@id\":\"https:\\\/\\\/aurora.edu.vn\\\/#website\"},\"primaryImageOfPage\":{\"@id\":\"https:\\\/\\\/aurora.edu.vn\\\/en\\\/admissions\\\/#primaryimage\"},\"image\":{\"@id\":\"https:\\\/\\\/aurora.edu.vn\\\/en\\\/admissions\\\/#primaryimage\"},\"thumbnailUrl\":\"https:\\\/\\\/aurora.edu.vn\\\/wp-content\\\/uploads\\\/2018\\\/10\\\/t---i-xu---ng.jpg\",\"datePublished\":\"2018-09-21T04:42:09+00:00\",\"dateModified\":\"2020-06-17T09:43:52+00:00\",\"breadcrumb\":{\"@id\":\"https:\\\/\\\/aurora.edu.vn\\\/en\\\/admissions\\\/#breadcrumb\"},\"inLanguage\":\"en-US\",\"potentialAction\":[{\"@type\":\"ReadAction\",\"target\":[\"https:\\\/\\\/aurora.edu.vn\\\/en\\\/admissions\\\/\"]}]},{\"@type\":\"ImageObject\",\"inLanguage\":\"en-US\",\"@id\":\"https:\\\/\\\/aurora.edu.vn\\\/en\\\/admissions\\\/#primaryimage\",\"url\":\"https:\\\/\\\/aurora.edu.vn\\\/wp-content\\\/uploads\\\/2018\\\/10\\\/t---i-xu---ng.jpg\",\"contentUrl\":\"https:\\\/\\\/aurora.edu.vn\\\/wp-content\\\/uploads\\\/2018\\\/10\\\/t---i-xu---ng.jpg\",\"width\":313,\"height\":161},{\"@type\":\"BreadcrumbList\",\"@id\":\"https:\\\/\\\/aurora.edu.vn\\\/en\\\/admissions\\\/#breadcrumb\",\"itemListElement\":[{\"@type\":\"ListItem\",\"position\":1,\"name\":\"Home\",\"item\":\"https:\\\/\\\/aurora.edu.vn\\\/\"},{\"@type\":\"ListItem\",\"position\":2,\"name\":\"Admissions\"}]},{\"@type\":\"WebSite\",\"@id\":\"https:\\\/\\\/aurora.edu.vn\\\/#website\",\"url\":\"https:\\\/\\\/aurora.edu.vn\\\/\",\"name\":\"Cao \u0111\u1eb3ng B\u00ecnh Minh S\u00e0i G\u00f2n\",\"description\":\"H\u1ec7 th\u1ed1ng Gi\u00e1o d\u1ee5c H\u00f9ng H\u1eadu\",\"publisher\":{\"@id\":\"https:\\\/\\\/aurora.edu.vn\\\/#organization\"},\"potentialAction\":[{\"@type\":\"SearchAction\",\"target\":{\"@type\":\"EntryPoint\",\"urlTemplate\":\"https:\\\/\\\/aurora.edu.vn\\\/?s={search_term_string}\"},\"query-input\":{\"@type\":\"PropertyValueSpecification\",\"valueRequired\":true,\"valueName\":\"search_term_string\"}}],\"inLanguage\":\"en-US\"},{\"@type\":\"Organization\",\"@id\":\"https:\\\/\\\/aurora.edu.vn\\\/#organization\",\"name\":\"Tr\u01b0\u1eddng Cao \u0111\u1eb3ng B\u00ecnh Minh S\u00e0i G\u00f2n\",\"url\":\"https:\\\/\\\/aurora.edu.vn\\\/\",\"logo\":{\"@type\":\"ImageObject\",\"inLanguage\":\"en-US\",\"@id\":\"https:\\\/\\\/aurora.edu.vn\\\/#\\\/schema\\\/logo\\\/image\\\/\",\"url\":\"https:\\\/\\\/aurora.edu.vn\\\/wp-content\\\/uploads\\\/2018\\\/02\\\/Aurora-logo.png\",\"contentUrl\":\"https:\\\/\\\/aurora.edu.vn\\\/wp-content\\\/uploads\\\/2018\\\/02\\\/Aurora-logo.png\",\"width\":450,\"height\":338,\"caption\":\"Tr\u01b0\u1eddng Cao \u0111\u1eb3ng B\u00ecnh Minh S\u00e0i G\u00f2n\"},\"image\":{\"@id\":\"https:\\\/\\\/aurora.edu.vn\\\/#\\\/schema\\\/logo\\\/image\\\/\"},\"sameAs\":[\"https:\\\/\\\/www.facebook.com\\\/aurora.edu.vn\"]}]}<\/script>\n<!-- \/ Yoast SEO plugin. -->","yoast_head_json":{"title":"Admissions - Cao \u0111\u1eb3ng B\u00ecnh Minh S\u00e0i G\u00f2n","robots":{"index":"index","follow":"follow","max-snippet":"max-snippet:-1","max-image-preview":"max-image-preview:large","max-video-preview":"max-video-preview:-1"},"canonical":"https:\/\/aurora.edu.vn\/en\/admissions\/","og_locale":"en_US","og_type":"article","og_title":"Admissions - Cao \u0111\u1eb3ng B\u00ecnh Minh S\u00e0i G\u00f2n","og_description":"AURORA SAIGON COLLEGE\u00a0 I. NEW ENROLLMENT SCHOOL-YEAR 2020: COLLEGE\u00a0LEVEL 1. Form of enrollment:\u00a0QUALIFIED DOCUMENTS\u00a0\u00a0 Entrance qualification: high-school graduates (or equal to); intermediate school graduates (professional intermediate or vocational school) 2. Enrollment area: NATIONWIDE\u00a0 Students are\u00a0 given priority in the area and subject to the current enrollment regulations of the Ministry of Labor, War Invalids and [...]","og_url":"https:\/\/aurora.edu.vn\/en\/admissions\/","og_site_name":"Cao \u0111\u1eb3ng B\u00ecnh Minh S\u00e0i G\u00f2n","article_publisher":"https:\/\/www.facebook.com\/aurora.edu.vn","article_modified_time":"2020-06-17T09:43:52+00:00","og_image":[{"width":313,"height":161,"url":"https:\/\/aurora.edu.vn\/wp-content\/uploads\/2018\/10\/t---i-xu---ng.jpg","type":"image\/jpeg"}],"twitter_card":"summary_large_image","twitter_misc":{"Est. reading time":"2 minutes"},"schema":{"@context":"https:\/\/schema.org","@graph":[{"@type":"WebPage","@id":"https:\/\/aurora.edu.vn\/en\/admissions\/","url":"https:\/\/aurora.edu.vn\/en\/admissions\/","name":"Admissions - Cao \u0111\u1eb3ng B\u00ecnh Minh S\u00e0i G\u00f2n","isPartOf":{"@id":"https:\/\/aurora.edu.vn\/#website"},"primaryImageOfPage":{"@id":"https:\/\/aurora.edu.vn\/en\/admissions\/#primaryimage"},"image":{"@id":"https:\/\/aurora.edu.vn\/en\/admissions\/#primaryimage"},"thumbnailUrl":"https:\/\/aurora.edu.vn\/wp-content\/uploads\/2018\/10\/t---i-xu---ng.jpg","datePublished":"2018-09-21T04:42:09+00:00","dateModified":"2020-06-17T09:43:52+00:00","breadcrumb":{"@id":"https:\/\/aurora.edu.vn\/en\/admissions\/#breadcrumb"},"inLanguage":"en-US","potentialAction":[{"@type":"ReadAction","target":["https:\/\/aurora.edu.vn\/en\/admissions\/"]}]},{"@type":"ImageObject","inLanguage":"en-US","@id":"https:\/\/aurora.edu.vn\/en\/admissions\/#primaryimage","url":"https:\/\/aurora.edu.vn\/wp-content\/uploads\/2018\/10\/t---i-xu---ng.jpg","contentUrl":"https:\/\/aurora.edu.vn\/wp-content\/uploads\/2018\/10\/t---i-xu---ng.jpg","width":313,"height":161},{"@type":"BreadcrumbList","@id":"https:\/\/aurora.edu.vn\/en\/admissions\/#breadcrumb","itemListElement":[{"@type":"ListItem","position":1,"name":"Home","item":"https:\/\/aurora.edu.vn\/"},{"@type":"ListItem","position":2,"name":"Admissions"}]},{"@type":"WebSite","@id":"https:\/\/aurora.edu.vn\/#website","url":"https:\/\/aurora.edu.vn\/","name":"Cao \u0111\u1eb3ng B\u00ecnh Minh S\u00e0i G\u00f2n","description":"H\u1ec7 th\u1ed1ng Gi\u00e1o d\u1ee5c H\u00f9ng H\u1eadu","publisher":{"@id":"https:\/\/aurora.edu.vn\/#organization"},"potentialAction":[{"@type":"SearchAction","target":{"@type":"EntryPoint","urlTemplate":"https:\/\/aurora.edu.vn\/?s={search_term_string}"},"query-input":{"@type":"PropertyValueSpecification","valueRequired":true,"valueName":"search_term_string"}}],"inLanguage":"en-US"},{"@type":"Organization","@id":"https:\/\/aurora.edu.vn\/#organization","name":"Tr\u01b0\u1eddng Cao \u0111\u1eb3ng B\u00ecnh Minh S\u00e0i G\u00f2n","url":"https:\/\/aurora.edu.vn\/","logo":{"@type":"ImageObject","inLanguage":"en-US","@id":"https:\/\/aurora.edu.vn\/#\/schema\/logo\/image\/","url":"https:\/\/aurora.edu.vn\/wp-content\/uploads\/2018\/02\/Aurora-logo.png","contentUrl":"https:\/\/aurora.edu.vn\/wp-content\/uploads\/2018\/02\/Aurora-logo.png","width":450,"height":338,"caption":"Tr\u01b0\u1eddng Cao \u0111\u1eb3ng B\u00ecnh Minh S\u00e0i G\u00f2n"},"image":{"@id":"https:\/\/aurora.edu.vn\/#\/schema\/logo\/image\/"},"sameAs":["https:\/\/www.facebook.com\/aurora.edu.vn"]}]}},"_links":{"self":[{"href":"https:\/\/aurora.edu.vn\/en\/wp-json\/wp\/v2\/pages\/8353","targetHints":{"allow":["GET"]}}],"collection":[{"href":"https:\/\/aurora.edu.vn\/en\/wp-json\/wp\/v2\/pages"}],"about":[{"href":"https:\/\/aurora.edu.vn\/en\/wp-json\/wp\/v2\/types\/page"}],"author":[{"embeddable":true,"href":"https:\/\/aurora.edu.vn\/en\/wp-json\/wp\/v2\/users\/1"}],"replies":[{"embeddable":true,"href":"https:\/\/aurora.edu.vn\/en\/wp-json\/wp\/v2\/comments?post=8353"}],"version-history":[{"count":10,"href":"https:\/\/aurora.edu.vn\/en\/wp-json\/wp\/v2\/pages\/8353\/revisions"}],"predecessor-version":[{"id":11332,"href":"https:\/\/aurora.edu.vn\/en\/wp-json\/wp\/v2\/pages\/8353\/revisions\/11332"}],"wp:featuredmedia":[{"embeddable":true,"href":"https:\/\/aurora.edu.vn\/en\/wp-json\/wp\/v2\/media\/8614"}],"wp:attachment":[{"href":"https:\/\/aurora.edu.vn\/en\/wp-json\/wp\/v2\/media?parent=8353"}],"curies":[{"name":"wp","href":"https:\/\/api.w.org\/{rel}","templated":true}]}}