{"id":8356,"date":"2018-09-20T21:43:11","date_gmt":"2018-09-21T04:43:11","guid":{"rendered":"http:\/\/vx.edu.vn\/?page_id=8356"},"modified":"2020-06-17T01:11:09","modified_gmt":"2020-06-17T08:11:09","slug":"education-program","status":"publish","type":"page","link":"https:\/\/aurora.edu.vn\/en\/education-program\/","title":{"rendered":"Academics"},"content":{"rendered":"<p><img loading=\"lazy\" decoding=\"async\" class=\"alignleft size-large wp-image-10330\" src=\"https:\/\/aurora.edu.vn\/wp-content\/uploads\/2020\/03\/88014305_749954402078785_3281412953252823040_o-800x302.jpg\" alt=\"\" width=\"800\" height=\"302\" srcset=\"https:\/\/aurora.edu.vn\/wp-content\/uploads\/2020\/03\/88014305_749954402078785_3281412953252823040_o-800x302.jpg 800w, https:\/\/aurora.edu.vn\/wp-content\/uploads\/2020\/03\/88014305_749954402078785_3281412953252823040_o-768x290.jpg 768w, https:\/\/aurora.edu.vn\/wp-content\/uploads\/2020\/03\/88014305_749954402078785_3281412953252823040_o-1536x581.jpg 1536w, https:\/\/aurora.edu.vn\/wp-content\/uploads\/2020\/03\/88014305_749954402078785_3281412953252823040_o.jpg 1709w\" sizes=\"auto, (max-width: 800px) 100vw, 800px\" \/><\/p>\n<p>&nbsp;<\/p>\n<p>&nbsp;<\/p>\n<p>&nbsp;<\/p>\n<p>&nbsp;<\/p>\n<p>&nbsp;<\/p>\n<p>&nbsp;<\/p>\n<p>&nbsp;<\/p>\n<p style=\"text-align: left;\"><b>Academic programs<\/b><\/p>\n<table width=\"348\">\n<tbody>\n<tr>\n<td width=\"141\"><strong>College<\/strong><\/td>\n<td width=\"201\"><b>Vocational training<\/b><\/td>\n<\/tr>\n<tr>\n<td width=\"141\"><a href=\"https:\/\/aurora.edu.vn\/chuong-trinh-dao-tao\/cao-dang\/cong-nghe-thong-tin\/\">Information Technology<\/a><\/td>\n<td width=\"201\">Network Administrator<\/td>\n<\/tr>\n<tr>\n<td width=\"141\">Communication Technology<\/td>\n<td width=\"201\">Electrical and Electronic Technology<\/td>\n<\/tr>\n<tr>\n<td width=\"141\">Civil Electrical Engineering<\/td>\n<td width=\"201\">Applied Informatics<\/td>\n<\/tr>\n<tr>\n<td width=\"141\">Graphic Design<\/td>\n<td width=\"201\">Communication Technology<\/td>\n<\/tr>\n<tr>\n<td width=\"141\">Accounting<\/td>\n<td width=\"201\">Graphic Design<\/td>\n<\/tr>\n<tr>\n<td width=\"141\">Business Administration<\/td>\n<td width=\"201\">Civil Electrical Engineering<\/td>\n<\/tr>\n<tr>\n<td width=\"141\">Tourism service and Travel management<\/td>\n<td width=\"201\"><span lang=\"en\">Operating and\u00a0Maintaining cooling\u00a0equipments<\/span><\/td>\n<\/tr>\n<tr>\n<td width=\"141\">Hospitality Management<\/td>\n<td width=\"201\">Enterprise Management<\/td>\n<\/tr>\n<tr>\n<td width=\"141\">Restaurant Management and Gastronomy<\/td>\n<td width=\"201\">Enterprise Accounting<\/td>\n<\/tr>\n<tr>\n<td width=\"141\">Culinary Art<\/td>\n<td width=\"201\">Tourism service and Travel management<\/td>\n<\/tr>\n<tr>\n<td width=\"141\">Nursing<\/td>\n<td width=\"201\">Beverage Preparation Techniques<\/td>\n<\/tr>\n<tr>\n<td width=\"141\">English Language<\/td>\n<td width=\"201\">Culinary Art<\/td>\n<\/tr>\n<tr>\n<td width=\"141\">Japanese Language<\/td>\n<td width=\"201\">Japanese Language<\/td>\n<\/tr>\n<tr>\n<td width=\"141\">Korean Language<\/td>\n<td width=\"201\">Korean Language<\/td>\n<\/tr>\n<tr>\n<td width=\"141\">Chinese Language<\/td>\n<td width=\"201\">English for Hotel and Restaurant Receptionist<\/td>\n<\/tr>\n<\/tbody>\n<\/table>\n","protected":false},"excerpt":{"rendered":"<p>&nbsp; &nbsp; &nbsp; &nbsp; &nbsp; &nbsp; &nbsp; Academic programs College Vocational training Information Technology Network Administrator Communication Technology Electrical and Electronic Technology Civil Electrical Engineering Applied Informatics Graphic Design Communication Technology Accounting Graphic Design Business Administration Civil Electrical Engineering Tourism service and Travel management Operating and\u00a0Maintaining cooling\u00a0equipments Hospitality Management Enterprise Management Restaurant Management and Gastronomy [&#8230;]\n","protected":false},"author":1,"featured_media":0,"parent":0,"menu_order":0,"comment_status":"closed","ping_status":"closed","template":"","meta":{"footnotes":""},"class_list":["post-8356","page","type-page","status-publish","hentry"],"yoast_head":"<!-- This site is optimized with the Yoast SEO plugin v27.3 - https:\/\/yoast.com\/product\/yoast-seo-wordpress\/ -->\n<title>Academics - Cao \u0111\u1eb3ng B\u00ecnh Minh S\u00e0i G\u00f2n<\/title>\n<meta name=\"robots\" content=\"index, follow, max-snippet:-1, max-image-preview:large, max-video-preview:-1\" \/>\n<link rel=\"canonical\" href=\"https:\/\/aurora.edu.vn\/en\/education-program\/\" \/>\n<meta property=\"og:locale\" content=\"en_US\" \/>\n<meta property=\"og:type\" content=\"article\" \/>\n<meta property=\"og:title\" content=\"Academics - Cao \u0111\u1eb3ng B\u00ecnh Minh S\u00e0i G\u00f2n\" \/>\n<meta property=\"og:description\" content=\"&nbsp; &nbsp; &nbsp; &nbsp; &nbsp; &nbsp; &nbsp; Academic programs College Vocational training Information Technology Network Administrator Communication Technology Electrical and Electronic Technology Civil Electrical Engineering Applied Informatics Graphic Design Communication Technology Accounting Graphic Design Business Administration Civil Electrical Engineering Tourism service and Travel management Operating and\u00a0Maintaining cooling\u00a0equipments Hospitality Management Enterprise Management Restaurant Management and Gastronomy [...]\" \/>\n<meta property=\"og:url\" content=\"https:\/\/aurora.edu.vn\/en\/education-program\/\" \/>\n<meta property=\"og:site_name\" content=\"Cao \u0111\u1eb3ng B\u00ecnh Minh S\u00e0i G\u00f2n\" \/>\n<meta property=\"article:publisher\" content=\"https:\/\/www.facebook.com\/aurora.edu.vn\" \/>\n<meta property=\"article:modified_time\" content=\"2020-06-17T08:11:09+00:00\" \/>\n<meta property=\"og:image\" content=\"https:\/\/aurora.edu.vn\/wp-content\/uploads\/2020\/03\/88014305_749954402078785_3281412953252823040_o-800x302.jpg\" \/>\n<meta name=\"twitter:card\" content=\"summary_large_image\" \/>\n<script type=\"application\/ld+json\" class=\"yoast-schema-graph\">{\"@context\":\"https:\\\/\\\/schema.org\",\"@graph\":[{\"@type\":\"WebPage\",\"@id\":\"https:\\\/\\\/aurora.edu.vn\\\/en\\\/education-program\\\/\",\"url\":\"https:\\\/\\\/aurora.edu.vn\\\/en\\\/education-program\\\/\",\"name\":\"Academics - Cao \u0111\u1eb3ng B\u00ecnh Minh S\u00e0i G\u00f2n\",\"isPartOf\":{\"@id\":\"https:\\\/\\\/aurora.edu.vn\\\/#website\"},\"primaryImageOfPage\":{\"@id\":\"https:\\\/\\\/aurora.edu.vn\\\/en\\\/education-program\\\/#primaryimage\"},\"image\":{\"@id\":\"https:\\\/\\\/aurora.edu.vn\\\/en\\\/education-program\\\/#primaryimage\"},\"thumbnailUrl\":\"https:\\\/\\\/aurora.edu.vn\\\/wp-content\\\/uploads\\\/2020\\\/03\\\/88014305_749954402078785_3281412953252823040_o-800x302.jpg\",\"datePublished\":\"2018-09-21T04:43:11+00:00\",\"dateModified\":\"2020-06-17T08:11:09+00:00\",\"breadcrumb\":{\"@id\":\"https:\\\/\\\/aurora.edu.vn\\\/en\\\/education-program\\\/#breadcrumb\"},\"inLanguage\":\"en-US\",\"potentialAction\":[{\"@type\":\"ReadAction\",\"target\":[\"https:\\\/\\\/aurora.edu.vn\\\/en\\\/education-program\\\/\"]}]},{\"@type\":\"ImageObject\",\"inLanguage\":\"en-US\",\"@id\":\"https:\\\/\\\/aurora.edu.vn\\\/en\\\/education-program\\\/#primaryimage\",\"url\":\"https:\\\/\\\/aurora.edu.vn\\\/wp-content\\\/uploads\\\/2020\\\/03\\\/88014305_749954402078785_3281412953252823040_o-800x302.jpg\",\"contentUrl\":\"https:\\\/\\\/aurora.edu.vn\\\/wp-content\\\/uploads\\\/2020\\\/03\\\/88014305_749954402078785_3281412953252823040_o-800x302.jpg\"},{\"@type\":\"BreadcrumbList\",\"@id\":\"https:\\\/\\\/aurora.edu.vn\\\/en\\\/education-program\\\/#breadcrumb\",\"itemListElement\":[{\"@type\":\"ListItem\",\"position\":1,\"name\":\"Home\",\"item\":\"https:\\\/\\\/aurora.edu.vn\\\/\"},{\"@type\":\"ListItem\",\"position\":2,\"name\":\"Academics\"}]},{\"@type\":\"WebSite\",\"@id\":\"https:\\\/\\\/aurora.edu.vn\\\/#website\",\"url\":\"https:\\\/\\\/aurora.edu.vn\\\/\",\"name\":\"Cao \u0111\u1eb3ng B\u00ecnh Minh S\u00e0i G\u00f2n\",\"description\":\"H\u1ec7 th\u1ed1ng Gi\u00e1o d\u1ee5c H\u00f9ng H\u1eadu\",\"publisher\":{\"@id\":\"https:\\\/\\\/aurora.edu.vn\\\/#organization\"},\"potentialAction\":[{\"@type\":\"SearchAction\",\"target\":{\"@type\":\"EntryPoint\",\"urlTemplate\":\"https:\\\/\\\/aurora.edu.vn\\\/?s={search_term_string}\"},\"query-input\":{\"@type\":\"PropertyValueSpecification\",\"valueRequired\":true,\"valueName\":\"search_term_string\"}}],\"inLanguage\":\"en-US\"},{\"@type\":\"Organization\",\"@id\":\"https:\\\/\\\/aurora.edu.vn\\\/#organization\",\"name\":\"Tr\u01b0\u1eddng Cao \u0111\u1eb3ng B\u00ecnh Minh S\u00e0i G\u00f2n\",\"url\":\"https:\\\/\\\/aurora.edu.vn\\\/\",\"logo\":{\"@type\":\"ImageObject\",\"inLanguage\":\"en-US\",\"@id\":\"https:\\\/\\\/aurora.edu.vn\\\/#\\\/schema\\\/logo\\\/image\\\/\",\"url\":\"https:\\\/\\\/aurora.edu.vn\\\/wp-content\\\/uploads\\\/2018\\\/02\\\/Aurora-logo.png\",\"contentUrl\":\"https:\\\/\\\/aurora.edu.vn\\\/wp-content\\\/uploads\\\/2018\\\/02\\\/Aurora-logo.png\",\"width\":450,\"height\":338,\"caption\":\"Tr\u01b0\u1eddng Cao \u0111\u1eb3ng B\u00ecnh Minh S\u00e0i G\u00f2n\"},\"image\":{\"@id\":\"https:\\\/\\\/aurora.edu.vn\\\/#\\\/schema\\\/logo\\\/image\\\/\"},\"sameAs\":[\"https:\\\/\\\/www.facebook.com\\\/aurora.edu.vn\"]}]}<\/script>\n<!-- \/ Yoast SEO plugin. -->","yoast_head_json":{"title":"Academics - Cao \u0111\u1eb3ng B\u00ecnh Minh S\u00e0i G\u00f2n","robots":{"index":"index","follow":"follow","max-snippet":"max-snippet:-1","max-image-preview":"max-image-preview:large","max-video-preview":"max-video-preview:-1"},"canonical":"https:\/\/aurora.edu.vn\/en\/education-program\/","og_locale":"en_US","og_type":"article","og_title":"Academics - Cao \u0111\u1eb3ng B\u00ecnh Minh S\u00e0i G\u00f2n","og_description":"&nbsp; &nbsp; &nbsp; &nbsp; &nbsp; &nbsp; &nbsp; Academic programs College Vocational training Information Technology Network Administrator Communication Technology Electrical and Electronic Technology Civil Electrical Engineering Applied Informatics Graphic Design Communication Technology Accounting Graphic Design Business Administration Civil Electrical Engineering Tourism service and Travel management Operating and\u00a0Maintaining cooling\u00a0equipments Hospitality Management Enterprise Management Restaurant Management and Gastronomy [...]","og_url":"https:\/\/aurora.edu.vn\/en\/education-program\/","og_site_name":"Cao \u0111\u1eb3ng B\u00ecnh Minh S\u00e0i G\u00f2n","article_publisher":"https:\/\/www.facebook.com\/aurora.edu.vn","article_modified_time":"2020-06-17T08:11:09+00:00","og_image":[{"url":"https:\/\/aurora.edu.vn\/wp-content\/uploads\/2020\/03\/88014305_749954402078785_3281412953252823040_o-800x302.jpg","type":"","width":"","height":""}],"twitter_card":"summary_large_image","schema":{"@context":"https:\/\/schema.org","@graph":[{"@type":"WebPage","@id":"https:\/\/aurora.edu.vn\/en\/education-program\/","url":"https:\/\/aurora.edu.vn\/en\/education-program\/","name":"Academics - Cao \u0111\u1eb3ng B\u00ecnh Minh S\u00e0i G\u00f2n","isPartOf":{"@id":"https:\/\/aurora.edu.vn\/#website"},"primaryImageOfPage":{"@id":"https:\/\/aurora.edu.vn\/en\/education-program\/#primaryimage"},"image":{"@id":"https:\/\/aurora.edu.vn\/en\/education-program\/#primaryimage"},"thumbnailUrl":"https:\/\/aurora.edu.vn\/wp-content\/uploads\/2020\/03\/88014305_749954402078785_3281412953252823040_o-800x302.jpg","datePublished":"2018-09-21T04:43:11+00:00","dateModified":"2020-06-17T08:11:09+00:00","breadcrumb":{"@id":"https:\/\/aurora.edu.vn\/en\/education-program\/#breadcrumb"},"inLanguage":"en-US","potentialAction":[{"@type":"ReadAction","target":["https:\/\/aurora.edu.vn\/en\/education-program\/"]}]},{"@type":"ImageObject","inLanguage":"en-US","@id":"https:\/\/aurora.edu.vn\/en\/education-program\/#primaryimage","url":"https:\/\/aurora.edu.vn\/wp-content\/uploads\/2020\/03\/88014305_749954402078785_3281412953252823040_o-800x302.jpg","contentUrl":"https:\/\/aurora.edu.vn\/wp-content\/uploads\/2020\/03\/88014305_749954402078785_3281412953252823040_o-800x302.jpg"},{"@type":"BreadcrumbList","@id":"https:\/\/aurora.edu.vn\/en\/education-program\/#breadcrumb","itemListElement":[{"@type":"ListItem","position":1,"name":"Home","item":"https:\/\/aurora.edu.vn\/"},{"@type":"ListItem","position":2,"name":"Academics"}]},{"@type":"WebSite","@id":"https:\/\/aurora.edu.vn\/#website","url":"https:\/\/aurora.edu.vn\/","name":"Cao \u0111\u1eb3ng B\u00ecnh Minh S\u00e0i G\u00f2n","description":"H\u1ec7 th\u1ed1ng Gi\u00e1o d\u1ee5c H\u00f9ng H\u1eadu","publisher":{"@id":"https:\/\/aurora.edu.vn\/#organization"},"potentialAction":[{"@type":"SearchAction","target":{"@type":"EntryPoint","urlTemplate":"https:\/\/aurora.edu.vn\/?s={search_term_string}"},"query-input":{"@type":"PropertyValueSpecification","valueRequired":true,"valueName":"search_term_string"}}],"inLanguage":"en-US"},{"@type":"Organization","@id":"https:\/\/aurora.edu.vn\/#organization","name":"Tr\u01b0\u1eddng Cao \u0111\u1eb3ng B\u00ecnh Minh S\u00e0i G\u00f2n","url":"https:\/\/aurora.edu.vn\/","logo":{"@type":"ImageObject","inLanguage":"en-US","@id":"https:\/\/aurora.edu.vn\/#\/schema\/logo\/image\/","url":"https:\/\/aurora.edu.vn\/wp-content\/uploads\/2018\/02\/Aurora-logo.png","contentUrl":"https:\/\/aurora.edu.vn\/wp-content\/uploads\/2018\/02\/Aurora-logo.png","width":450,"height":338,"caption":"Tr\u01b0\u1eddng Cao \u0111\u1eb3ng B\u00ecnh Minh S\u00e0i G\u00f2n"},"image":{"@id":"https:\/\/aurora.edu.vn\/#\/schema\/logo\/image\/"},"sameAs":["https:\/\/www.facebook.com\/aurora.edu.vn"]}]}},"_links":{"self":[{"href":"https:\/\/aurora.edu.vn\/en\/wp-json\/wp\/v2\/pages\/8356","targetHints":{"allow":["GET"]}}],"collection":[{"href":"https:\/\/aurora.edu.vn\/en\/wp-json\/wp\/v2\/pages"}],"about":[{"href":"https:\/\/aurora.edu.vn\/en\/wp-json\/wp\/v2\/types\/page"}],"author":[{"embeddable":true,"href":"https:\/\/aurora.edu.vn\/en\/wp-json\/wp\/v2\/users\/1"}],"replies":[{"embeddable":true,"href":"https:\/\/aurora.edu.vn\/en\/wp-json\/wp\/v2\/comments?post=8356"}],"version-history":[{"count":6,"href":"https:\/\/aurora.edu.vn\/en\/wp-json\/wp\/v2\/pages\/8356\/revisions"}],"predecessor-version":[{"id":11317,"href":"https:\/\/aurora.edu.vn\/en\/wp-json\/wp\/v2\/pages\/8356\/revisions\/11317"}],"wp:attachment":[{"href":"https:\/\/aurora.edu.vn\/en\/wp-json\/wp\/v2\/media?parent=8356"}],"curies":[{"name":"wp","href":"https:\/\/api.w.org\/{rel}","templated":true}]}}