{"id":8387,"date":"2018-10-11T23:46:00","date_gmt":"2018-10-12T06:46:00","guid":{"rendered":"http:\/\/vx.edu.vn\/?page_id=8387"},"modified":"2020-06-11T01:05:48","modified_gmt":"2020-06-11T08:05:48","slug":"accounting","status":"publish","type":"page","link":"https:\/\/aurora.edu.vn\/en\/department-of-economics\/accounting\/","title":{"rendered":"Accounting"},"content":{"rendered":"<p style=\"text-align: left;\"><strong>ACCOUNTING<br \/>\n<\/strong><\/p>\n<p>Major code:\u00a0<strong>6340301<img loading=\"lazy\" decoding=\"async\" class=\" wp-image-10675 alignright\" src=\"https:\/\/aurora.edu.vn\/wp-content\/uploads\/2020\/05\/Ke-toan.jpg\" alt=\"\" width=\"506\" height=\"245\" \/><\/strong><\/p>\n<p><strong>Degree<\/strong>: College<\/p>\n<p><strong>Training mode<\/strong>:\u00a0Full time<\/p>\n<p><strong>Enrollment requirements<\/strong>: student must hold at least a High school Certificate of Completion or equivalent level.<\/p>\n<p><strong>Training duration:\u00a0<\/strong>2.5 years<\/p>\n<p><b>Core curriculum: <\/b><a href=\"https:\/\/aurora.edu.vn\/wp-content\/uploads\/2020\/05\/CTKHUNG-C%C4%90-KT.pdf\">CD-KT.pdf<\/a><\/p>\n<p><strong>1. Training objectives \u00a0\u00a0\u00a0\u00a0\u00a0\u00a0\u00a0\u00a0\u00a0\u00a0\u00a0\u00a0\u00a0\u00a0\u00a0\u00a0\u00a0\u00a0\u00a0\u00a0\u00a0\u00a0\u00a0\u00a0 <\/strong><\/p>\n<p><strong>Knowledge: <\/strong>Students are able to<\/p>\n<p>&#8211; To specify the accounting machine configuration structure for each enterprise.<\/p>\n<p>&#8211; To dertermine the accounting accounting use for an enterprise.<\/p>\n<p>&#8211; To apply documentation system into the accounting operation.<\/p>\n<p>&#8211; To build an accounting system with each enterprise.<\/p>\n<p>&#8211; To update the current date of the accounting mode, latest information, the latest software version of accounting at enterprise.<\/p>\n<p><strong>Skills: <\/strong>Students are able to<\/p>\n<p>&#8211; Make vouchers, check, classify and handle accounting vouchers.<\/p>\n<p>&#8211; Use of accounting vouchers in general and detailed accounting book entries.<\/p>\n<p>&#8211; Organizing the accounting work suitable to the enterprise.<\/p>\n<p>&#8211; Prepare financial accounting reports and tax reports of enterprises.<\/p>\n<p>&#8211; Analyzing the financial situation of enterprises.<\/p>\n<p>&#8211; Examining and evaluating the financial and accounting work of the enterprise.<\/p>\n<p>&#8211; Providing some economic information on production and business activities of the unit to serve the leadership and economic management requirements of the unit.<\/p>\n<p>&#8211; Establish a corporate finance plan.<\/p>\n<p>&#8211; Use 2 to 3 popular accounting softwares.<\/p>\n<p><strong>2. Job opportunity after graduation <\/strong><\/p>\n<p>&#8211; Accountant.<\/p>\n<p>&#8211; General Accountant.<\/p>\n<p>&#8211; Chief accountant (supplemented with certificates of chief accountant)<\/p>\n<p>&#8211; Accounting and finance officers in various types of enterprises of the economy, non-profit organizations, social organizations and non-governmental organizations.<\/p>\n<p>After graduating from college, students have the opportunity to transfer to university, study to master degree &#8230; so that they can expand their knowledge and find jobs in more suitable positions such as:<\/p>\n<p>&#8211; Create a self-service accounting firm.<\/p>\n<p>&#8211; Lecturers on accounting at schools, institutes, research centers, accounting human resources training centers, auditing.<\/p>\n","protected":false},"excerpt":{"rendered":"<p>ACCOUNTING Major code:\u00a06340301 Degree: College Training mode:\u00a0Full time Enrollment requirements: student must hold at least a High school Certificate of Completion or equivalent level. Training duration:\u00a02.5 years Core curriculum: CD-KT.pdf 1. Training objectives \u00a0\u00a0\u00a0\u00a0\u00a0\u00a0\u00a0\u00a0\u00a0\u00a0\u00a0\u00a0\u00a0\u00a0\u00a0\u00a0\u00a0\u00a0\u00a0\u00a0\u00a0\u00a0\u00a0\u00a0 Knowledge: Students are able to &#8211; To specify the accounting machine configuration structure for each enterprise. &#8211; To dertermine the accounting [&#8230;]\n","protected":false},"author":10,"featured_media":0,"parent":8417,"menu_order":0,"comment_status":"closed","ping_status":"closed","template":"","meta":{"footnotes":""},"class_list":["post-8387","page","type-page","status-publish","hentry"],"yoast_head":"<!-- This site is optimized with the Yoast SEO plugin v27.3 - https:\/\/yoast.com\/product\/yoast-seo-wordpress\/ -->\n<title>Accounting - Cao \u0111\u1eb3ng B\u00ecnh Minh S\u00e0i G\u00f2n<\/title>\n<meta name=\"robots\" content=\"index, follow, max-snippet:-1, max-image-preview:large, max-video-preview:-1\" \/>\n<link rel=\"canonical\" href=\"https:\/\/aurora.edu.vn\/en\/department-of-economics\/accounting\/\" \/>\n<meta property=\"og:locale\" content=\"en_US\" \/>\n<meta property=\"og:type\" content=\"article\" \/>\n<meta property=\"og:title\" content=\"Accounting - Cao \u0111\u1eb3ng B\u00ecnh Minh S\u00e0i G\u00f2n\" \/>\n<meta property=\"og:description\" content=\"ACCOUNTING Major code:\u00a06340301 Degree: College Training mode:\u00a0Full time Enrollment requirements: student must hold at least a High school Certificate of Completion or equivalent level. Training duration:\u00a02.5 years Core curriculum: CD-KT.pdf 1. Training objectives \u00a0\u00a0\u00a0\u00a0\u00a0\u00a0\u00a0\u00a0\u00a0\u00a0\u00a0\u00a0\u00a0\u00a0\u00a0\u00a0\u00a0\u00a0\u00a0\u00a0\u00a0\u00a0\u00a0\u00a0 Knowledge: Students are able to &#8211; To specify the accounting machine configuration structure for each enterprise. &#8211; To dertermine the accounting [...]\" \/>\n<meta property=\"og:url\" content=\"https:\/\/aurora.edu.vn\/en\/department-of-economics\/accounting\/\" \/>\n<meta property=\"og:site_name\" content=\"Cao \u0111\u1eb3ng B\u00ecnh Minh S\u00e0i G\u00f2n\" \/>\n<meta property=\"article:publisher\" content=\"https:\/\/www.facebook.com\/aurora.edu.vn\" \/>\n<meta property=\"article:modified_time\" content=\"2020-06-11T08:05:48+00:00\" \/>\n<meta property=\"og:image\" content=\"https:\/\/aurora.edu.vn\/wp-content\/uploads\/2020\/05\/Ke-toan.jpg\" \/>\n<meta name=\"twitter:card\" content=\"summary_large_image\" \/>\n<meta name=\"twitter:label1\" content=\"Est. reading time\" \/>\n\t<meta name=\"twitter:data1\" content=\"1 minute\" \/>\n<script type=\"application\/ld+json\" class=\"yoast-schema-graph\">{\"@context\":\"https:\\\/\\\/schema.org\",\"@graph\":[{\"@type\":\"WebPage\",\"@id\":\"https:\\\/\\\/aurora.edu.vn\\\/en\\\/department-of-economics\\\/accounting\\\/\",\"url\":\"https:\\\/\\\/aurora.edu.vn\\\/en\\\/department-of-economics\\\/accounting\\\/\",\"name\":\"Accounting - Cao \u0111\u1eb3ng B\u00ecnh Minh S\u00e0i G\u00f2n\",\"isPartOf\":{\"@id\":\"https:\\\/\\\/aurora.edu.vn\\\/#website\"},\"primaryImageOfPage\":{\"@id\":\"https:\\\/\\\/aurora.edu.vn\\\/en\\\/department-of-economics\\\/accounting\\\/#primaryimage\"},\"image\":{\"@id\":\"https:\\\/\\\/aurora.edu.vn\\\/en\\\/department-of-economics\\\/accounting\\\/#primaryimage\"},\"thumbnailUrl\":\"https:\\\/\\\/aurora.edu.vn\\\/wp-content\\\/uploads\\\/2020\\\/05\\\/Ke-toan.jpg\",\"datePublished\":\"2018-10-12T06:46:00+00:00\",\"dateModified\":\"2020-06-11T08:05:48+00:00\",\"breadcrumb\":{\"@id\":\"https:\\\/\\\/aurora.edu.vn\\\/en\\\/department-of-economics\\\/accounting\\\/#breadcrumb\"},\"inLanguage\":\"en-US\",\"potentialAction\":[{\"@type\":\"ReadAction\",\"target\":[\"https:\\\/\\\/aurora.edu.vn\\\/en\\\/department-of-economics\\\/accounting\\\/\"]}]},{\"@type\":\"ImageObject\",\"inLanguage\":\"en-US\",\"@id\":\"https:\\\/\\\/aurora.edu.vn\\\/en\\\/department-of-economics\\\/accounting\\\/#primaryimage\",\"url\":\"https:\\\/\\\/aurora.edu.vn\\\/wp-content\\\/uploads\\\/2020\\\/05\\\/Ke-toan.jpg\",\"contentUrl\":\"https:\\\/\\\/aurora.edu.vn\\\/wp-content\\\/uploads\\\/2020\\\/05\\\/Ke-toan.jpg\"},{\"@type\":\"BreadcrumbList\",\"@id\":\"https:\\\/\\\/aurora.edu.vn\\\/en\\\/department-of-economics\\\/accounting\\\/#breadcrumb\",\"itemListElement\":[{\"@type\":\"ListItem\",\"position\":1,\"name\":\"Home\",\"item\":\"https:\\\/\\\/aurora.edu.vn\\\/\"},{\"@type\":\"ListItem\",\"position\":2,\"name\":\"College\",\"item\":\"https:\\\/\\\/aurora.edu.vn\\\/en\\\/department-of-economics\\\/\"},{\"@type\":\"ListItem\",\"position\":3,\"name\":\"Accounting\"}]},{\"@type\":\"WebSite\",\"@id\":\"https:\\\/\\\/aurora.edu.vn\\\/#website\",\"url\":\"https:\\\/\\\/aurora.edu.vn\\\/\",\"name\":\"Cao \u0111\u1eb3ng B\u00ecnh Minh S\u00e0i G\u00f2n\",\"description\":\"H\u1ec7 th\u1ed1ng Gi\u00e1o d\u1ee5c H\u00f9ng H\u1eadu\",\"publisher\":{\"@id\":\"https:\\\/\\\/aurora.edu.vn\\\/#organization\"},\"potentialAction\":[{\"@type\":\"SearchAction\",\"target\":{\"@type\":\"EntryPoint\",\"urlTemplate\":\"https:\\\/\\\/aurora.edu.vn\\\/?s={search_term_string}\"},\"query-input\":{\"@type\":\"PropertyValueSpecification\",\"valueRequired\":true,\"valueName\":\"search_term_string\"}}],\"inLanguage\":\"en-US\"},{\"@type\":\"Organization\",\"@id\":\"https:\\\/\\\/aurora.edu.vn\\\/#organization\",\"name\":\"Tr\u01b0\u1eddng Cao \u0111\u1eb3ng B\u00ecnh Minh S\u00e0i G\u00f2n\",\"url\":\"https:\\\/\\\/aurora.edu.vn\\\/\",\"logo\":{\"@type\":\"ImageObject\",\"inLanguage\":\"en-US\",\"@id\":\"https:\\\/\\\/aurora.edu.vn\\\/#\\\/schema\\\/logo\\\/image\\\/\",\"url\":\"https:\\\/\\\/aurora.edu.vn\\\/wp-content\\\/uploads\\\/2018\\\/02\\\/Aurora-logo.png\",\"contentUrl\":\"https:\\\/\\\/aurora.edu.vn\\\/wp-content\\\/uploads\\\/2018\\\/02\\\/Aurora-logo.png\",\"width\":450,\"height\":338,\"caption\":\"Tr\u01b0\u1eddng Cao \u0111\u1eb3ng B\u00ecnh Minh S\u00e0i G\u00f2n\"},\"image\":{\"@id\":\"https:\\\/\\\/aurora.edu.vn\\\/#\\\/schema\\\/logo\\\/image\\\/\"},\"sameAs\":[\"https:\\\/\\\/www.facebook.com\\\/aurora.edu.vn\"]}]}<\/script>\n<!-- \/ Yoast SEO plugin. -->","yoast_head_json":{"title":"Accounting - Cao \u0111\u1eb3ng B\u00ecnh Minh S\u00e0i G\u00f2n","robots":{"index":"index","follow":"follow","max-snippet":"max-snippet:-1","max-image-preview":"max-image-preview:large","max-video-preview":"max-video-preview:-1"},"canonical":"https:\/\/aurora.edu.vn\/en\/department-of-economics\/accounting\/","og_locale":"en_US","og_type":"article","og_title":"Accounting - Cao \u0111\u1eb3ng B\u00ecnh Minh S\u00e0i G\u00f2n","og_description":"ACCOUNTING Major code:\u00a06340301 Degree: College Training mode:\u00a0Full time Enrollment requirements: student must hold at least a High school Certificate of Completion or equivalent level. Training duration:\u00a02.5 years Core curriculum: CD-KT.pdf 1. Training objectives \u00a0\u00a0\u00a0\u00a0\u00a0\u00a0\u00a0\u00a0\u00a0\u00a0\u00a0\u00a0\u00a0\u00a0\u00a0\u00a0\u00a0\u00a0\u00a0\u00a0\u00a0\u00a0\u00a0\u00a0 Knowledge: Students are able to &#8211; To specify the accounting machine configuration structure for each enterprise. &#8211; To dertermine the accounting [...]","og_url":"https:\/\/aurora.edu.vn\/en\/department-of-economics\/accounting\/","og_site_name":"Cao \u0111\u1eb3ng B\u00ecnh Minh S\u00e0i G\u00f2n","article_publisher":"https:\/\/www.facebook.com\/aurora.edu.vn","article_modified_time":"2020-06-11T08:05:48+00:00","og_image":[{"url":"https:\/\/aurora.edu.vn\/wp-content\/uploads\/2020\/05\/Ke-toan.jpg","type":"","width":"","height":""}],"twitter_card":"summary_large_image","twitter_misc":{"Est. reading time":"1 minute"},"schema":{"@context":"https:\/\/schema.org","@graph":[{"@type":"WebPage","@id":"https:\/\/aurora.edu.vn\/en\/department-of-economics\/accounting\/","url":"https:\/\/aurora.edu.vn\/en\/department-of-economics\/accounting\/","name":"Accounting - Cao \u0111\u1eb3ng B\u00ecnh Minh S\u00e0i G\u00f2n","isPartOf":{"@id":"https:\/\/aurora.edu.vn\/#website"},"primaryImageOfPage":{"@id":"https:\/\/aurora.edu.vn\/en\/department-of-economics\/accounting\/#primaryimage"},"image":{"@id":"https:\/\/aurora.edu.vn\/en\/department-of-economics\/accounting\/#primaryimage"},"thumbnailUrl":"https:\/\/aurora.edu.vn\/wp-content\/uploads\/2020\/05\/Ke-toan.jpg","datePublished":"2018-10-12T06:46:00+00:00","dateModified":"2020-06-11T08:05:48+00:00","breadcrumb":{"@id":"https:\/\/aurora.edu.vn\/en\/department-of-economics\/accounting\/#breadcrumb"},"inLanguage":"en-US","potentialAction":[{"@type":"ReadAction","target":["https:\/\/aurora.edu.vn\/en\/department-of-economics\/accounting\/"]}]},{"@type":"ImageObject","inLanguage":"en-US","@id":"https:\/\/aurora.edu.vn\/en\/department-of-economics\/accounting\/#primaryimage","url":"https:\/\/aurora.edu.vn\/wp-content\/uploads\/2020\/05\/Ke-toan.jpg","contentUrl":"https:\/\/aurora.edu.vn\/wp-content\/uploads\/2020\/05\/Ke-toan.jpg"},{"@type":"BreadcrumbList","@id":"https:\/\/aurora.edu.vn\/en\/department-of-economics\/accounting\/#breadcrumb","itemListElement":[{"@type":"ListItem","position":1,"name":"Home","item":"https:\/\/aurora.edu.vn\/"},{"@type":"ListItem","position":2,"name":"College","item":"https:\/\/aurora.edu.vn\/en\/department-of-economics\/"},{"@type":"ListItem","position":3,"name":"Accounting"}]},{"@type":"WebSite","@id":"https:\/\/aurora.edu.vn\/#website","url":"https:\/\/aurora.edu.vn\/","name":"Cao \u0111\u1eb3ng B\u00ecnh Minh S\u00e0i G\u00f2n","description":"H\u1ec7 th\u1ed1ng Gi\u00e1o d\u1ee5c H\u00f9ng H\u1eadu","publisher":{"@id":"https:\/\/aurora.edu.vn\/#organization"},"potentialAction":[{"@type":"SearchAction","target":{"@type":"EntryPoint","urlTemplate":"https:\/\/aurora.edu.vn\/?s={search_term_string}"},"query-input":{"@type":"PropertyValueSpecification","valueRequired":true,"valueName":"search_term_string"}}],"inLanguage":"en-US"},{"@type":"Organization","@id":"https:\/\/aurora.edu.vn\/#organization","name":"Tr\u01b0\u1eddng Cao \u0111\u1eb3ng B\u00ecnh Minh S\u00e0i G\u00f2n","url":"https:\/\/aurora.edu.vn\/","logo":{"@type":"ImageObject","inLanguage":"en-US","@id":"https:\/\/aurora.edu.vn\/#\/schema\/logo\/image\/","url":"https:\/\/aurora.edu.vn\/wp-content\/uploads\/2018\/02\/Aurora-logo.png","contentUrl":"https:\/\/aurora.edu.vn\/wp-content\/uploads\/2018\/02\/Aurora-logo.png","width":450,"height":338,"caption":"Tr\u01b0\u1eddng Cao \u0111\u1eb3ng B\u00ecnh Minh S\u00e0i G\u00f2n"},"image":{"@id":"https:\/\/aurora.edu.vn\/#\/schema\/logo\/image\/"},"sameAs":["https:\/\/www.facebook.com\/aurora.edu.vn"]}]}},"_links":{"self":[{"href":"https:\/\/aurora.edu.vn\/en\/wp-json\/wp\/v2\/pages\/8387","targetHints":{"allow":["GET"]}}],"collection":[{"href":"https:\/\/aurora.edu.vn\/en\/wp-json\/wp\/v2\/pages"}],"about":[{"href":"https:\/\/aurora.edu.vn\/en\/wp-json\/wp\/v2\/types\/page"}],"author":[{"embeddable":true,"href":"https:\/\/aurora.edu.vn\/en\/wp-json\/wp\/v2\/users\/10"}],"replies":[{"embeddable":true,"href":"https:\/\/aurora.edu.vn\/en\/wp-json\/wp\/v2\/comments?post=8387"}],"version-history":[{"count":6,"href":"https:\/\/aurora.edu.vn\/en\/wp-json\/wp\/v2\/pages\/8387\/revisions"}],"predecessor-version":[{"id":11081,"href":"https:\/\/aurora.edu.vn\/en\/wp-json\/wp\/v2\/pages\/8387\/revisions\/11081"}],"up":[{"embeddable":true,"href":"https:\/\/aurora.edu.vn\/en\/wp-json\/wp\/v2\/pages\/8417"}],"wp:attachment":[{"href":"https:\/\/aurora.edu.vn\/en\/wp-json\/wp\/v2\/media?parent=8387"}],"curies":[{"name":"wp","href":"https:\/\/api.w.org\/{rel}","templated":true}]}}