{"id":8389,"date":"2018-10-11T23:49:59","date_gmt":"2018-10-12T06:49:59","guid":{"rendered":"http:\/\/vx.edu.vn\/?page_id=8389"},"modified":"2020-06-11T01:08:59","modified_gmt":"2020-06-11T08:08:59","slug":"business-administration","status":"publish","type":"page","link":"https:\/\/aurora.edu.vn\/en\/department-of-economics\/business-administration\/","title":{"rendered":"Business Administration"},"content":{"rendered":"<p><strong>B<\/strong><strong style=\"font-size: 14.4px;\">USINESS ADMINISTRATION <img loading=\"lazy\" decoding=\"async\" class=\" wp-image-10679 alignright\" src=\"https:\/\/aurora.edu.vn\/wp-content\/uploads\/2020\/05\/QTKD.jpg\" alt=\"\" width=\"467\" height=\"311\" \/><\/strong><\/p>\n<p><strong>Major code<\/strong>: 6340404<\/p>\n<p><strong>Degree<\/strong>: College<\/p>\n<p><strong>Training mode:\u00a0<\/strong>Full time<\/p>\n<p><strong>Enrollment requirements<\/strong>: student must hold at least a High school Certificate of Completion or equivalent level.<\/p>\n<p><strong>Training duration: <\/strong>2.5\u00a0years<\/p>\n<p><b>Core curriculum: <a href=\"https:\/\/aurora.edu.vn\/wp-content\/uploads\/2020\/05\/CTKHUNG-C%C4%90-QTKD.pdf\">CD-QTKD.pdf<\/a><\/b><\/p>\n<p><strong>Training objectives<\/strong><\/p>\n<p><strong>General objectives:<\/strong><\/p>\n<p>Bachelor&#8217;s degree in Business Administration has good political, ethical and good health qualities; responsible for society; To grasp the basic knowledge, basis and necessary professional knowledge in the fields of economics &#8211; management &#8211; business; proficiency in professional skills, core skills for administrators; having ethics, professional conscience, sense of discipline, industrial behavior and having the basic capacity to perform the managerial functions and business processes of the enterprise; be able to find a job, create a job or continue to study in a university.<\/p>\n<p><strong>Specific objectives:<\/strong><\/p>\n<p><strong>Knowledge: Students are able to <\/strong><\/p>\n<p>&#8211; Know knowledge of business, economic information, business statistics, business analysis, business research methods, sociological investigation, to establish the scientific basis for the implementation of the profession. Corporate governance.<\/p>\n<p>&#8211; To apply knowledge of computer science and foreign languages in management.<\/p>\n<p>&#8211; To update and apply socio-economic development policies related to enterprise management.<\/p>\n<p>&#8211; To set up the organizational structure suitable to each type of enterprise.<\/p>\n<p><strong>Skills: Students are able to <\/strong><\/p>\n<p>&#8211; Planning business development from strategies, policies, plans, programs to business projects.<\/p>\n<p>&#8211; Organize the production process, supply process, organize marketing and sales activities of the business.<\/p>\n<p>&#8211; Organize business administration, human resource organization and management information systems.<\/p>\n<p>&#8211; Carry out the planning, organization plans from grassroots, middle to high level.<\/p>\n<p>&#8211; Monitor, control business, receive feedback and behave, adjust plans when new business situations arise.<\/p>\n<p>&#8211; Analyze the production and business activities of enterprises.<\/p>\n<p>&#8211; Establish relationships between businesses and partners.<\/p>\n<p>&#8211; Negotiate with partners in the course of business.<\/p>\n<p><strong>Capacity of autonomy and responsibility: Students are able to <\/strong><\/p>\n<p>&#8211; Love the job, stick with the profession; To strictly abide by the charters, regulations and regulations of the agencies, enterprises and companies where they are working; have a sense of discipline and sense of responsibility in their work;<\/p>\n<p>&#8211; Work in a scientific, analytical and proactive manner to solve problems arising in the field of professional activities. To be sharp in accessing new scientific and technological information in production and business;<\/p>\n<p>&#8211; Effectively participate in the design, implementation, transfer of technology, production organization, scientific research, application of scientific and technical advances;<\/p>\n<p>&#8211; Establish good relationships and partnerships with colleagues in the field of specialization and in social communication.<\/p>\n<p><strong>Job opportunity after graduation:<\/strong><\/p>\n<p>&#8211; Salesperson or business executives in the form of business of the economy, non-profit organizations, social organizations, non-governmental organizations.<\/p>\n<p>&#8211; To create their own business.<\/p>\n","protected":false},"excerpt":{"rendered":"<p>BUSINESS ADMINISTRATION Major code: 6340404 Degree: College Training mode:\u00a0Full time Enrollment requirements: student must hold at least a High school Certificate of Completion or equivalent level. Training duration: 2.5\u00a0years Core curriculum: CD-QTKD.pdf Training objectives General objectives: Bachelor&#8217;s degree in Business Administration has good political, ethical and good health qualities; responsible for society; To grasp the [&#8230;]\n","protected":false},"author":10,"featured_media":0,"parent":8417,"menu_order":0,"comment_status":"closed","ping_status":"closed","template":"","meta":{"footnotes":""},"class_list":["post-8389","page","type-page","status-publish","hentry"],"yoast_head":"<!-- This site is optimized with the Yoast SEO plugin v27.3 - https:\/\/yoast.com\/product\/yoast-seo-wordpress\/ -->\n<title>Business Administration - Cao \u0111\u1eb3ng B\u00ecnh Minh S\u00e0i G\u00f2n<\/title>\n<meta name=\"robots\" content=\"index, follow, max-snippet:-1, max-image-preview:large, max-video-preview:-1\" \/>\n<link rel=\"canonical\" href=\"https:\/\/aurora.edu.vn\/en\/department-of-economics\/business-administration\/\" \/>\n<meta property=\"og:locale\" content=\"en_US\" \/>\n<meta property=\"og:type\" content=\"article\" \/>\n<meta property=\"og:title\" content=\"Business Administration - Cao \u0111\u1eb3ng B\u00ecnh Minh S\u00e0i G\u00f2n\" \/>\n<meta property=\"og:description\" content=\"BUSINESS ADMINISTRATION Major code: 6340404 Degree: College Training mode:\u00a0Full time Enrollment requirements: student must hold at least a High school Certificate of Completion or equivalent level. Training duration: 2.5\u00a0years Core curriculum: CD-QTKD.pdf Training objectives General objectives: Bachelor&#8217;s degree in Business Administration has good political, ethical and good health qualities; responsible for society; To grasp the [...]\" \/>\n<meta property=\"og:url\" content=\"https:\/\/aurora.edu.vn\/en\/department-of-economics\/business-administration\/\" \/>\n<meta property=\"og:site_name\" content=\"Cao \u0111\u1eb3ng B\u00ecnh Minh S\u00e0i G\u00f2n\" \/>\n<meta property=\"article:publisher\" content=\"https:\/\/www.facebook.com\/aurora.edu.vn\" \/>\n<meta property=\"article:modified_time\" content=\"2020-06-11T08:08:59+00:00\" \/>\n<meta property=\"og:image\" content=\"https:\/\/aurora.edu.vn\/wp-content\/uploads\/2020\/05\/QTKD.jpg\" \/>\n<meta name=\"twitter:card\" content=\"summary_large_image\" \/>\n<meta name=\"twitter:label1\" content=\"Est. reading time\" \/>\n\t<meta name=\"twitter:data1\" content=\"2 minutes\" \/>\n<script type=\"application\/ld+json\" class=\"yoast-schema-graph\">{\"@context\":\"https:\\\/\\\/schema.org\",\"@graph\":[{\"@type\":\"WebPage\",\"@id\":\"https:\\\/\\\/aurora.edu.vn\\\/en\\\/department-of-economics\\\/business-administration\\\/\",\"url\":\"https:\\\/\\\/aurora.edu.vn\\\/en\\\/department-of-economics\\\/business-administration\\\/\",\"name\":\"Business Administration - Cao \u0111\u1eb3ng B\u00ecnh Minh S\u00e0i G\u00f2n\",\"isPartOf\":{\"@id\":\"https:\\\/\\\/aurora.edu.vn\\\/#website\"},\"primaryImageOfPage\":{\"@id\":\"https:\\\/\\\/aurora.edu.vn\\\/en\\\/department-of-economics\\\/business-administration\\\/#primaryimage\"},\"image\":{\"@id\":\"https:\\\/\\\/aurora.edu.vn\\\/en\\\/department-of-economics\\\/business-administration\\\/#primaryimage\"},\"thumbnailUrl\":\"https:\\\/\\\/aurora.edu.vn\\\/wp-content\\\/uploads\\\/2020\\\/05\\\/QTKD.jpg\",\"datePublished\":\"2018-10-12T06:49:59+00:00\",\"dateModified\":\"2020-06-11T08:08:59+00:00\",\"breadcrumb\":{\"@id\":\"https:\\\/\\\/aurora.edu.vn\\\/en\\\/department-of-economics\\\/business-administration\\\/#breadcrumb\"},\"inLanguage\":\"en-US\",\"potentialAction\":[{\"@type\":\"ReadAction\",\"target\":[\"https:\\\/\\\/aurora.edu.vn\\\/en\\\/department-of-economics\\\/business-administration\\\/\"]}]},{\"@type\":\"ImageObject\",\"inLanguage\":\"en-US\",\"@id\":\"https:\\\/\\\/aurora.edu.vn\\\/en\\\/department-of-economics\\\/business-administration\\\/#primaryimage\",\"url\":\"https:\\\/\\\/aurora.edu.vn\\\/wp-content\\\/uploads\\\/2020\\\/05\\\/QTKD.jpg\",\"contentUrl\":\"https:\\\/\\\/aurora.edu.vn\\\/wp-content\\\/uploads\\\/2020\\\/05\\\/QTKD.jpg\"},{\"@type\":\"BreadcrumbList\",\"@id\":\"https:\\\/\\\/aurora.edu.vn\\\/en\\\/department-of-economics\\\/business-administration\\\/#breadcrumb\",\"itemListElement\":[{\"@type\":\"ListItem\",\"position\":1,\"name\":\"Home\",\"item\":\"https:\\\/\\\/aurora.edu.vn\\\/\"},{\"@type\":\"ListItem\",\"position\":2,\"name\":\"College\",\"item\":\"https:\\\/\\\/aurora.edu.vn\\\/en\\\/department-of-economics\\\/\"},{\"@type\":\"ListItem\",\"position\":3,\"name\":\"Business Administration\"}]},{\"@type\":\"WebSite\",\"@id\":\"https:\\\/\\\/aurora.edu.vn\\\/#website\",\"url\":\"https:\\\/\\\/aurora.edu.vn\\\/\",\"name\":\"Cao \u0111\u1eb3ng B\u00ecnh Minh S\u00e0i G\u00f2n\",\"description\":\"H\u1ec7 th\u1ed1ng Gi\u00e1o d\u1ee5c H\u00f9ng H\u1eadu\",\"publisher\":{\"@id\":\"https:\\\/\\\/aurora.edu.vn\\\/#organization\"},\"potentialAction\":[{\"@type\":\"SearchAction\",\"target\":{\"@type\":\"EntryPoint\",\"urlTemplate\":\"https:\\\/\\\/aurora.edu.vn\\\/?s={search_term_string}\"},\"query-input\":{\"@type\":\"PropertyValueSpecification\",\"valueRequired\":true,\"valueName\":\"search_term_string\"}}],\"inLanguage\":\"en-US\"},{\"@type\":\"Organization\",\"@id\":\"https:\\\/\\\/aurora.edu.vn\\\/#organization\",\"name\":\"Tr\u01b0\u1eddng Cao \u0111\u1eb3ng B\u00ecnh Minh S\u00e0i G\u00f2n\",\"url\":\"https:\\\/\\\/aurora.edu.vn\\\/\",\"logo\":{\"@type\":\"ImageObject\",\"inLanguage\":\"en-US\",\"@id\":\"https:\\\/\\\/aurora.edu.vn\\\/#\\\/schema\\\/logo\\\/image\\\/\",\"url\":\"https:\\\/\\\/aurora.edu.vn\\\/wp-content\\\/uploads\\\/2018\\\/02\\\/Aurora-logo.png\",\"contentUrl\":\"https:\\\/\\\/aurora.edu.vn\\\/wp-content\\\/uploads\\\/2018\\\/02\\\/Aurora-logo.png\",\"width\":450,\"height\":338,\"caption\":\"Tr\u01b0\u1eddng Cao \u0111\u1eb3ng B\u00ecnh Minh S\u00e0i G\u00f2n\"},\"image\":{\"@id\":\"https:\\\/\\\/aurora.edu.vn\\\/#\\\/schema\\\/logo\\\/image\\\/\"},\"sameAs\":[\"https:\\\/\\\/www.facebook.com\\\/aurora.edu.vn\"]}]}<\/script>\n<!-- \/ Yoast SEO plugin. -->","yoast_head_json":{"title":"Business Administration - Cao \u0111\u1eb3ng B\u00ecnh Minh S\u00e0i G\u00f2n","robots":{"index":"index","follow":"follow","max-snippet":"max-snippet:-1","max-image-preview":"max-image-preview:large","max-video-preview":"max-video-preview:-1"},"canonical":"https:\/\/aurora.edu.vn\/en\/department-of-economics\/business-administration\/","og_locale":"en_US","og_type":"article","og_title":"Business Administration - Cao \u0111\u1eb3ng B\u00ecnh Minh S\u00e0i G\u00f2n","og_description":"BUSINESS ADMINISTRATION Major code: 6340404 Degree: College Training mode:\u00a0Full time Enrollment requirements: student must hold at least a High school Certificate of Completion or equivalent level. Training duration: 2.5\u00a0years Core curriculum: CD-QTKD.pdf Training objectives General objectives: Bachelor&#8217;s degree in Business Administration has good political, ethical and good health qualities; responsible for society; To grasp the [...]","og_url":"https:\/\/aurora.edu.vn\/en\/department-of-economics\/business-administration\/","og_site_name":"Cao \u0111\u1eb3ng B\u00ecnh Minh S\u00e0i G\u00f2n","article_publisher":"https:\/\/www.facebook.com\/aurora.edu.vn","article_modified_time":"2020-06-11T08:08:59+00:00","og_image":[{"url":"https:\/\/aurora.edu.vn\/wp-content\/uploads\/2020\/05\/QTKD.jpg","type":"","width":"","height":""}],"twitter_card":"summary_large_image","twitter_misc":{"Est. reading time":"2 minutes"},"schema":{"@context":"https:\/\/schema.org","@graph":[{"@type":"WebPage","@id":"https:\/\/aurora.edu.vn\/en\/department-of-economics\/business-administration\/","url":"https:\/\/aurora.edu.vn\/en\/department-of-economics\/business-administration\/","name":"Business Administration - Cao \u0111\u1eb3ng B\u00ecnh Minh S\u00e0i G\u00f2n","isPartOf":{"@id":"https:\/\/aurora.edu.vn\/#website"},"primaryImageOfPage":{"@id":"https:\/\/aurora.edu.vn\/en\/department-of-economics\/business-administration\/#primaryimage"},"image":{"@id":"https:\/\/aurora.edu.vn\/en\/department-of-economics\/business-administration\/#primaryimage"},"thumbnailUrl":"https:\/\/aurora.edu.vn\/wp-content\/uploads\/2020\/05\/QTKD.jpg","datePublished":"2018-10-12T06:49:59+00:00","dateModified":"2020-06-11T08:08:59+00:00","breadcrumb":{"@id":"https:\/\/aurora.edu.vn\/en\/department-of-economics\/business-administration\/#breadcrumb"},"inLanguage":"en-US","potentialAction":[{"@type":"ReadAction","target":["https:\/\/aurora.edu.vn\/en\/department-of-economics\/business-administration\/"]}]},{"@type":"ImageObject","inLanguage":"en-US","@id":"https:\/\/aurora.edu.vn\/en\/department-of-economics\/business-administration\/#primaryimage","url":"https:\/\/aurora.edu.vn\/wp-content\/uploads\/2020\/05\/QTKD.jpg","contentUrl":"https:\/\/aurora.edu.vn\/wp-content\/uploads\/2020\/05\/QTKD.jpg"},{"@type":"BreadcrumbList","@id":"https:\/\/aurora.edu.vn\/en\/department-of-economics\/business-administration\/#breadcrumb","itemListElement":[{"@type":"ListItem","position":1,"name":"Home","item":"https:\/\/aurora.edu.vn\/"},{"@type":"ListItem","position":2,"name":"College","item":"https:\/\/aurora.edu.vn\/en\/department-of-economics\/"},{"@type":"ListItem","position":3,"name":"Business Administration"}]},{"@type":"WebSite","@id":"https:\/\/aurora.edu.vn\/#website","url":"https:\/\/aurora.edu.vn\/","name":"Cao \u0111\u1eb3ng B\u00ecnh Minh S\u00e0i G\u00f2n","description":"H\u1ec7 th\u1ed1ng Gi\u00e1o d\u1ee5c H\u00f9ng H\u1eadu","publisher":{"@id":"https:\/\/aurora.edu.vn\/#organization"},"potentialAction":[{"@type":"SearchAction","target":{"@type":"EntryPoint","urlTemplate":"https:\/\/aurora.edu.vn\/?s={search_term_string}"},"query-input":{"@type":"PropertyValueSpecification","valueRequired":true,"valueName":"search_term_string"}}],"inLanguage":"en-US"},{"@type":"Organization","@id":"https:\/\/aurora.edu.vn\/#organization","name":"Tr\u01b0\u1eddng Cao \u0111\u1eb3ng B\u00ecnh Minh S\u00e0i G\u00f2n","url":"https:\/\/aurora.edu.vn\/","logo":{"@type":"ImageObject","inLanguage":"en-US","@id":"https:\/\/aurora.edu.vn\/#\/schema\/logo\/image\/","url":"https:\/\/aurora.edu.vn\/wp-content\/uploads\/2018\/02\/Aurora-logo.png","contentUrl":"https:\/\/aurora.edu.vn\/wp-content\/uploads\/2018\/02\/Aurora-logo.png","width":450,"height":338,"caption":"Tr\u01b0\u1eddng Cao \u0111\u1eb3ng B\u00ecnh Minh S\u00e0i G\u00f2n"},"image":{"@id":"https:\/\/aurora.edu.vn\/#\/schema\/logo\/image\/"},"sameAs":["https:\/\/www.facebook.com\/aurora.edu.vn"]}]}},"_links":{"self":[{"href":"https:\/\/aurora.edu.vn\/en\/wp-json\/wp\/v2\/pages\/8389","targetHints":{"allow":["GET"]}}],"collection":[{"href":"https:\/\/aurora.edu.vn\/en\/wp-json\/wp\/v2\/pages"}],"about":[{"href":"https:\/\/aurora.edu.vn\/en\/wp-json\/wp\/v2\/types\/page"}],"author":[{"embeddable":true,"href":"https:\/\/aurora.edu.vn\/en\/wp-json\/wp\/v2\/users\/10"}],"replies":[{"embeddable":true,"href":"https:\/\/aurora.edu.vn\/en\/wp-json\/wp\/v2\/comments?post=8389"}],"version-history":[{"count":6,"href":"https:\/\/aurora.edu.vn\/en\/wp-json\/wp\/v2\/pages\/8389\/revisions"}],"predecessor-version":[{"id":11085,"href":"https:\/\/aurora.edu.vn\/en\/wp-json\/wp\/v2\/pages\/8389\/revisions\/11085"}],"up":[{"embeddable":true,"href":"https:\/\/aurora.edu.vn\/en\/wp-json\/wp\/v2\/pages\/8417"}],"wp:attachment":[{"href":"https:\/\/aurora.edu.vn\/en\/wp-json\/wp\/v2\/media?parent=8389"}],"curies":[{"name":"wp","href":"https:\/\/api.w.org\/{rel}","templated":true}]}}