{"id":8403,"date":"2018-10-12T00:05:20","date_gmt":"2018-10-12T07:05:20","guid":{"rendered":"http:\/\/vx.edu.vn\/?page_id=8403"},"modified":"2020-06-16T01:54:19","modified_gmt":"2020-06-16T08:54:19","slug":"study-enviroment","status":"publish","type":"page","link":"https:\/\/aurora.edu.vn\/en\/about\/study-enviroment\/","title":{"rendered":"About Hung Hau Education"},"content":{"rendered":"<h3>About Hung Hau Education<\/h3>\n<p><span class=\"TextRun SCXW93767599\" lang=\"EN-US\" xml:lang=\"EN-US\"><span class=\"NormalTextRun SCXW93767599\">With the aim of training quality human resources for society, integrating with the international environment as well as creating favorable conditions for st<\/span><\/span><span class=\"TextRun SCXW93767599\" lang=\"EN-US\" xml:lang=\"EN-US\"><span class=\"NormalTextRun SCXW93767599\">udents to realize their dreams,\u00a0<\/span><\/span><span class=\"TextRun SCXW93767599\" lang=\"EN-US\" xml:lang=\"EN-US\"><span class=\"NormalTextRun SCXW93767599\">HEDU always invest in building a unified education system, complete with the best incentives to become a leading education system, where training is reliable.<\/span><\/span><\/p>\n<p><span data-ogsc=\"rgb(68, 114, 196)\">Members of\u00a0<strong>HungHau Education<\/strong>\u00a0include:<\/span><span data-ogsc=\"rgb(68, 114, 196)\">\u00a0<\/span><\/p>\n<ul>\n<li><a href=\"https:\/\/vhu.edu.vn\/\" target=\"_blank\" rel=\"noopener noreferrer\"><span data-ogsc=\"rgb(68, 114, 196)\">Van Hien University (VHU)<\/span><\/a><\/li>\n<li><a href=\"https:\/\/aurora.edu.vn\/en\/\" target=\"_blank\" rel=\"noopener noreferrer\"><span data-ogsc=\"rgb(68, 114, 196)\">Aurora Sai Gon College (HEB)<\/span><\/a><\/li>\n<li><a href=\"https:\/\/vt.edu.vn\/\" target=\"_blank\" rel=\"noopener noreferrer\"><span data-ogsc=\"rgb(68, 114, 196)\">Van Tuong Vocational School (HET)<\/span><\/a><\/li>\n<li><a href=\"https:\/\/vhs.edu.vn\/\" target=\"_blank\" rel=\"noopener noreferrer\"><span data-ogsc=\"rgb(68, 114, 196)\">V\u1ea1n H\u1ea1nh Medical Intermediate School (HEH)<\/span><\/a><\/li>\n<li><a href=\"http:\/\/aulachue.edu.vn\/\" target=\"_blank\" rel=\"noopener noreferrer\"><span data-ogsc=\"rgb(68, 114, 196)\">Au Lac Hue College (HEA)<\/span><\/a><\/li>\n<li><span data-ogsc=\"rgb(68, 114, 196)\">Viet Elite Primary School<\/span><\/li>\n<li><a href=\"http:\/\/www.mamnonaulac.edu.vn\/\" target=\"_blank\" rel=\"noopener noreferrer\"><span data-ogsc=\"rgb(68, 114, 196)\">Au Lac Kindergarten<\/span><span data-ogsc=\"rgb(68, 114, 196)\">\u00a0<\/span><\/a><\/li>\n<\/ul>\n","protected":false},"excerpt":{"rendered":"<p>About Hung Hau Education With the aim of training quality human resources for society, integrating with the international environment as well as creating favorable conditions for students to realize their dreams,\u00a0HEDU always invest in building a unified education system, complete with the best incentives to become a leading education system, where training is reliable. Members [&#8230;]\n","protected":false},"author":10,"featured_media":0,"parent":8334,"menu_order":3,"comment_status":"closed","ping_status":"closed","template":"","meta":{"footnotes":""},"class_list":["post-8403","page","type-page","status-publish","hentry"],"yoast_head":"<!-- This site is optimized with the Yoast SEO plugin v27.3 - https:\/\/yoast.com\/product\/yoast-seo-wordpress\/ -->\n<title>About Hung Hau Education - Cao \u0111\u1eb3ng B\u00ecnh Minh S\u00e0i G\u00f2n<\/title>\n<meta name=\"robots\" content=\"index, follow, max-snippet:-1, max-image-preview:large, max-video-preview:-1\" \/>\n<link rel=\"canonical\" href=\"https:\/\/aurora.edu.vn\/en\/about\/study-enviroment\/\" \/>\n<meta property=\"og:locale\" content=\"en_US\" \/>\n<meta property=\"og:type\" content=\"article\" \/>\n<meta property=\"og:title\" content=\"About Hung Hau Education - Cao \u0111\u1eb3ng B\u00ecnh Minh S\u00e0i G\u00f2n\" \/>\n<meta property=\"og:description\" content=\"About Hung Hau Education With the aim of training quality human resources for society, integrating with the international environment as well as creating favorable conditions for students to realize their dreams,\u00a0HEDU always invest in building a unified education system, complete with the best incentives to become a leading education system, where training is reliable. Members [...]\" \/>\n<meta property=\"og:url\" content=\"https:\/\/aurora.edu.vn\/en\/about\/study-enviroment\/\" \/>\n<meta property=\"og:site_name\" content=\"Cao \u0111\u1eb3ng B\u00ecnh Minh S\u00e0i G\u00f2n\" \/>\n<meta property=\"article:publisher\" content=\"https:\/\/www.facebook.com\/aurora.edu.vn\" \/>\n<meta property=\"article:modified_time\" content=\"2020-06-16T08:54:19+00:00\" \/>\n<meta name=\"twitter:card\" content=\"summary_large_image\" \/>\n<script type=\"application\/ld+json\" class=\"yoast-schema-graph\">{\"@context\":\"https:\\\/\\\/schema.org\",\"@graph\":[{\"@type\":\"WebPage\",\"@id\":\"https:\\\/\\\/aurora.edu.vn\\\/en\\\/about\\\/study-enviroment\\\/\",\"url\":\"https:\\\/\\\/aurora.edu.vn\\\/en\\\/about\\\/study-enviroment\\\/\",\"name\":\"About Hung Hau Education - Cao \u0111\u1eb3ng B\u00ecnh Minh S\u00e0i G\u00f2n\",\"isPartOf\":{\"@id\":\"https:\\\/\\\/aurora.edu.vn\\\/#website\"},\"datePublished\":\"2018-10-12T07:05:20+00:00\",\"dateModified\":\"2020-06-16T08:54:19+00:00\",\"breadcrumb\":{\"@id\":\"https:\\\/\\\/aurora.edu.vn\\\/en\\\/about\\\/study-enviroment\\\/#breadcrumb\"},\"inLanguage\":\"en-US\",\"potentialAction\":[{\"@type\":\"ReadAction\",\"target\":[\"https:\\\/\\\/aurora.edu.vn\\\/en\\\/about\\\/study-enviroment\\\/\"]}]},{\"@type\":\"BreadcrumbList\",\"@id\":\"https:\\\/\\\/aurora.edu.vn\\\/en\\\/about\\\/study-enviroment\\\/#breadcrumb\",\"itemListElement\":[{\"@type\":\"ListItem\",\"position\":1,\"name\":\"Home\",\"item\":\"https:\\\/\\\/aurora.edu.vn\\\/\"},{\"@type\":\"ListItem\",\"position\":2,\"name\":\"About\",\"item\":\"https:\\\/\\\/aurora.edu.vn\\\/en\\\/about\\\/\"},{\"@type\":\"ListItem\",\"position\":3,\"name\":\"About Hung Hau Education\"}]},{\"@type\":\"WebSite\",\"@id\":\"https:\\\/\\\/aurora.edu.vn\\\/#website\",\"url\":\"https:\\\/\\\/aurora.edu.vn\\\/\",\"name\":\"Cao \u0111\u1eb3ng B\u00ecnh Minh S\u00e0i G\u00f2n\",\"description\":\"H\u1ec7 th\u1ed1ng Gi\u00e1o d\u1ee5c H\u00f9ng H\u1eadu\",\"publisher\":{\"@id\":\"https:\\\/\\\/aurora.edu.vn\\\/#organization\"},\"potentialAction\":[{\"@type\":\"SearchAction\",\"target\":{\"@type\":\"EntryPoint\",\"urlTemplate\":\"https:\\\/\\\/aurora.edu.vn\\\/?s={search_term_string}\"},\"query-input\":{\"@type\":\"PropertyValueSpecification\",\"valueRequired\":true,\"valueName\":\"search_term_string\"}}],\"inLanguage\":\"en-US\"},{\"@type\":\"Organization\",\"@id\":\"https:\\\/\\\/aurora.edu.vn\\\/#organization\",\"name\":\"Tr\u01b0\u1eddng Cao \u0111\u1eb3ng B\u00ecnh Minh S\u00e0i G\u00f2n\",\"url\":\"https:\\\/\\\/aurora.edu.vn\\\/\",\"logo\":{\"@type\":\"ImageObject\",\"inLanguage\":\"en-US\",\"@id\":\"https:\\\/\\\/aurora.edu.vn\\\/#\\\/schema\\\/logo\\\/image\\\/\",\"url\":\"https:\\\/\\\/aurora.edu.vn\\\/wp-content\\\/uploads\\\/2018\\\/02\\\/Aurora-logo.png\",\"contentUrl\":\"https:\\\/\\\/aurora.edu.vn\\\/wp-content\\\/uploads\\\/2018\\\/02\\\/Aurora-logo.png\",\"width\":450,\"height\":338,\"caption\":\"Tr\u01b0\u1eddng Cao \u0111\u1eb3ng B\u00ecnh Minh S\u00e0i G\u00f2n\"},\"image\":{\"@id\":\"https:\\\/\\\/aurora.edu.vn\\\/#\\\/schema\\\/logo\\\/image\\\/\"},\"sameAs\":[\"https:\\\/\\\/www.facebook.com\\\/aurora.edu.vn\"]}]}<\/script>\n<!-- \/ Yoast SEO plugin. -->","yoast_head_json":{"title":"About Hung Hau Education - Cao \u0111\u1eb3ng B\u00ecnh Minh S\u00e0i G\u00f2n","robots":{"index":"index","follow":"follow","max-snippet":"max-snippet:-1","max-image-preview":"max-image-preview:large","max-video-preview":"max-video-preview:-1"},"canonical":"https:\/\/aurora.edu.vn\/en\/about\/study-enviroment\/","og_locale":"en_US","og_type":"article","og_title":"About Hung Hau Education - Cao \u0111\u1eb3ng B\u00ecnh Minh S\u00e0i G\u00f2n","og_description":"About Hung Hau Education With the aim of training quality human resources for society, integrating with the international environment as well as creating favorable conditions for students to realize their dreams,\u00a0HEDU always invest in building a unified education system, complete with the best incentives to become a leading education system, where training is reliable. Members [...]","og_url":"https:\/\/aurora.edu.vn\/en\/about\/study-enviroment\/","og_site_name":"Cao \u0111\u1eb3ng B\u00ecnh Minh S\u00e0i G\u00f2n","article_publisher":"https:\/\/www.facebook.com\/aurora.edu.vn","article_modified_time":"2020-06-16T08:54:19+00:00","twitter_card":"summary_large_image","schema":{"@context":"https:\/\/schema.org","@graph":[{"@type":"WebPage","@id":"https:\/\/aurora.edu.vn\/en\/about\/study-enviroment\/","url":"https:\/\/aurora.edu.vn\/en\/about\/study-enviroment\/","name":"About Hung Hau Education - Cao \u0111\u1eb3ng B\u00ecnh Minh S\u00e0i G\u00f2n","isPartOf":{"@id":"https:\/\/aurora.edu.vn\/#website"},"datePublished":"2018-10-12T07:05:20+00:00","dateModified":"2020-06-16T08:54:19+00:00","breadcrumb":{"@id":"https:\/\/aurora.edu.vn\/en\/about\/study-enviroment\/#breadcrumb"},"inLanguage":"en-US","potentialAction":[{"@type":"ReadAction","target":["https:\/\/aurora.edu.vn\/en\/about\/study-enviroment\/"]}]},{"@type":"BreadcrumbList","@id":"https:\/\/aurora.edu.vn\/en\/about\/study-enviroment\/#breadcrumb","itemListElement":[{"@type":"ListItem","position":1,"name":"Home","item":"https:\/\/aurora.edu.vn\/"},{"@type":"ListItem","position":2,"name":"About","item":"https:\/\/aurora.edu.vn\/en\/about\/"},{"@type":"ListItem","position":3,"name":"About Hung Hau Education"}]},{"@type":"WebSite","@id":"https:\/\/aurora.edu.vn\/#website","url":"https:\/\/aurora.edu.vn\/","name":"Cao \u0111\u1eb3ng B\u00ecnh Minh S\u00e0i G\u00f2n","description":"H\u1ec7 th\u1ed1ng Gi\u00e1o d\u1ee5c H\u00f9ng H\u1eadu","publisher":{"@id":"https:\/\/aurora.edu.vn\/#organization"},"potentialAction":[{"@type":"SearchAction","target":{"@type":"EntryPoint","urlTemplate":"https:\/\/aurora.edu.vn\/?s={search_term_string}"},"query-input":{"@type":"PropertyValueSpecification","valueRequired":true,"valueName":"search_term_string"}}],"inLanguage":"en-US"},{"@type":"Organization","@id":"https:\/\/aurora.edu.vn\/#organization","name":"Tr\u01b0\u1eddng Cao \u0111\u1eb3ng B\u00ecnh Minh S\u00e0i G\u00f2n","url":"https:\/\/aurora.edu.vn\/","logo":{"@type":"ImageObject","inLanguage":"en-US","@id":"https:\/\/aurora.edu.vn\/#\/schema\/logo\/image\/","url":"https:\/\/aurora.edu.vn\/wp-content\/uploads\/2018\/02\/Aurora-logo.png","contentUrl":"https:\/\/aurora.edu.vn\/wp-content\/uploads\/2018\/02\/Aurora-logo.png","width":450,"height":338,"caption":"Tr\u01b0\u1eddng Cao \u0111\u1eb3ng B\u00ecnh Minh S\u00e0i G\u00f2n"},"image":{"@id":"https:\/\/aurora.edu.vn\/#\/schema\/logo\/image\/"},"sameAs":["https:\/\/www.facebook.com\/aurora.edu.vn"]}]}},"_links":{"self":[{"href":"https:\/\/aurora.edu.vn\/en\/wp-json\/wp\/v2\/pages\/8403","targetHints":{"allow":["GET"]}}],"collection":[{"href":"https:\/\/aurora.edu.vn\/en\/wp-json\/wp\/v2\/pages"}],"about":[{"href":"https:\/\/aurora.edu.vn\/en\/wp-json\/wp\/v2\/types\/page"}],"author":[{"embeddable":true,"href":"https:\/\/aurora.edu.vn\/en\/wp-json\/wp\/v2\/users\/10"}],"replies":[{"embeddable":true,"href":"https:\/\/aurora.edu.vn\/en\/wp-json\/wp\/v2\/comments?post=8403"}],"version-history":[{"count":9,"href":"https:\/\/aurora.edu.vn\/en\/wp-json\/wp\/v2\/pages\/8403\/revisions"}],"predecessor-version":[{"id":11285,"href":"https:\/\/aurora.edu.vn\/en\/wp-json\/wp\/v2\/pages\/8403\/revisions\/11285"}],"up":[{"embeddable":true,"href":"https:\/\/aurora.edu.vn\/en\/wp-json\/wp\/v2\/pages\/8334"}],"wp:attachment":[{"href":"https:\/\/aurora.edu.vn\/en\/wp-json\/wp\/v2\/media?parent=8403"}],"curies":[{"name":"wp","href":"https:\/\/api.w.org\/{rel}","templated":true}]}}