{"id":8472,"date":"2015-01-26T15:26:33","date_gmt":"2015-01-26T08:26:33","guid":{"rendered":"http:\/\/vx.edu.vn\/cac-phong-ban\/"},"modified":"2020-06-08T21:28:50","modified_gmt":"2020-06-09T04:28:50","slug":"offices","status":"publish","type":"page","link":"https:\/\/aurora.edu.vn\/en\/offices\/","title":{"rendered":"OFFICES, CENTERS"},"content":{"rendered":"<table>\n<tbody>\n<tr>\n<td><a href=\"http:\/\/vhu.edu.vn\/trang\/to-chuc-hanh-chinh\/\"><img loading=\"lazy\" decoding=\"async\" class=\"alignnone size-full wp-image-4086\" src=\"http:\/\/vhu.edu.vn\/wp-content\/uploads\/2015\/01\/Phong-hcns.jpg\" alt=\"Phong hcns\" width=\"337\" height=\"170\" \/><\/a><\/td>\n<td><a href=\"http:\/\/vhu.edu.vn\/trang\/ke-hoach-tai-chinh\/\"><img loading=\"lazy\" decoding=\"async\" class=\"alignnone size-full wp-image-4087\" src=\"http:\/\/vhu.edu.vn\/wp-content\/uploads\/2015\/01\/phong-tai-chinh.jpg\" alt=\"phong tai chinh\" width=\"338\" height=\"169\" \/><\/a><\/td>\n<\/tr>\n<tr>\n<td><a href=\"http:\/\/vhu.edu.vn\/trang\/quan-ly-dao-tao\/\"><img loading=\"lazy\" decoding=\"async\" class=\"aligncenter size-full wp-image-779\" src=\"http:\/\/vhu.edu.vn\/wp-content\/uploads\/2015\/01\/phong-quanlydaotao.png\" alt=\"phong-quanlydaotao\" width=\"339\" height=\"167\" \/><\/a><\/td>\n<td><img loading=\"lazy\" decoding=\"async\" class=\"aligncenter size-full wp-image-776\" src=\"http:\/\/vhu.edu.vn\/wp-content\/uploads\/2015\/01\/phong-congtacsv.png\" alt=\"phong-congtacsv\" width=\"336\" height=\"167\" \/><\/td>\n<\/tr>\n<tr>\n<td><\/td>\n<td><\/td>\n<\/tr>\n<tr>\n<td><a href=\"http:\/\/tuyensinh.vhu.edu.vn\/\"><img loading=\"lazy\" decoding=\"async\" class=\"alignnone size-full wp-image-4092\" src=\"http:\/\/vhu.edu.vn\/wp-content\/uploads\/2015\/01\/phong-tuyen-sinh-1.jpg\" alt=\"phong tuyen sinh\" width=\"337\" height=\"166\" \/><\/a><\/td>\n<td><\/td>\n<\/tr>\n<\/tbody>\n<\/table>\n","protected":false},"excerpt":{"rendered":"","protected":false},"author":1,"featured_media":0,"parent":0,"menu_order":0,"comment_status":"open","ping_status":"open","template":"","meta":{"footnotes":""},"class_list":["post-8472","page","type-page","status-publish","hentry"],"yoast_head":"<!-- This site is optimized with the Yoast SEO plugin v27.2 - https:\/\/yoast.com\/product\/yoast-seo-wordpress\/ -->\n<title>OFFICES, CENTERS - Cao \u0111\u1eb3ng B\u00ecnh Minh S\u00e0i G\u00f2n<\/title>\n<meta name=\"robots\" content=\"index, follow, max-snippet:-1, max-image-preview:large, max-video-preview:-1\" \/>\n<link rel=\"canonical\" href=\"https:\/\/aurora.edu.vn\/en\/offices\/\" \/>\n<meta property=\"og:locale\" content=\"en_US\" \/>\n<meta property=\"og:type\" content=\"article\" \/>\n<meta property=\"og:title\" content=\"OFFICES, CENTERS - Cao \u0111\u1eb3ng B\u00ecnh Minh S\u00e0i G\u00f2n\" \/>\n<meta property=\"og:url\" content=\"https:\/\/aurora.edu.vn\/en\/offices\/\" \/>\n<meta property=\"og:site_name\" content=\"Cao \u0111\u1eb3ng B\u00ecnh Minh S\u00e0i G\u00f2n\" \/>\n<meta property=\"article:publisher\" content=\"https:\/\/www.facebook.com\/aurora.edu.vn\" \/>\n<meta property=\"article:modified_time\" content=\"2020-06-09T04:28:50+00:00\" \/>\n<meta property=\"og:image\" content=\"http:\/\/vhu.edu.vn\/wp-content\/uploads\/2015\/01\/Phong-hcns.jpg\" \/>\n<meta name=\"twitter:card\" content=\"summary_large_image\" \/>\n<script type=\"application\/ld+json\" class=\"yoast-schema-graph\">{\"@context\":\"https:\/\/schema.org\",\"@graph\":[{\"@type\":\"WebPage\",\"@id\":\"https:\/\/aurora.edu.vn\/en\/offices\/\",\"url\":\"https:\/\/aurora.edu.vn\/en\/offices\/\",\"name\":\"OFFICES, CENTERS - Cao \u0111\u1eb3ng B\u00ecnh Minh S\u00e0i G\u00f2n\",\"isPartOf\":{\"@id\":\"https:\/\/aurora.edu.vn\/#website\"},\"primaryImageOfPage\":{\"@id\":\"https:\/\/aurora.edu.vn\/en\/offices\/#primaryimage\"},\"image\":{\"@id\":\"https:\/\/aurora.edu.vn\/en\/offices\/#primaryimage\"},\"thumbnailUrl\":\"http:\/\/vhu.edu.vn\/wp-content\/uploads\/2015\/01\/Phong-hcns.jpg\",\"datePublished\":\"2015-01-26T08:26:33+00:00\",\"dateModified\":\"2020-06-09T04:28:50+00:00\",\"breadcrumb\":{\"@id\":\"https:\/\/aurora.edu.vn\/en\/offices\/#breadcrumb\"},\"inLanguage\":\"en-US\",\"potentialAction\":[{\"@type\":\"ReadAction\",\"target\":[\"https:\/\/aurora.edu.vn\/en\/offices\/\"]}]},{\"@type\":\"ImageObject\",\"inLanguage\":\"en-US\",\"@id\":\"https:\/\/aurora.edu.vn\/en\/offices\/#primaryimage\",\"url\":\"http:\/\/vhu.edu.vn\/wp-content\/uploads\/2015\/01\/Phong-hcns.jpg\",\"contentUrl\":\"http:\/\/vhu.edu.vn\/wp-content\/uploads\/2015\/01\/Phong-hcns.jpg\"},{\"@type\":\"BreadcrumbList\",\"@id\":\"https:\/\/aurora.edu.vn\/en\/offices\/#breadcrumb\",\"itemListElement\":[{\"@type\":\"ListItem\",\"position\":1,\"name\":\"Home\",\"item\":\"https:\/\/aurora.edu.vn\/\"},{\"@type\":\"ListItem\",\"position\":2,\"name\":\"OFFICES, CENTERS\"}]},{\"@type\":\"WebSite\",\"@id\":\"https:\/\/aurora.edu.vn\/#website\",\"url\":\"https:\/\/aurora.edu.vn\/\",\"name\":\"Cao \u0111\u1eb3ng B\u00ecnh Minh S\u00e0i G\u00f2n\",\"description\":\"H\u1ec7 th\u1ed1ng Gi\u00e1o d\u1ee5c H\u00f9ng H\u1eadu\",\"publisher\":{\"@id\":\"https:\/\/aurora.edu.vn\/#organization\"},\"potentialAction\":[{\"@type\":\"SearchAction\",\"target\":{\"@type\":\"EntryPoint\",\"urlTemplate\":\"https:\/\/aurora.edu.vn\/?s={search_term_string}\"},\"query-input\":{\"@type\":\"PropertyValueSpecification\",\"valueRequired\":true,\"valueName\":\"search_term_string\"}}],\"inLanguage\":\"en-US\"},{\"@type\":\"Organization\",\"@id\":\"https:\/\/aurora.edu.vn\/#organization\",\"name\":\"Tr\u01b0\u1eddng Cao \u0111\u1eb3ng B\u00ecnh Minh S\u00e0i G\u00f2n\",\"url\":\"https:\/\/aurora.edu.vn\/\",\"logo\":{\"@type\":\"ImageObject\",\"inLanguage\":\"en-US\",\"@id\":\"https:\/\/aurora.edu.vn\/#\/schema\/logo\/image\/\",\"url\":\"https:\/\/aurora.edu.vn\/wp-content\/uploads\/2018\/02\/Aurora-logo.png\",\"contentUrl\":\"https:\/\/aurora.edu.vn\/wp-content\/uploads\/2018\/02\/Aurora-logo.png\",\"width\":450,\"height\":338,\"caption\":\"Tr\u01b0\u1eddng Cao \u0111\u1eb3ng B\u00ecnh Minh S\u00e0i G\u00f2n\"},\"image\":{\"@id\":\"https:\/\/aurora.edu.vn\/#\/schema\/logo\/image\/\"},\"sameAs\":[\"https:\/\/www.facebook.com\/aurora.edu.vn\"]}]}<\/script>\n<!-- \/ Yoast SEO plugin. -->","yoast_head_json":{"title":"OFFICES, CENTERS - Cao \u0111\u1eb3ng B\u00ecnh Minh S\u00e0i G\u00f2n","robots":{"index":"index","follow":"follow","max-snippet":"max-snippet:-1","max-image-preview":"max-image-preview:large","max-video-preview":"max-video-preview:-1"},"canonical":"https:\/\/aurora.edu.vn\/en\/offices\/","og_locale":"en_US","og_type":"article","og_title":"OFFICES, CENTERS - Cao \u0111\u1eb3ng B\u00ecnh Minh S\u00e0i G\u00f2n","og_url":"https:\/\/aurora.edu.vn\/en\/offices\/","og_site_name":"Cao \u0111\u1eb3ng B\u00ecnh Minh S\u00e0i G\u00f2n","article_publisher":"https:\/\/www.facebook.com\/aurora.edu.vn","article_modified_time":"2020-06-09T04:28:50+00:00","og_image":[{"url":"http:\/\/vhu.edu.vn\/wp-content\/uploads\/2015\/01\/Phong-hcns.jpg","type":"","width":"","height":""}],"twitter_card":"summary_large_image","schema":{"@context":"https:\/\/schema.org","@graph":[{"@type":"WebPage","@id":"https:\/\/aurora.edu.vn\/en\/offices\/","url":"https:\/\/aurora.edu.vn\/en\/offices\/","name":"OFFICES, CENTERS - Cao \u0111\u1eb3ng B\u00ecnh Minh S\u00e0i G\u00f2n","isPartOf":{"@id":"https:\/\/aurora.edu.vn\/#website"},"primaryImageOfPage":{"@id":"https:\/\/aurora.edu.vn\/en\/offices\/#primaryimage"},"image":{"@id":"https:\/\/aurora.edu.vn\/en\/offices\/#primaryimage"},"thumbnailUrl":"http:\/\/vhu.edu.vn\/wp-content\/uploads\/2015\/01\/Phong-hcns.jpg","datePublished":"2015-01-26T08:26:33+00:00","dateModified":"2020-06-09T04:28:50+00:00","breadcrumb":{"@id":"https:\/\/aurora.edu.vn\/en\/offices\/#breadcrumb"},"inLanguage":"en-US","potentialAction":[{"@type":"ReadAction","target":["https:\/\/aurora.edu.vn\/en\/offices\/"]}]},{"@type":"ImageObject","inLanguage":"en-US","@id":"https:\/\/aurora.edu.vn\/en\/offices\/#primaryimage","url":"http:\/\/vhu.edu.vn\/wp-content\/uploads\/2015\/01\/Phong-hcns.jpg","contentUrl":"http:\/\/vhu.edu.vn\/wp-content\/uploads\/2015\/01\/Phong-hcns.jpg"},{"@type":"BreadcrumbList","@id":"https:\/\/aurora.edu.vn\/en\/offices\/#breadcrumb","itemListElement":[{"@type":"ListItem","position":1,"name":"Home","item":"https:\/\/aurora.edu.vn\/"},{"@type":"ListItem","position":2,"name":"OFFICES, CENTERS"}]},{"@type":"WebSite","@id":"https:\/\/aurora.edu.vn\/#website","url":"https:\/\/aurora.edu.vn\/","name":"Cao \u0111\u1eb3ng B\u00ecnh Minh S\u00e0i G\u00f2n","description":"H\u1ec7 th\u1ed1ng Gi\u00e1o d\u1ee5c H\u00f9ng H\u1eadu","publisher":{"@id":"https:\/\/aurora.edu.vn\/#organization"},"potentialAction":[{"@type":"SearchAction","target":{"@type":"EntryPoint","urlTemplate":"https:\/\/aurora.edu.vn\/?s={search_term_string}"},"query-input":{"@type":"PropertyValueSpecification","valueRequired":true,"valueName":"search_term_string"}}],"inLanguage":"en-US"},{"@type":"Organization","@id":"https:\/\/aurora.edu.vn\/#organization","name":"Tr\u01b0\u1eddng Cao \u0111\u1eb3ng B\u00ecnh Minh S\u00e0i G\u00f2n","url":"https:\/\/aurora.edu.vn\/","logo":{"@type":"ImageObject","inLanguage":"en-US","@id":"https:\/\/aurora.edu.vn\/#\/schema\/logo\/image\/","url":"https:\/\/aurora.edu.vn\/wp-content\/uploads\/2018\/02\/Aurora-logo.png","contentUrl":"https:\/\/aurora.edu.vn\/wp-content\/uploads\/2018\/02\/Aurora-logo.png","width":450,"height":338,"caption":"Tr\u01b0\u1eddng Cao \u0111\u1eb3ng B\u00ecnh Minh S\u00e0i G\u00f2n"},"image":{"@id":"https:\/\/aurora.edu.vn\/#\/schema\/logo\/image\/"},"sameAs":["https:\/\/www.facebook.com\/aurora.edu.vn"]}]}},"_links":{"self":[{"href":"https:\/\/aurora.edu.vn\/en\/wp-json\/wp\/v2\/pages\/8472","targetHints":{"allow":["GET"]}}],"collection":[{"href":"https:\/\/aurora.edu.vn\/en\/wp-json\/wp\/v2\/pages"}],"about":[{"href":"https:\/\/aurora.edu.vn\/en\/wp-json\/wp\/v2\/types\/page"}],"author":[{"embeddable":true,"href":"https:\/\/aurora.edu.vn\/en\/wp-json\/wp\/v2\/users\/1"}],"replies":[{"embeddable":true,"href":"https:\/\/aurora.edu.vn\/en\/wp-json\/wp\/v2\/comments?post=8472"}],"version-history":[{"count":3,"href":"https:\/\/aurora.edu.vn\/en\/wp-json\/wp\/v2\/pages\/8472\/revisions"}],"predecessor-version":[{"id":10824,"href":"https:\/\/aurora.edu.vn\/en\/wp-json\/wp\/v2\/pages\/8472\/revisions\/10824"}],"wp:attachment":[{"href":"https:\/\/aurora.edu.vn\/en\/wp-json\/wp\/v2\/media?parent=8472"}],"curies":[{"name":"wp","href":"https:\/\/api.w.org\/{rel}","templated":true}]}}