{"id":8474,"date":"2018-02-25T20:16:26","date_gmt":"2018-02-26T03:16:26","guid":{"rendered":"http:\/\/vx.edu.vn\/the-board-room\/quan-ly-dao-tao\/"},"modified":"2020-06-08T21:52:48","modified_gmt":"2020-06-09T04:52:48","slug":"academic-administration","status":"publish","type":"page","link":"https:\/\/aurora.edu.vn\/en\/offices\/academic-administration\/","title":{"rendered":"Office of Academic Administration"},"content":{"rendered":"<p><span class=\"TextRun SCXW253702736\" lang=\"EN\" xml:lang=\"EN\"><span class=\"NormalTextRun SCXW253702736\">Office of Academic Administration is the functional unit of the Aurora Saigon College<\/span><\/span><span class=\"TextRun SCXW253702736\" lang=\"EN\" xml:lang=\"EN\"><span class=\"NormalTextRun SCXW253702736\">, operating under the mission and strategy of the board. The office <\/span><\/span><span class=\"TextRun SCXW253702736\" lang=\"EN\" xml:lang=\"EN\"><span class=\"NormalTextRun SCXW253702736\">assists the board of director managing all related training activities in the College.<\/span><\/span><\/p>\n<p><span class=\"TextRun SCXW70687525\" lang=\"EN\" xml:lang=\"EN\"><span class=\"NormalTextRun SCXW70687525\">Contact phone<\/span><\/span>: (+84 028) 358888 31 &#8211; 32<\/p>\n","protected":false},"excerpt":{"rendered":"<p>Office of Academic Administration is the functional unit of the Aurora Saigon College, operating under the mission and strategy of the board. The office assists the board of director managing all related training activities in the College. Contact phone: (+84 028) 358888 31 &#8211; 32<\/p>\n","protected":false},"author":1,"featured_media":0,"parent":8472,"menu_order":0,"comment_status":"closed","ping_status":"closed","template":"","meta":{"footnotes":""},"class_list":["post-8474","page","type-page","status-publish","hentry"],"yoast_head":"<!-- This site is optimized with the Yoast SEO plugin v27.2 - https:\/\/yoast.com\/product\/yoast-seo-wordpress\/ -->\n<title>Office of Academic Administration - Cao \u0111\u1eb3ng B\u00ecnh Minh S\u00e0i G\u00f2n<\/title>\n<meta name=\"robots\" content=\"index, follow, max-snippet:-1, max-image-preview:large, max-video-preview:-1\" \/>\n<link rel=\"canonical\" href=\"https:\/\/aurora.edu.vn\/en\/offices\/academic-administration\/\" \/>\n<meta property=\"og:locale\" content=\"en_US\" \/>\n<meta property=\"og:type\" content=\"article\" \/>\n<meta property=\"og:title\" content=\"Office of Academic Administration - Cao \u0111\u1eb3ng B\u00ecnh Minh S\u00e0i G\u00f2n\" \/>\n<meta property=\"og:description\" content=\"Office of Academic Administration is the functional unit of the Aurora Saigon College, operating under the mission and strategy of the board. The office assists the board of director managing all related training activities in the College. Contact phone: (+84 028) 358888 31 &#8211; 32\" \/>\n<meta property=\"og:url\" content=\"https:\/\/aurora.edu.vn\/en\/offices\/academic-administration\/\" \/>\n<meta property=\"og:site_name\" content=\"Cao \u0111\u1eb3ng B\u00ecnh Minh S\u00e0i G\u00f2n\" \/>\n<meta property=\"article:publisher\" content=\"https:\/\/www.facebook.com\/aurora.edu.vn\" \/>\n<meta property=\"article:modified_time\" content=\"2020-06-09T04:52:48+00:00\" \/>\n<meta name=\"twitter:card\" content=\"summary_large_image\" \/>\n<script type=\"application\/ld+json\" class=\"yoast-schema-graph\">{\"@context\":\"https:\/\/schema.org\",\"@graph\":[{\"@type\":\"WebPage\",\"@id\":\"https:\/\/aurora.edu.vn\/en\/offices\/academic-administration\/\",\"url\":\"https:\/\/aurora.edu.vn\/en\/offices\/academic-administration\/\",\"name\":\"Office of Academic Administration - Cao \u0111\u1eb3ng B\u00ecnh Minh S\u00e0i G\u00f2n\",\"isPartOf\":{\"@id\":\"https:\/\/aurora.edu.vn\/#website\"},\"datePublished\":\"2018-02-26T03:16:26+00:00\",\"dateModified\":\"2020-06-09T04:52:48+00:00\",\"breadcrumb\":{\"@id\":\"https:\/\/aurora.edu.vn\/en\/offices\/academic-administration\/#breadcrumb\"},\"inLanguage\":\"en-US\",\"potentialAction\":[{\"@type\":\"ReadAction\",\"target\":[\"https:\/\/aurora.edu.vn\/en\/offices\/academic-administration\/\"]}]},{\"@type\":\"BreadcrumbList\",\"@id\":\"https:\/\/aurora.edu.vn\/en\/offices\/academic-administration\/#breadcrumb\",\"itemListElement\":[{\"@type\":\"ListItem\",\"position\":1,\"name\":\"Home\",\"item\":\"https:\/\/aurora.edu.vn\/\"},{\"@type\":\"ListItem\",\"position\":2,\"name\":\"OFFICES, CENTERS\",\"item\":\"https:\/\/aurora.edu.vn\/en\/offices\/\"},{\"@type\":\"ListItem\",\"position\":3,\"name\":\"Office of Academic Administration\"}]},{\"@type\":\"WebSite\",\"@id\":\"https:\/\/aurora.edu.vn\/#website\",\"url\":\"https:\/\/aurora.edu.vn\/\",\"name\":\"Cao \u0111\u1eb3ng B\u00ecnh Minh S\u00e0i G\u00f2n\",\"description\":\"H\u1ec7 th\u1ed1ng Gi\u00e1o d\u1ee5c H\u00f9ng H\u1eadu\",\"publisher\":{\"@id\":\"https:\/\/aurora.edu.vn\/#organization\"},\"potentialAction\":[{\"@type\":\"SearchAction\",\"target\":{\"@type\":\"EntryPoint\",\"urlTemplate\":\"https:\/\/aurora.edu.vn\/?s={search_term_string}\"},\"query-input\":{\"@type\":\"PropertyValueSpecification\",\"valueRequired\":true,\"valueName\":\"search_term_string\"}}],\"inLanguage\":\"en-US\"},{\"@type\":\"Organization\",\"@id\":\"https:\/\/aurora.edu.vn\/#organization\",\"name\":\"Tr\u01b0\u1eddng Cao \u0111\u1eb3ng B\u00ecnh Minh S\u00e0i G\u00f2n\",\"url\":\"https:\/\/aurora.edu.vn\/\",\"logo\":{\"@type\":\"ImageObject\",\"inLanguage\":\"en-US\",\"@id\":\"https:\/\/aurora.edu.vn\/#\/schema\/logo\/image\/\",\"url\":\"https:\/\/aurora.edu.vn\/wp-content\/uploads\/2018\/02\/Aurora-logo.png\",\"contentUrl\":\"https:\/\/aurora.edu.vn\/wp-content\/uploads\/2018\/02\/Aurora-logo.png\",\"width\":450,\"height\":338,\"caption\":\"Tr\u01b0\u1eddng Cao \u0111\u1eb3ng B\u00ecnh Minh S\u00e0i G\u00f2n\"},\"image\":{\"@id\":\"https:\/\/aurora.edu.vn\/#\/schema\/logo\/image\/\"},\"sameAs\":[\"https:\/\/www.facebook.com\/aurora.edu.vn\"]}]}<\/script>\n<!-- \/ Yoast SEO plugin. -->","yoast_head_json":{"title":"Office of Academic Administration - Cao \u0111\u1eb3ng B\u00ecnh Minh S\u00e0i G\u00f2n","robots":{"index":"index","follow":"follow","max-snippet":"max-snippet:-1","max-image-preview":"max-image-preview:large","max-video-preview":"max-video-preview:-1"},"canonical":"https:\/\/aurora.edu.vn\/en\/offices\/academic-administration\/","og_locale":"en_US","og_type":"article","og_title":"Office of Academic Administration - Cao \u0111\u1eb3ng B\u00ecnh Minh S\u00e0i G\u00f2n","og_description":"Office of Academic Administration is the functional unit of the Aurora Saigon College, operating under the mission and strategy of the board. The office assists the board of director managing all related training activities in the College. Contact phone: (+84 028) 358888 31 &#8211; 32","og_url":"https:\/\/aurora.edu.vn\/en\/offices\/academic-administration\/","og_site_name":"Cao \u0111\u1eb3ng B\u00ecnh Minh S\u00e0i G\u00f2n","article_publisher":"https:\/\/www.facebook.com\/aurora.edu.vn","article_modified_time":"2020-06-09T04:52:48+00:00","twitter_card":"summary_large_image","schema":{"@context":"https:\/\/schema.org","@graph":[{"@type":"WebPage","@id":"https:\/\/aurora.edu.vn\/en\/offices\/academic-administration\/","url":"https:\/\/aurora.edu.vn\/en\/offices\/academic-administration\/","name":"Office of Academic Administration - Cao \u0111\u1eb3ng B\u00ecnh Minh S\u00e0i G\u00f2n","isPartOf":{"@id":"https:\/\/aurora.edu.vn\/#website"},"datePublished":"2018-02-26T03:16:26+00:00","dateModified":"2020-06-09T04:52:48+00:00","breadcrumb":{"@id":"https:\/\/aurora.edu.vn\/en\/offices\/academic-administration\/#breadcrumb"},"inLanguage":"en-US","potentialAction":[{"@type":"ReadAction","target":["https:\/\/aurora.edu.vn\/en\/offices\/academic-administration\/"]}]},{"@type":"BreadcrumbList","@id":"https:\/\/aurora.edu.vn\/en\/offices\/academic-administration\/#breadcrumb","itemListElement":[{"@type":"ListItem","position":1,"name":"Home","item":"https:\/\/aurora.edu.vn\/"},{"@type":"ListItem","position":2,"name":"OFFICES, CENTERS","item":"https:\/\/aurora.edu.vn\/en\/offices\/"},{"@type":"ListItem","position":3,"name":"Office of Academic Administration"}]},{"@type":"WebSite","@id":"https:\/\/aurora.edu.vn\/#website","url":"https:\/\/aurora.edu.vn\/","name":"Cao \u0111\u1eb3ng B\u00ecnh Minh S\u00e0i G\u00f2n","description":"H\u1ec7 th\u1ed1ng Gi\u00e1o d\u1ee5c H\u00f9ng H\u1eadu","publisher":{"@id":"https:\/\/aurora.edu.vn\/#organization"},"potentialAction":[{"@type":"SearchAction","target":{"@type":"EntryPoint","urlTemplate":"https:\/\/aurora.edu.vn\/?s={search_term_string}"},"query-input":{"@type":"PropertyValueSpecification","valueRequired":true,"valueName":"search_term_string"}}],"inLanguage":"en-US"},{"@type":"Organization","@id":"https:\/\/aurora.edu.vn\/#organization","name":"Tr\u01b0\u1eddng Cao \u0111\u1eb3ng B\u00ecnh Minh S\u00e0i G\u00f2n","url":"https:\/\/aurora.edu.vn\/","logo":{"@type":"ImageObject","inLanguage":"en-US","@id":"https:\/\/aurora.edu.vn\/#\/schema\/logo\/image\/","url":"https:\/\/aurora.edu.vn\/wp-content\/uploads\/2018\/02\/Aurora-logo.png","contentUrl":"https:\/\/aurora.edu.vn\/wp-content\/uploads\/2018\/02\/Aurora-logo.png","width":450,"height":338,"caption":"Tr\u01b0\u1eddng Cao \u0111\u1eb3ng B\u00ecnh Minh S\u00e0i G\u00f2n"},"image":{"@id":"https:\/\/aurora.edu.vn\/#\/schema\/logo\/image\/"},"sameAs":["https:\/\/www.facebook.com\/aurora.edu.vn"]}]}},"_links":{"self":[{"href":"https:\/\/aurora.edu.vn\/en\/wp-json\/wp\/v2\/pages\/8474","targetHints":{"allow":["GET"]}}],"collection":[{"href":"https:\/\/aurora.edu.vn\/en\/wp-json\/wp\/v2\/pages"}],"about":[{"href":"https:\/\/aurora.edu.vn\/en\/wp-json\/wp\/v2\/types\/page"}],"author":[{"embeddable":true,"href":"https:\/\/aurora.edu.vn\/en\/wp-json\/wp\/v2\/users\/1"}],"replies":[{"embeddable":true,"href":"https:\/\/aurora.edu.vn\/en\/wp-json\/wp\/v2\/comments?post=8474"}],"version-history":[{"count":4,"href":"https:\/\/aurora.edu.vn\/en\/wp-json\/wp\/v2\/pages\/8474\/revisions"}],"predecessor-version":[{"id":10832,"href":"https:\/\/aurora.edu.vn\/en\/wp-json\/wp\/v2\/pages\/8474\/revisions\/10832"}],"up":[{"embeddable":true,"href":"https:\/\/aurora.edu.vn\/en\/wp-json\/wp\/v2\/pages\/8472"}],"wp:attachment":[{"href":"https:\/\/aurora.edu.vn\/en\/wp-json\/wp\/v2\/media?parent=8474"}],"curies":[{"name":"wp","href":"https:\/\/api.w.org\/{rel}","templated":true}]}}