{"id":8486,"date":"2018-02-25T20:15:52","date_gmt":"2018-02-26T03:15:52","guid":{"rendered":"http:\/\/vx.edu.vn\/the-board-room\/tai-chinh-ke-toan\/"},"modified":"2020-06-08T22:15:34","modified_gmt":"2020-06-09T05:15:34","slug":"financial-accounting","status":"publish","type":"page","link":"https:\/\/aurora.edu.vn\/en\/offices\/financial-accounting\/","title":{"rendered":"Office of Planning and Finance"},"content":{"rendered":"<p><span class=\"TextRun SCXW262257184\" lang=\"EN\" xml:lang=\"EN\"><span class=\"NormalTextRun SCXW262257184\">Office of Planning and Finance is <span class=\"TextRun SCXW253702736\" lang=\"EN\" xml:lang=\"EN\"><span class=\"NormalTextRun SCXW253702736\">functional unit of the Aurora Saigon College<\/span><\/span><span class=\"TextRun SCXW253702736\" lang=\"EN\" xml:lang=\"EN\"><span class=\"NormalTextRun SCXW253702736\">, operating under the mission and strategy of the board.<\/span><\/span><span class=\"TextRun SCXW253702736\" lang=\"EN\" xml:lang=\"EN\"><span class=\"NormalTextRun SCXW253702736\">The office <\/span><\/span><span class=\"TextRun SCXW253702736\" lang=\"EN\" xml:lang=\"EN\"><span class=\"NormalTextRun SCXW253702736\">assists the board of director managing all activities related planning and finance in the College.<\/span><\/span><\/span><\/span><\/p>\n<p>P<span class=\"TextRun SCXW5723249\" lang=\"EN\" xml:lang=\"EN\"><span class=\"NormalTextRun SCXW5723249\">hone number<\/span><\/span>: (028) 39871288<\/p>\n","protected":false},"excerpt":{"rendered":"<p>Office of Planning and Finance is functional unit of the Aurora Saigon College, operating under the mission and strategy of the board.The office assists the board of director managing all activities related planning and finance in the College. Phone number: (028) 39871288<\/p>\n","protected":false},"author":1,"featured_media":0,"parent":8472,"menu_order":0,"comment_status":"closed","ping_status":"closed","template":"","meta":{"footnotes":""},"class_list":["post-8486","page","type-page","status-publish","hentry"],"yoast_head":"<!-- This site is optimized with the Yoast SEO plugin v27.2 - https:\/\/yoast.com\/product\/yoast-seo-wordpress\/ -->\n<title>Office of Planning and Finance - Cao \u0111\u1eb3ng B\u00ecnh Minh S\u00e0i G\u00f2n<\/title>\n<meta name=\"robots\" content=\"index, follow, max-snippet:-1, max-image-preview:large, max-video-preview:-1\" \/>\n<link rel=\"canonical\" href=\"https:\/\/aurora.edu.vn\/en\/offices\/financial-accounting\/\" \/>\n<meta property=\"og:locale\" content=\"en_US\" \/>\n<meta property=\"og:type\" content=\"article\" \/>\n<meta property=\"og:title\" content=\"Office of Planning and Finance - Cao \u0111\u1eb3ng B\u00ecnh Minh S\u00e0i G\u00f2n\" \/>\n<meta property=\"og:description\" content=\"Office of Planning and Finance is functional unit of the Aurora Saigon College, operating under the mission and strategy of the board.The office assists the board of director managing all activities related planning and finance in the College. Phone number: (028) 39871288\" \/>\n<meta property=\"og:url\" content=\"https:\/\/aurora.edu.vn\/en\/offices\/financial-accounting\/\" \/>\n<meta property=\"og:site_name\" content=\"Cao \u0111\u1eb3ng B\u00ecnh Minh S\u00e0i G\u00f2n\" \/>\n<meta property=\"article:publisher\" content=\"https:\/\/www.facebook.com\/aurora.edu.vn\" \/>\n<meta property=\"article:modified_time\" content=\"2020-06-09T05:15:34+00:00\" \/>\n<meta name=\"twitter:card\" content=\"summary_large_image\" \/>\n<script type=\"application\/ld+json\" class=\"yoast-schema-graph\">{\"@context\":\"https:\/\/schema.org\",\"@graph\":[{\"@type\":\"WebPage\",\"@id\":\"https:\/\/aurora.edu.vn\/en\/offices\/financial-accounting\/\",\"url\":\"https:\/\/aurora.edu.vn\/en\/offices\/financial-accounting\/\",\"name\":\"Office of Planning and Finance - Cao \u0111\u1eb3ng B\u00ecnh Minh S\u00e0i G\u00f2n\",\"isPartOf\":{\"@id\":\"https:\/\/aurora.edu.vn\/#website\"},\"datePublished\":\"2018-02-26T03:15:52+00:00\",\"dateModified\":\"2020-06-09T05:15:34+00:00\",\"breadcrumb\":{\"@id\":\"https:\/\/aurora.edu.vn\/en\/offices\/financial-accounting\/#breadcrumb\"},\"inLanguage\":\"en-US\",\"potentialAction\":[{\"@type\":\"ReadAction\",\"target\":[\"https:\/\/aurora.edu.vn\/en\/offices\/financial-accounting\/\"]}]},{\"@type\":\"BreadcrumbList\",\"@id\":\"https:\/\/aurora.edu.vn\/en\/offices\/financial-accounting\/#breadcrumb\",\"itemListElement\":[{\"@type\":\"ListItem\",\"position\":1,\"name\":\"Home\",\"item\":\"https:\/\/aurora.edu.vn\/\"},{\"@type\":\"ListItem\",\"position\":2,\"name\":\"OFFICES, CENTERS\",\"item\":\"https:\/\/aurora.edu.vn\/en\/offices\/\"},{\"@type\":\"ListItem\",\"position\":3,\"name\":\"Office of Planning and Finance\"}]},{\"@type\":\"WebSite\",\"@id\":\"https:\/\/aurora.edu.vn\/#website\",\"url\":\"https:\/\/aurora.edu.vn\/\",\"name\":\"Cao \u0111\u1eb3ng B\u00ecnh Minh S\u00e0i G\u00f2n\",\"description\":\"H\u1ec7 th\u1ed1ng Gi\u00e1o d\u1ee5c H\u00f9ng H\u1eadu\",\"publisher\":{\"@id\":\"https:\/\/aurora.edu.vn\/#organization\"},\"potentialAction\":[{\"@type\":\"SearchAction\",\"target\":{\"@type\":\"EntryPoint\",\"urlTemplate\":\"https:\/\/aurora.edu.vn\/?s={search_term_string}\"},\"query-input\":{\"@type\":\"PropertyValueSpecification\",\"valueRequired\":true,\"valueName\":\"search_term_string\"}}],\"inLanguage\":\"en-US\"},{\"@type\":\"Organization\",\"@id\":\"https:\/\/aurora.edu.vn\/#organization\",\"name\":\"Tr\u01b0\u1eddng Cao \u0111\u1eb3ng B\u00ecnh Minh S\u00e0i G\u00f2n\",\"url\":\"https:\/\/aurora.edu.vn\/\",\"logo\":{\"@type\":\"ImageObject\",\"inLanguage\":\"en-US\",\"@id\":\"https:\/\/aurora.edu.vn\/#\/schema\/logo\/image\/\",\"url\":\"https:\/\/aurora.edu.vn\/wp-content\/uploads\/2018\/02\/Aurora-logo.png\",\"contentUrl\":\"https:\/\/aurora.edu.vn\/wp-content\/uploads\/2018\/02\/Aurora-logo.png\",\"width\":450,\"height\":338,\"caption\":\"Tr\u01b0\u1eddng Cao \u0111\u1eb3ng B\u00ecnh Minh S\u00e0i G\u00f2n\"},\"image\":{\"@id\":\"https:\/\/aurora.edu.vn\/#\/schema\/logo\/image\/\"},\"sameAs\":[\"https:\/\/www.facebook.com\/aurora.edu.vn\"]}]}<\/script>\n<!-- \/ Yoast SEO plugin. -->","yoast_head_json":{"title":"Office of Planning and Finance - Cao \u0111\u1eb3ng B\u00ecnh Minh S\u00e0i G\u00f2n","robots":{"index":"index","follow":"follow","max-snippet":"max-snippet:-1","max-image-preview":"max-image-preview:large","max-video-preview":"max-video-preview:-1"},"canonical":"https:\/\/aurora.edu.vn\/en\/offices\/financial-accounting\/","og_locale":"en_US","og_type":"article","og_title":"Office of Planning and Finance - Cao \u0111\u1eb3ng B\u00ecnh Minh S\u00e0i G\u00f2n","og_description":"Office of Planning and Finance is functional unit of the Aurora Saigon College, operating under the mission and strategy of the board.The office assists the board of director managing all activities related planning and finance in the College. Phone number: (028) 39871288","og_url":"https:\/\/aurora.edu.vn\/en\/offices\/financial-accounting\/","og_site_name":"Cao \u0111\u1eb3ng B\u00ecnh Minh S\u00e0i G\u00f2n","article_publisher":"https:\/\/www.facebook.com\/aurora.edu.vn","article_modified_time":"2020-06-09T05:15:34+00:00","twitter_card":"summary_large_image","schema":{"@context":"https:\/\/schema.org","@graph":[{"@type":"WebPage","@id":"https:\/\/aurora.edu.vn\/en\/offices\/financial-accounting\/","url":"https:\/\/aurora.edu.vn\/en\/offices\/financial-accounting\/","name":"Office of Planning and Finance - Cao \u0111\u1eb3ng B\u00ecnh Minh S\u00e0i G\u00f2n","isPartOf":{"@id":"https:\/\/aurora.edu.vn\/#website"},"datePublished":"2018-02-26T03:15:52+00:00","dateModified":"2020-06-09T05:15:34+00:00","breadcrumb":{"@id":"https:\/\/aurora.edu.vn\/en\/offices\/financial-accounting\/#breadcrumb"},"inLanguage":"en-US","potentialAction":[{"@type":"ReadAction","target":["https:\/\/aurora.edu.vn\/en\/offices\/financial-accounting\/"]}]},{"@type":"BreadcrumbList","@id":"https:\/\/aurora.edu.vn\/en\/offices\/financial-accounting\/#breadcrumb","itemListElement":[{"@type":"ListItem","position":1,"name":"Home","item":"https:\/\/aurora.edu.vn\/"},{"@type":"ListItem","position":2,"name":"OFFICES, CENTERS","item":"https:\/\/aurora.edu.vn\/en\/offices\/"},{"@type":"ListItem","position":3,"name":"Office of Planning and Finance"}]},{"@type":"WebSite","@id":"https:\/\/aurora.edu.vn\/#website","url":"https:\/\/aurora.edu.vn\/","name":"Cao \u0111\u1eb3ng B\u00ecnh Minh S\u00e0i G\u00f2n","description":"H\u1ec7 th\u1ed1ng Gi\u00e1o d\u1ee5c H\u00f9ng H\u1eadu","publisher":{"@id":"https:\/\/aurora.edu.vn\/#organization"},"potentialAction":[{"@type":"SearchAction","target":{"@type":"EntryPoint","urlTemplate":"https:\/\/aurora.edu.vn\/?s={search_term_string}"},"query-input":{"@type":"PropertyValueSpecification","valueRequired":true,"valueName":"search_term_string"}}],"inLanguage":"en-US"},{"@type":"Organization","@id":"https:\/\/aurora.edu.vn\/#organization","name":"Tr\u01b0\u1eddng Cao \u0111\u1eb3ng B\u00ecnh Minh S\u00e0i G\u00f2n","url":"https:\/\/aurora.edu.vn\/","logo":{"@type":"ImageObject","inLanguage":"en-US","@id":"https:\/\/aurora.edu.vn\/#\/schema\/logo\/image\/","url":"https:\/\/aurora.edu.vn\/wp-content\/uploads\/2018\/02\/Aurora-logo.png","contentUrl":"https:\/\/aurora.edu.vn\/wp-content\/uploads\/2018\/02\/Aurora-logo.png","width":450,"height":338,"caption":"Tr\u01b0\u1eddng Cao \u0111\u1eb3ng B\u00ecnh Minh S\u00e0i G\u00f2n"},"image":{"@id":"https:\/\/aurora.edu.vn\/#\/schema\/logo\/image\/"},"sameAs":["https:\/\/www.facebook.com\/aurora.edu.vn"]}]}},"_links":{"self":[{"href":"https:\/\/aurora.edu.vn\/en\/wp-json\/wp\/v2\/pages\/8486","targetHints":{"allow":["GET"]}}],"collection":[{"href":"https:\/\/aurora.edu.vn\/en\/wp-json\/wp\/v2\/pages"}],"about":[{"href":"https:\/\/aurora.edu.vn\/en\/wp-json\/wp\/v2\/types\/page"}],"author":[{"embeddable":true,"href":"https:\/\/aurora.edu.vn\/en\/wp-json\/wp\/v2\/users\/1"}],"replies":[{"embeddable":true,"href":"https:\/\/aurora.edu.vn\/en\/wp-json\/wp\/v2\/comments?post=8486"}],"version-history":[{"count":5,"href":"https:\/\/aurora.edu.vn\/en\/wp-json\/wp\/v2\/pages\/8486\/revisions"}],"predecessor-version":[{"id":10847,"href":"https:\/\/aurora.edu.vn\/en\/wp-json\/wp\/v2\/pages\/8486\/revisions\/10847"}],"up":[{"embeddable":true,"href":"https:\/\/aurora.edu.vn\/en\/wp-json\/wp\/v2\/pages\/8472"}],"wp:attachment":[{"href":"https:\/\/aurora.edu.vn\/en\/wp-json\/wp\/v2\/media?parent=8486"}],"curies":[{"name":"wp","href":"https:\/\/api.w.org\/{rel}","templated":true}]}}